{"id":324,"date":"2025-06-05T13:24:24","date_gmt":"2025-06-05T13:24:24","guid":{"rendered":"https:\/\/country-concept.lu\/about-us\/"},"modified":"2025-07-30T08:34:27","modified_gmt":"2025-07-30T08:34:27","slug":"ueber-uns","status":"publish","type":"page","link":"https:\/\/country-concept.lu\/de\/ueber-uns\/","title":{"rendered":"\u00dcber uns"},"content":{"rendered":"<div class=\"wpb-content-wrapper\"><p>[vc_section css=&#8220;.vc_custom_1749124652724{margin-top: 0px !important;margin-bottom: 0px !important;border-top-width: 0px !important;border-bottom-width: 0px !important;padding-top: 0px !important;padding-bottom: 0px !important;}&#8220;][vc_row equal_height=&#8220;yes&#8220; content_placement=&#8220;middle&#8220; css=&#8220;.vc_custom_1753186728324{margin-top: 0px !important;margin-bottom: 0px !important;border-top-width: 0px !important;border-bottom-width: 0px !important;padding-top: 0px !important;padding-right: 0px !important;padding-bottom: 0px !important;padding-left: 0px !important;}&#8220;][vc_column width=&#8220;5\/12&#8243; css=&#8220;.vc_custom_1749124702626{margin-top: 0px !important;margin-bottom: 0px !important;border-top-width: 0px !important;border-bottom-width: 0px !important;padding-top: 0px !important;padding-bottom: 0px !important;}&#8220;][vc_column_text css=&#8220;.vc_custom_1750935464964{margin-bottom: 35px !important;margin-left: -25px !important;padding-top: 15px !important;padding-left: 50px !important;background-color: #575756 !important;}&#8220;]<\/p>\n<h1 style=\"text-align: left;\">\u00dcBER UNS<\/h1>\n<p>[\/vc_column_text][vc_column_text css=&#8220;.vc_custom_1750935477798{margin-bottom: 0px !important;padding-top: 50px !important;padding-bottom: 50px !important;padding-left: 25px !important;}&#8220;]<\/p>\n<h3>Wer wir sind<\/h3>\n<p>[\/vc_column_text][vc_column_text css=&#8220;.vc_custom_1753186746577{margin-bottom: 15px !important;padding-left: 25px !important;}&#8220;]Country.Concept begann als kleines inhabergef\u00fchrtes Unternehmen mit einem Lager in einer Scheune. Heute sind wir ein mehrk\u00f6pfiges Team aus Designer:innen, Florist:innen und Organisationstalenten.<\/p>\n<p>&nbsp;<\/p>\n<h4>Was uns ausmacht:<\/h4>\n<ul>\n<li>Leidenschaft f\u00fcr kreative Dekoration<\/li>\n<li>Erfahrung mit Events jeder Gr\u00f6\u00dfe &amp; Stilrichtung<\/li>\n<li>Pers\u00f6nliche Betreuung &amp; verbindliche Abwicklung<\/li>\n<\/ul>\n<p>&nbsp;<\/p>\n<h4><\/h4>\n<div id=\"gtx-trans\" style=\"position: absolute; left: -11px; top: 282.844px;\">\n<div class=\"gtx-trans-icon\"><\/div>\n<\/div>\n<p>[\/vc_column_text][vc_column_text css=&#8220;.vc_custom_1753187013570{margin-bottom: 35px !important;}&#8220; el_class=&#8220;spec-heading&#8220;]<\/p>\n<h3 style=\"text-align: center;\"><strong>Inspiration. <\/strong><strong>In every detail.<\/strong><\/h3>\n<p>[\/vc_column_text][vc_column_text css=&#8220;.vc_custom_1753187027492{margin-bottom: 35px !important;}&#8220;]<\/p>\n<h3><strong>Die Rent.Group &#8211; ein starker Partner an unserer Seite:<\/strong><\/h3>\n<p>Seit 2024 geh\u00f6ren wir zur Familie der Rent.Group mit B\u00fcro und Floristikatelier bei Party Rent Luxembourg in Echternach. Umgeben von Vasen, Kerzenst\u00e4ndern, Trockenblumen, M\u00f6beln, Kissen &amp; Co., gestalten wir stimmige Konzepte \u2013 und zwar mit einem Anspruch: pers\u00f6nlich, durchdacht und mit einem klaren Blick f\u00fcrs Detail.<\/p>\n<p>Wir sitzen nicht nur im selben Geb\u00e4ude \u2013 wir arbeiten t\u00e4glich Seite an Seite. Die Wege sind kurz, die Abstimmung direkt. Von der Idee bis zur Umsetzung ist es oft nur ein Gespr\u00e4ch \u2013 und genau das macht unsere Arbeit so besonders.<\/p>\n<p>Durch unsere enge Zusammenarbeit mit der Rent.Group profitieren Sie von einem gro\u00dfen Lagerbestand, effizienter Logistik und nahtlosen Abl\u00e4ufen.<\/p>\n<p>&nbsp;<\/p>\n<h3><strong>Unsere Anf\u00e4nge &#8211; Von der Scheune ins Gro\u00dflager<\/strong><\/h3>\n<p>2015 gr\u00fcndete Julie Meyer den ersten Shop f\u00fcr Online-Deko in Luxembourg, der zun\u00e4chst als &#8222;Country-Boutique&#8220; startete. Nach einer erfolgreichen Anfangsphase wurde auf dem familieneigenen Hof ein provisorisches Lager in der Scheune eingerichtet, in dem Dekorationsartikel f\u00fcr Events und Hochzeiten Ihren Platz fanden.<\/p>\n<p>In 2020 wuchs die Country-Boutique zu Country Concept und orientierte sich immer mehr auf Event Decor und Business Styling. Die Scheune wurde schnell zu klein, sodass das Team alle Dekoartikel und Produkte in ein Gro\u00dflager in Echternach umzog.<\/p>\n<p>Seit 2024 ist Country.Concept im neuen Look als Partner der Rent.Group im Einsatz und sorgt sowohl in der Region als auch europaweit f\u00fcr ein besonderes Ambiente. Ein Ziel verfolgen wir bei unserer Arbeit seit damals: Menschen mit unserer Dekoration zu inspirieren.[\/vc_column_text][vc_single_image image=&#8220;294&#8243; img_size=&#8220;full&#8220; onclick=&#8220;custom_link&#8220; img_link_target=&#8220;_blank&#8220; css=&#8220;.vc_custom_1753864220618{margin-bottom: 0px !important;}&#8220; link=&#8220;https:\/\/www.party.rent\/lu-de&#8220;][\/vc_column][vc_column width=&#8220;7\/12&#8243; css=&#8220;.vc_custom_1749124697483{margin-top: 0px !important;margin-bottom: 0px !important;border-top-width: 0px !important;border-bottom-width: 0px !important;padding-top: 0px !important;padding-bottom: 0px !important;}&#8220;][vc_single_image image=&#8220;599&#8243; img_size=&#8220;full&#8220; css=&#8220;.vc_custom_1753186722220{margin-bottom: 0px !important;}&#8220;][\/vc_column][\/vc_row][\/vc_section][vc_section full_width=&#8220;stretch_row&#8220; min_height=&#8220;1700&#8243; css=&#8220;.vc_custom_1753864466000{margin-top: 0px !important;margin-right: 0px !important;margin-bottom: 0px !important;margin-left: 0px !important;border-top-width: 0px !important;border-right-width: 0px !important;border-bottom-width: 0px !important;border-left-width: 0px !important;padding-top: 0px !important;padding-right: 0px !important;padding-bottom: 0px !important;padding-left: 0px !important;background-image: url(https:\/\/country-concept.lu\/wp-content\/uploads\/2025\/07\/Mask-Group-56.jpg?id=596) !important;background-position: center !important;background-repeat: no-repeat !important;background-size: cover !important;}&#8220;][\/vc_section]<\/p>\n<\/div>","protected":false},"excerpt":{"rendered":"<p>[vc_section css=&#8220;.vc_custom_1749124652724{margin-top: 0px !important;margin-bottom: 0px !important;border-top-width: 0px !important;border-bottom-width: 0px !important;padding-top: 0px !important;padding-bottom: 0px !important;}&#8220;][vc_row equal_height=&#8220;yes&#8220; content_placement=&#8220;middle&#8220; css=&#8220;.vc_custom_1753186728324{margin-top: 0px !important;margin-bottom: 0px !important;border-top-width: 0px !important;border-bottom-width: 0px !important;padding-top: 0px<span class=\"excerpt-hellip\"> [\u2026]<\/span><\/p>\n","protected":false},"author":1,"featured_media":-1,"parent":0,"menu_order":0,"comment_status":"closed","ping_status":"closed","template":"","meta":{"footnotes":""},"class_list":["post-324","page","type-page","status-publish","has-post-thumbnail","hentry"],"_links":{"self":[{"href":"https:\/\/country-concept.lu\/de\/wp-json\/wp\/v2\/pages\/324","targetHints":{"allow":["GET"]}}],"collection":[{"href":"https:\/\/country-concept.lu\/de\/wp-json\/wp\/v2\/pages"}],"about":[{"href":"https:\/\/country-concept.lu\/de\/wp-json\/wp\/v2\/types\/page"}],"author":[{"embeddable":true,"href":"https:\/\/country-concept.lu\/de\/wp-json\/wp\/v2\/users\/1"}],"replies":[{"embeddable":true,"href":"https:\/\/country-concept.lu\/de\/wp-json\/wp\/v2\/comments?post=324"}],"version-history":[{"count":16,"href":"https:\/\/country-concept.lu\/de\/wp-json\/wp\/v2\/pages\/324\/revisions"}],"predecessor-version":[{"id":680,"href":"https:\/\/country-concept.lu\/de\/wp-json\/wp\/v2\/pages\/324\/revisions\/680"}],"wp:featuredmedia":[{"embeddable":true,"href":"https:\/\/country-concept.lu\/de\/wp-json\/"}],"wp:attachment":[{"href":"https:\/\/country-concept.lu\/de\/wp-json\/wp\/v2\/media?parent=324"}],"curies":[{"name":"wp","href":"https:\/\/api.w.org\/{rel}","templated":true}]}}