{"id":341,"date":"2025-06-05T13:06:36","date_gmt":"2025-06-05T13:06:36","guid":{"rendered":"https:\/\/country-concept.lu\/services\/"},"modified":"2025-07-30T08:13:15","modified_gmt":"2025-07-30T08:13:15","slug":"services","status":"publish","type":"page","link":"https:\/\/country-concept.lu\/de\/services\/","title":{"rendered":"Services"},"content":{"rendered":"<div class=\"wpb-content-wrapper\"><p>[vc_section css=&#8220;.vc_custom_1749124652724{margin-top: 0px !important;margin-bottom: 0px !important;border-top-width: 0px !important;border-bottom-width: 0px !important;padding-top: 0px !important;padding-bottom: 0px !important;}&#8220;][vc_row equal_height=&#8220;yes&#8220; content_placement=&#8220;top&#8220; css=&#8220;.vc_custom_1753184481973{margin-top: 0px !important;margin-bottom: 0px !important;border-top-width: 0px !important;border-bottom-width: 0px !important;padding-top: 0px !important;padding-right: 0px !important;padding-bottom: 0px !important;padding-left: 0px !important;}&#8220;][vc_column width=&#8220;5\/12&#8243; css=&#8220;.vc_custom_1749124702626{margin-top: 0px !important;margin-bottom: 0px !important;border-top-width: 0px !important;border-bottom-width: 0px !important;padding-top: 0px !important;padding-bottom: 0px !important;}&#8220;][vc_column_text css=&#8220;.vc_custom_1753184466440{margin-bottom: 35px !important;margin-left: -25px !important;padding-top: 15px !important;padding-left: 50px !important;background-color: #575756 !important;}&#8220; el_class=&#8220;height-500 text-to-bottom&#8220;]<\/p>\n<h1 style=\"text-align: left;\">BERATUNG<\/h1>\n<div id=\"gtx-trans\" style=\"position: absolute; left: 161px; top: -4.84375px;\">\n<div class=\"gtx-trans-icon\"><\/div>\n<\/div>\n<p>[\/vc_column_text][vc_column_text css=&#8220;.vc_custom_1749129037847{margin-bottom: 0px !important;padding-top: 50px !important;padding-bottom: 50px !important;padding-left: 25px !important;}&#8220;]<\/p>\n<h3>Individuelle Bedarfsanalyse | Pers\u00f6nliche Betreuung | Transparente Planung<\/h3>\n<div id=\"gtx-trans\" style=\"position: absolute; left: 162px; top: 116px;\">\n<div class=\"gtx-trans-icon\"><\/div>\n<\/div>\n<p>[\/vc_column_text][vc_column_text css=&#8220;.vc_custom_1750915205062{margin-bottom: 15px !important;padding-left: 25px !important;}&#8220;]Jede gelungene Dekoration beginnt mit einem guten Gespr\u00e4ch. In einem pers\u00f6nlichen Beratungstermin nehmen wir uns Zeit, Ihre W\u00fcnsche, den Charakter des Events und die Rahmenbedingungen kennenzulernen. Gemeinsam kl\u00e4ren wir, was Sie brauchen \u2013 und was nicht. So schaffen wir die Basis f\u00fcr ein Dekorationskonzept, das passt: zu Ihnen, zum Anlass und zum Ort. Offen, ehrlich und mit einem klaren Blick f\u00fcr \u00c4sthetik und Machbarkeit.[\/vc_column_text][\/vc_column][vc_column width=&#8220;7\/12&#8243; css=&#8220;.vc_custom_1749124697483{margin-top: 0px !important;margin-bottom: 0px !important;border-top-width: 0px !important;border-bottom-width: 0px !important;padding-top: 0px !important;padding-bottom: 0px !important;}&#8220;][vc_column_text css=&#8220;.vc_custom_1753184211339{padding-top: 75px !important;padding-bottom: 75px !important;}&#8220;]Ob f\u00fcr romantische Hochzeiten, stilvolle Business-Events oder pers\u00f6nliche Feiern im kleinen Kreis: Unsere Dekorationskonzepte bringen Stil, Emotion und Struktur in jedes Eventformat. Mit unserem modularen Leistungsangebot k\u00f6nnen Sie selbst entscheiden, wie viel Unterst\u00fctzung Sie ben\u00f6tigen.[\/vc_column_text][vc_single_image image=&#8220;650&#8243; img_size=&#8220;full&#8220; css=&#8220;.vc_custom_1753863147593{margin-bottom: 0px !important;}&#8220;][\/vc_column][\/vc_row][\/vc_section][vc_section css=&#8220;.vc_custom_1749124652724{margin-top: 0px !important;margin-bottom: 0px !important;border-top-width: 0px !important;border-bottom-width: 0px !important;padding-top: 0px !important;padding-bottom: 0px !important;}&#8220;][vc_row equal_height=&#8220;yes&#8220; content_placement=&#8220;middle&#8220; css=&#8220;.vc_custom_1749124691607{margin-top: 0px !important;margin-bottom: 0px !important;border-top-width: 0px !important;border-bottom-width: 0px !important;padding-top: 0px !important;padding-right: 0px !important;padding-bottom: 0px !important;padding-left: 0px !important;}&#8220;][vc_column width=&#8220;7\/12&#8243; css=&#8220;.vc_custom_1749124697483{margin-top: 0px !important;margin-bottom: 0px !important;border-top-width: 0px !important;border-bottom-width: 0px !important;padding-top: 0px !important;padding-bottom: 0px !important;}&#8220;][vc_single_image image=&#8220;638&#8243; img_size=&#8220;full&#8220; css=&#8220;.vc_custom_1753863160014{margin-bottom: 0px !important;}&#8220;][\/vc_column][vc_column width=&#8220;5\/12&#8243; css=&#8220;.vc_custom_1749124702626{margin-top: 0px !important;margin-bottom: 0px !important;border-top-width: 0px !important;border-bottom-width: 0px !important;padding-top: 0px !important;padding-bottom: 0px !important;}&#8220;][vc_column_text css=&#8220;.vc_custom_1749129888441{margin-right: -25px !important;margin-bottom: 35px !important;padding-top: 15px !important;padding-left: 25px !important;background-color: #575756 !important;}&#8220;]<\/p>\n<h2 style=\"text-align: left;\">KONZEPTION<\/h2>\n<div id=\"gtx-trans\" style=\"position: absolute; left: 79px; top: 91.1562px;\">\n<div class=\"gtx-trans-icon\"><\/div>\n<\/div>\n<p>[\/vc_column_text][vc_column_text css=&#8220;.vc_custom_1749129062892{margin-bottom: 0px !important;padding-top: 50px !important;padding-bottom: 50px !important;padding-left: 25px !important;}&#8220;]<\/p>\n<h3>Visualisierung von Dekorationsideen | Farb- und Materialauswahl | Klassische bis moderne Stile<\/h3>\n<p>[\/vc_column_text][vc_column_text css=&#8220;.vc_custom_1750915218617{margin-bottom: 15px !important;padding-left: 25px !important;}&#8220;]Ob klassisch-elegant, romantisch-verspielt oder minimalistisch-modern \u2013 wir entwickeln ein Konzept, das zu Ihrer Vision und zur Atmosph\u00e4re des Events passt. Mit Gef\u00fchl f\u00fcr Farben, Materialien und Raumwirkung erarbeiten wir stimmige Gestaltungen, die begeistern. Auf Wunsch visualisieren wir Ihre Dekoration vorab mit Moodboards \u2013 damit Sie ein klares Bild davon haben, wie Ihr Event aussehen kann.[\/vc_column_text][\/vc_column][\/vc_row][\/vc_section][vc_section css=&#8220;.vc_custom_1749124652724{margin-top: 0px !important;margin-bottom: 0px !important;border-top-width: 0px !important;border-bottom-width: 0px !important;padding-top: 0px !important;padding-bottom: 0px !important;}&#8220;][vc_row equal_height=&#8220;yes&#8220; content_placement=&#8220;middle&#8220; css=&#8220;.vc_custom_1749124691607{margin-top: 0px !important;margin-bottom: 0px !important;border-top-width: 0px !important;border-bottom-width: 0px !important;padding-top: 0px !important;padding-right: 0px !important;padding-bottom: 0px !important;padding-left: 0px !important;}&#8220;][vc_column width=&#8220;5\/12&#8243; css=&#8220;.vc_custom_1749124702626{margin-top: 0px !important;margin-bottom: 0px !important;border-top-width: 0px !important;border-bottom-width: 0px !important;padding-top: 0px !important;padding-bottom: 0px !important;}&#8220;][vc_column_text css=&#8220;.vc_custom_1749129895879{margin-bottom: 35px !important;margin-left: -25px !important;padding-top: 15px !important;padding-left: 50px !important;background-color: #575756 !important;}&#8220;]<\/p>\n<h2 style=\"text-align: left;\">DEKOVERLEIH<\/h2>\n<div id=\"gtx-trans\" style=\"position: absolute; left: 133px; top: -4.84375px;\">\n<div class=\"gtx-trans-icon\"><\/div>\n<\/div>\n<p>[\/vc_column_text][vc_column_text css=&#8220;.vc_custom_1749129212760{margin-bottom: 0px !important;padding-top: 50px !important;padding-bottom: 50px !important;padding-left: 25px !important;}&#8220;]<\/p>\n<h3>Hochwertige Produkte | Innovative Designs | Flexible Mietdauer | Lieferung oder Selbstabholung<\/h3>\n<p>[\/vc_column_text][vc_column_text css=&#8220;.vc_custom_1750915225864{margin-bottom: 15px !important;padding-left: 25px !important;}&#8220;]Unser Sortiment umfasst stilvolle Mietobjekte f\u00fcr jeden Anlass: von Vasen, \u00dcbert\u00f6pfen und Kerzenhaltern bis zu Textilien, Eyecatchern und Schildern. Alle Artikel sind hochwertig, besonders und geschmackvoll ausgew\u00e4hlt. Sie k\u00f6nnen flexibel kombiniert, selbst abgeholt oder durch unser Team geliefert und aufgebaut werden. So erhalten Sie genau das Ma\u00df an Unterst\u00fctzung, das Sie w\u00fcnschen \u2013 und ein Eventdesign mit professionellem Look.[\/vc_column_text][\/vc_column][vc_column width=&#8220;7\/12&#8243; css=&#8220;.vc_custom_1749124697483{margin-top: 0px !important;margin-bottom: 0px !important;border-top-width: 0px !important;border-bottom-width: 0px !important;padding-top: 0px !important;padding-bottom: 0px !important;}&#8220;][vc_single_image image=&#8220;641&#8243; img_size=&#8220;full&#8220; css=&#8220;.vc_custom_1753863170836{margin-bottom: 0px !important;}&#8220;][\/vc_column][\/vc_row][\/vc_section][vc_section css=&#8220;.vc_custom_1749124652724{margin-top: 0px !important;margin-bottom: 0px !important;border-top-width: 0px !important;border-bottom-width: 0px !important;padding-top: 0px !important;padding-bottom: 0px !important;}&#8220;][vc_row equal_height=&#8220;yes&#8220; content_placement=&#8220;middle&#8220; css=&#8220;.vc_custom_1749124691607{margin-top: 0px !important;margin-bottom: 0px !important;border-top-width: 0px !important;border-bottom-width: 0px !important;padding-top: 0px !important;padding-right: 0px !important;padding-bottom: 0px !important;padding-left: 0px !important;}&#8220;][vc_column width=&#8220;7\/12&#8243; css=&#8220;.vc_custom_1749124697483{margin-top: 0px !important;margin-bottom: 0px !important;border-top-width: 0px !important;border-bottom-width: 0px !important;padding-top: 0px !important;padding-bottom: 0px !important;}&#8220;][vc_single_image image=&#8220;644&#8243; img_size=&#8220;full&#8220; css=&#8220;.vc_custom_1753863183393{margin-bottom: 0px !important;}&#8220;][\/vc_column][vc_column width=&#8220;5\/12&#8243; css=&#8220;.vc_custom_1749124702626{margin-top: 0px !important;margin-bottom: 0px !important;border-top-width: 0px !important;border-bottom-width: 0px !important;padding-top: 0px !important;padding-bottom: 0px !important;}&#8220;][vc_column_text css=&#8220;.vc_custom_1749129901761{margin-right: -25px !important;margin-bottom: 35px !important;padding-top: 15px !important;padding-left: 25px !important;background-color: #575756 !important;}&#8220;]<\/p>\n<h2 style=\"text-align: left;\">PAPETERIE<\/h2>\n<div id=\"gtx-trans\" style=\"position: absolute; left: 80px; top: -4.84375px;\">\n<div class=\"gtx-trans-icon\"><\/div>\n<\/div>\n<p>[\/vc_column_text][vc_column_text css=&#8220;.vc_custom_1749129261399{margin-bottom: 0px !important;padding-top: 50px !important;padding-bottom: 50px !important;padding-left: 25px !important;}&#8220;]<\/p>\n<h3>Design von Men\u00fckarten | Erstellung von Schildern und Sitzpl\u00e4nen | Stilvolle Personalisierung<\/h3>\n<p>[\/vc_column_text][vc_column_text css=&#8220;.vc_custom_1750915234455{margin-bottom: 15px !important;padding-left: 25px !important;}&#8220;]Details machen den Unterschied. Unsere Papeterie erg\u00e4nzt Ihre Dekoration mit liebevoll gestalteten Men\u00fckarten, Sitzpl\u00e4nen, Willkommensschildern und weiteren Printprodukten. Alle Designs stimmen wir auf Ihre Farben, Materialien und das Gesamtbild ab \u2013 f\u00fcr einen rundum harmonischen Look. Auch individuelle Logos, Illustrationen oder Icons integrieren wir auf Wunsch gern, um Ihre Feier noch pers\u00f6nlicher zu gestalten.[\/vc_column_text][\/vc_column][\/vc_row][\/vc_section][vc_section css=&#8220;.vc_custom_1749124652724{margin-top: 0px !important;margin-bottom: 0px !important;border-top-width: 0px !important;border-bottom-width: 0px !important;padding-top: 0px !important;padding-bottom: 0px !important;}&#8220;][vc_row equal_height=&#8220;yes&#8220; content_placement=&#8220;middle&#8220; css=&#8220;.vc_custom_1749124691607{margin-top: 0px !important;margin-bottom: 0px !important;border-top-width: 0px !important;border-bottom-width: 0px !important;padding-top: 0px !important;padding-right: 0px !important;padding-bottom: 0px !important;padding-left: 0px !important;}&#8220;][vc_column width=&#8220;5\/12&#8243; css=&#8220;.vc_custom_1749124702626{margin-top: 0px !important;margin-bottom: 0px !important;border-top-width: 0px !important;border-bottom-width: 0px !important;padding-top: 0px !important;padding-bottom: 0px !important;}&#8220;][vc_column_text css=&#8220;.vc_custom_1749129907636{margin-bottom: 35px !important;margin-left: -25px !important;padding-top: 15px !important;padding-left: 50px !important;background-color: #575756 !important;}&#8220;]<\/p>\n<h2 style=\"text-align: left;\">INSZENIERUNG<\/h2>\n<div id=\"gtx-trans\" style=\"position: absolute; left: 122px; top: -4.84375px;\">\n<div class=\"gtx-trans-icon\"><\/div>\n<\/div>\n<p>[\/vc_column_text][vc_column_text css=&#8220;.vc_custom_1749129314577{margin-bottom: 0px !important;padding-top: 50px !important;padding-bottom: 50px !important;padding-left: 25px !important;}&#8220;]<\/p>\n<h3>Umsetzung des Konzepts vor Ort | Kreativer Einsatz der ausgew\u00e4hlten Produkte &amp; floralen Arrangements<\/h3>\n<p>[\/vc_column_text][vc_column_text css=&#8220;.vc_custom_1750915245562{margin-bottom: 15px !important;padding-left: 25px !important;}&#8220;]Am Eventtag bringen wir alle Elemente zusammen: Mit geschultem Blick f\u00fcrs Detail und einem eingespielten Team sorgen wir vor Ort f\u00fcr eine reibungslose Umsetzung. Vom Aufbau der Dekoration bis zum finalen Feinschliff \u2013 wir setzen das Konzept mit Sorgfalt und Leidenschaft um. So k\u00f6nnen Sie sich entspannen und den Moment genie\u00dfen, w\u00e4hrend wir Ihre Vision zum Leben erwecken.[\/vc_column_text][\/vc_column][vc_column width=&#8220;7\/12&#8243; css=&#8220;.vc_custom_1749124697483{margin-top: 0px !important;margin-bottom: 0px !important;border-top-width: 0px !important;border-bottom-width: 0px !important;padding-top: 0px !important;padding-bottom: 0px !important;}&#8220;][vc_single_image image=&#8220;647&#8243; img_size=&#8220;full&#8220; css=&#8220;.vc_custom_1753863193687{margin-bottom: 0px !important;}&#8220;][\/vc_column][\/vc_row][\/vc_section]<\/p>\n<\/div>","protected":false},"excerpt":{"rendered":"<p>[vc_section css=&#8220;.vc_custom_1749124652724{margin-top: 0px !important;margin-bottom: 0px !important;border-top-width: 0px !important;border-bottom-width: 0px !important;padding-top: 0px !important;padding-bottom: 0px !important;}&#8220;][vc_row equal_height=&#8220;yes&#8220; content_placement=&#8220;top&#8220; css=&#8220;.vc_custom_1753184481973{margin-top: 0px !important;margin-bottom: 0px !important;border-top-width: 0px !important;border-bottom-width: 0px !important;padding-top: 0px<span class=\"excerpt-hellip\"> [\u2026]<\/span><\/p>\n","protected":false},"author":1,"featured_media":-1,"parent":0,"menu_order":0,"comment_status":"closed","ping_status":"closed","template":"","meta":{"footnotes":""},"class_list":["post-341","page","type-page","status-publish","has-post-thumbnail","hentry"],"_links":{"self":[{"href":"https:\/\/country-concept.lu\/de\/wp-json\/wp\/v2\/pages\/341","targetHints":{"allow":["GET"]}}],"collection":[{"href":"https:\/\/country-concept.lu\/de\/wp-json\/wp\/v2\/pages"}],"about":[{"href":"https:\/\/country-concept.lu\/de\/wp-json\/wp\/v2\/types\/page"}],"author":[{"embeddable":true,"href":"https:\/\/country-concept.lu\/de\/wp-json\/wp\/v2\/users\/1"}],"replies":[{"embeddable":true,"href":"https:\/\/country-concept.lu\/de\/wp-json\/wp\/v2\/comments?post=341"}],"version-history":[{"count":7,"href":"https:\/\/country-concept.lu\/de\/wp-json\/wp\/v2\/pages\/341\/revisions"}],"predecessor-version":[{"id":655,"href":"https:\/\/country-concept.lu\/de\/wp-json\/wp\/v2\/pages\/341\/revisions\/655"}],"wp:featuredmedia":[{"embeddable":true,"href":"https:\/\/country-concept.lu\/de\/wp-json\/"}],"wp:attachment":[{"href":"https:\/\/country-concept.lu\/de\/wp-json\/wp\/v2\/media?parent=341"}],"curies":[{"name":"wp","href":"https:\/\/api.w.org\/{rel}","templated":true}]}}