{"id":346,"date":"2025-06-05T13:17:57","date_gmt":"2025-06-05T13:17:57","guid":{"rendered":"https:\/\/country-concept.lu\/corporate-events\/"},"modified":"2025-07-22T12:02:27","modified_gmt":"2025-07-22T12:02:27","slug":"betriebsfeiern","status":"publish","type":"page","link":"https:\/\/country-concept.lu\/de\/betriebsfeiern\/","title":{"rendered":"Betriebsfeiern"},"content":{"rendered":"<div class=\"wpb-content-wrapper\"><p>[vc_section css=&#8220;.vc_custom_1749124652724{margin-top: 0px !important;margin-bottom: 0px !important;border-top-width: 0px !important;border-bottom-width: 0px !important;padding-top: 0px !important;padding-bottom: 0px !important;}&#8220;][vc_row equal_height=&#8220;yes&#8220; content_placement=&#8220;middle&#8220; css=&#8220;.vc_custom_1753185480912{margin-top: 0px !important;margin-bottom: 0px !important;border-top-width: 0px !important;border-bottom-width: 0px !important;padding-top: 0px !important;padding-right: 0px !important;padding-bottom: 0px !important;padding-left: 0px !important;}&#8220;][vc_column width=&#8220;5\/12&#8243; css=&#8220;.vc_custom_1749124702626{margin-top: 0px !important;margin-bottom: 0px !important;border-top-width: 0px !important;border-bottom-width: 0px !important;padding-top: 0px !important;padding-bottom: 0px !important;}&#8220;][vc_column_text css=&#8220;.vc_custom_1750943204299{margin-bottom: 35px !important;margin-left: -25px !important;padding-top: 15px !important;padding-left: 50px !important;background-color: #575756 !important;}&#8220;]<\/p>\n<h1 style=\"text-align: left;\">BETRIEBSFEIERN<\/h1>\n<div id=\"gtx-trans\" style=\"position: absolute; left: 197px; top: -4.84375px;\">\n<div class=\"gtx-trans-icon\"><\/div>\n<\/div>\n<p>[\/vc_column_text][vc_column_text css=&#8220;.vc_custom_1750934720759{margin-bottom: 0px !important;padding-top: 50px !important;padding-bottom: 50px !important;padding-left: 25px !important;}&#8220;]<\/p>\n<h3>Designl\u00f6sungen f\u00fcr Veranstaltungen &amp; Gesch\u00e4ftsr\u00e4ume<\/h3>\n<p>[\/vc_column_text][vc_column_text css=&#8220;.vc_custom_1750935180674{margin-bottom: 15px !important;padding-left: 25px !important;}&#8220;]Ob gro\u00dfe Firmenveranstaltung, Messeauftritt oder langfristige Raumgestaltung \u2013 wir unterst\u00fctzen Unternehmen dabei, durch stilvolle Dekoration die eigene Markenidentit\u00e4t erlebbar zu machen. Mit durchdachten Konzepten, einem Auge f\u00fcr Details und einem erfahrenen Team verwandeln wir Events und R\u00e4ume in stimmige Markenwelten.<\/p>\n<p>&nbsp;<\/p>\n<h4><strong>EVENTDEKORATION \u2013 kurzfristige Dekoration<\/strong><\/h4>\n<p>Starke Auftritte mit Stil und Konzept<\/p>\n<p>Von der Konferenz bis zum Kundenevent \u2013 die Gestaltung Ihrer Veranstaltung ist mehr als nur Dekoration. Sie ist Teil Ihrer Markenbotschaft. Wir entwickeln individuelle Designkonzepte, die Atmosph\u00e4re schaffen, Botschaften unterstreichen und Ihre Zielgruppe gezielt ansprechen.<\/p>\n<p>&nbsp;<\/p>\n<h4><strong>Unser Angebot:<\/strong><\/h4>\n<ul>\n<li>Dekoration von Eventlocations, B\u00fchnen &amp; Messest\u00e4nden<\/li>\n<li>Florale Arrangements f\u00fcr Tische, Lounges &amp; Empfangsbereiche<\/li>\n<li>Vermietung von M\u00f6beln und Raumdekoration<\/li>\n<li>Entwicklung individueller Gestaltungskonzepte<\/li>\n<li>Lieferung, Aufbau &amp; Abbau durch unser Team<\/li>\n<\/ul>\n<div id=\"gtx-trans\" style=\"position: absolute; left: -13px; top: 618.844px;\">\n<div class=\"gtx-trans-icon\"><\/div>\n<\/div>\n<p>[\/vc_column_text][vc_column_text css=&#8220;.vc_custom_1753185523403{margin-bottom: 35px !important;}&#8220;]Ob modern, klassisch oder kreativ \u2013 wir schaffen R\u00e4ume, die Eindruck hinterlassen und Ihre Veranstaltung auf ein neues Level heben.[\/vc_column_text][vc_column_text css=&#8220;&#8220;]<\/p>\n<p style=\"text-align: center;\"><a class=\"custom-btn-white\" href=\"https:\/\/country-concept.lu\/de\/kontakt\/\">Jetzt unverbindlich beraten lassen<\/a><\/p>\n<p>[\/vc_column_text][\/vc_column][vc_column width=&#8220;7\/12&#8243; css=&#8220;.vc_custom_1749124697483{margin-top: 0px !important;margin-bottom: 0px !important;border-top-width: 0px !important;border-bottom-width: 0px !important;padding-top: 0px !important;padding-bottom: 0px !important;}&#8220;][vc_single_image image=&#8220;573&#8243; img_size=&#8220;full&#8220; css=&#8220;.vc_custom_1753185453937{margin-bottom: 0px !important;}&#8220;][\/vc_column][\/vc_row][\/vc_section][vc_section full_width=&#8220;stretch_row&#8220; min_height=&#8220;1440&#8243; css=&#8220;.vc_custom_1753185744596{margin-top: 0px !important;margin-right: 0px !important;margin-bottom: 0px !important;margin-left: 0px !important;border-top-width: 0px !important;border-right-width: 0px !important;border-bottom-width: 0px !important;border-left-width: 0px !important;padding-top: 0px !important;padding-right: 0px !important;padding-bottom: 0px !important;padding-left: 0px !important;background-image: url(https:\/\/country-concept.lu\/wp-content\/uploads\/2025\/07\/Country-Concept-Partyrent-Event-Decor-Rental-62.jpg?id=576) !important;background-position: center !important;background-repeat: no-repeat !important;background-size: cover !important;}&#8220;][\/vc_section]<\/p>\n<\/div>","protected":false},"excerpt":{"rendered":"<p>[vc_section css=&#8220;.vc_custom_1749124652724{margin-top: 0px !important;margin-bottom: 0px !important;border-top-width: 0px !important;border-bottom-width: 0px !important;padding-top: 0px !important;padding-bottom: 0px !important;}&#8220;][vc_row equal_height=&#8220;yes&#8220; content_placement=&#8220;middle&#8220; css=&#8220;.vc_custom_1753185480912{margin-top: 0px !important;margin-bottom: 0px !important;border-top-width: 0px !important;border-bottom-width: 0px !important;padding-top: 0px<span class=\"excerpt-hellip\"> [\u2026]<\/span><\/p>\n","protected":false},"author":1,"featured_media":0,"parent":0,"menu_order":0,"comment_status":"closed","ping_status":"closed","template":"","meta":{"footnotes":""},"class_list":["post-346","page","type-page","status-publish","hentry"],"_links":{"self":[{"href":"https:\/\/country-concept.lu\/de\/wp-json\/wp\/v2\/pages\/346","targetHints":{"allow":["GET"]}}],"collection":[{"href":"https:\/\/country-concept.lu\/de\/wp-json\/wp\/v2\/pages"}],"about":[{"href":"https:\/\/country-concept.lu\/de\/wp-json\/wp\/v2\/types\/page"}],"author":[{"embeddable":true,"href":"https:\/\/country-concept.lu\/de\/wp-json\/wp\/v2\/users\/1"}],"replies":[{"embeddable":true,"href":"https:\/\/country-concept.lu\/de\/wp-json\/wp\/v2\/comments?post=346"}],"version-history":[{"count":11,"href":"https:\/\/country-concept.lu\/de\/wp-json\/wp\/v2\/pages\/346\/revisions"}],"predecessor-version":[{"id":586,"href":"https:\/\/country-concept.lu\/de\/wp-json\/wp\/v2\/pages\/346\/revisions\/586"}],"wp:attachment":[{"href":"https:\/\/country-concept.lu\/de\/wp-json\/wp\/v2\/media?parent=346"}],"curies":[{"name":"wp","href":"https:\/\/api.w.org\/{rel}","templated":true}]}}