{"id":355,"date":"2025-06-26T10:49:24","date_gmt":"2025-06-26T10:49:24","guid":{"rendered":"https:\/\/country-concept.lu\/business-styling\/"},"modified":"2025-07-22T12:04:02","modified_gmt":"2025-07-22T12:04:02","slug":"business-styling","status":"publish","type":"page","link":"https:\/\/country-concept.lu\/de\/business-styling\/","title":{"rendered":"Business-Styling"},"content":{"rendered":"<div class=\"wpb-content-wrapper\"><p>[vc_section css=&#8220;.vc_custom_1749124652724{margin-top: 0px !important;margin-bottom: 0px !important;border-top-width: 0px !important;border-bottom-width: 0px !important;padding-top: 0px !important;padding-bottom: 0px !important;}&#8220;][vc_row equal_height=&#8220;yes&#8220; content_placement=&#8220;middle&#8220; css=&#8220;.vc_custom_1753185828560{margin-top: 0px !important;margin-bottom: 0px !important;border-top-width: 0px !important;border-bottom-width: 0px !important;padding-top: 0px !important;padding-right: 0px !important;padding-bottom: 0px !important;padding-left: 0px !important;}&#8220;][vc_column width=&#8220;5\/12&#8243; css=&#8220;.vc_custom_1749124702626{margin-top: 0px !important;margin-bottom: 0px !important;border-top-width: 0px !important;border-bottom-width: 0px !important;padding-top: 0px !important;padding-bottom: 0px !important;}&#8220;][vc_column_text css=&#8220;.vc_custom_1750942024561{margin-bottom: 35px !important;margin-left: -25px !important;padding-top: 15px !important;padding-left: 50px !important;background-color: #575756 !important;}&#8220;]<\/p>\n<h1 style=\"text-align: left;\">BUSINESS-STYLING<\/h1>\n<div id=\"gtx-trans\" style=\"position: absolute; left: 298px; top: -4.84375px;\">\n<div class=\"gtx-trans-icon\"><\/div>\n<\/div>\n<p>[\/vc_column_text][vc_column_text css=&#8220;.vc_custom_1750934941527{margin-bottom: 0px !important;padding-top: 50px !important;padding-bottom: 50px !important;padding-left: 25px !important;}&#8220;]<\/p>\n<h3>l\u00e4ngerfristige oder saisonale Dekoration<\/h3>\n<p>[\/vc_column_text][vc_column_text css=&#8220;.vc_custom_1750935248833{margin-bottom: 15px !important;padding-left: 25px !important;}&#8220;]Nicht nur Events \u2013 auch Ihre Gesch\u00e4ftsr\u00e4ume verdienen Aufmerksamkeit. Mit unserem Business Styling gestalten wir Innenbereiche wie B\u00fcros, Empfangszonen oder Shops ganzheitlich und markengerecht. Dauerhaft oder saisonal, funktional oder emotional \u2013 wir bringen Stil in Ihre Alltagsr\u00e4ume.<\/p>\n<p>&nbsp;<\/p>\n<h4>Unser Angebot:<\/h4>\n<ul>\n<li>Einrichtungsberatung f\u00fcr B\u00fcros, Foyers &amp; Kundenbereiche<\/li>\n<li>Saisonale Dekoration f\u00fcr Restaurants, Hotels oder Schaufenster<\/li>\n<li>Gestaltung von Empfangs- &amp; Pr\u00e4sentationsfl\u00e4chen<\/li>\n<li>Regelm\u00e4\u00dfige Lieferung frischer Blumenarrangements<\/li>\n<li>Ma\u00dfgefertigte Backdrops &amp; Branding-Installationen<\/li>\n<li>Vermietung stilvoller Produkte &amp; Materialien<\/li>\n<li>Design &amp; Druck von Schildern, Men\u00fc- oder Namenskarten<\/li>\n<\/ul>\n<p>[\/vc_column_text][vc_column_text css=&#8220;.vc_custom_1753185787767{margin-bottom: 35px !important;}&#8220;]Mit einem Gesp\u00fcr f\u00fcr Raumwirkung, Markenidentit\u00e4t und aktuelle Designtrends verwandeln wir funktionale Fl\u00e4chen in inspirierende Erlebnisr\u00e4ume.[\/vc_column_text][vc_column_text css=&#8220;.vc_custom_1750935276843{margin-top: 15px !important;}&#8220;]<\/p>\n<p style=\"text-align: center;\"><a class=\"custom-btn-white\" href=\"https:\/\/country-concept.lu\/de\/kontakt\/\">Jetzt unverbindlich beraten lassen<\/a><\/p>\n<p>[\/vc_column_text][\/vc_column][vc_column width=&#8220;7\/12&#8243; css=&#8220;.vc_custom_1749124697483{margin-top: 0px !important;margin-bottom: 0px !important;border-top-width: 0px !important;border-bottom-width: 0px !important;padding-top: 0px !important;padding-bottom: 0px !important;}&#8220;][vc_single_image image=&#8220;587&#8243; img_size=&#8220;full&#8220; css=&#8220;.vc_custom_1753185824536{margin-bottom: 0px !important;}&#8220;][\/vc_column][\/vc_row][\/vc_section][vc_section full_width=&#8220;stretch_row&#8220; min_height=&#8220;1440&#8243; css=&#8220;.vc_custom_1753185840438{margin-top: 0px !important;margin-right: 0px !important;margin-bottom: 0px !important;margin-left: 0px !important;border-top-width: 0px !important;border-right-width: 0px !important;border-bottom-width: 0px !important;border-left-width: 0px !important;padding-top: 0px !important;padding-right: 0px !important;padding-bottom: 0px !important;padding-left: 0px !important;background-image: url(https:\/\/country-concept.lu\/wp-content\/uploads\/2025\/07\/Mask-Group-51.jpg?id=590) !important;background-position: center !important;background-repeat: no-repeat !important;background-size: cover !important;}&#8220;][\/vc_section]<\/p>\n<\/div>","protected":false},"excerpt":{"rendered":"<p>[vc_section css=&#8220;.vc_custom_1749124652724{margin-top: 0px !important;margin-bottom: 0px !important;border-top-width: 0px !important;border-bottom-width: 0px !important;padding-top: 0px !important;padding-bottom: 0px !important;}&#8220;][vc_row equal_height=&#8220;yes&#8220; content_placement=&#8220;middle&#8220; css=&#8220;.vc_custom_1753185828560{margin-top: 0px !important;margin-bottom: 0px !important;border-top-width: 0px !important;border-bottom-width: 0px !important;padding-top: 0px<span class=\"excerpt-hellip\"> [\u2026]<\/span><\/p>\n","protected":false},"author":1,"featured_media":0,"parent":0,"menu_order":0,"comment_status":"closed","ping_status":"closed","template":"","meta":{"footnotes":""},"class_list":["post-355","page","type-page","status-publish","hentry"],"_links":{"self":[{"href":"https:\/\/country-concept.lu\/de\/wp-json\/wp\/v2\/pages\/355","targetHints":{"allow":["GET"]}}],"collection":[{"href":"https:\/\/country-concept.lu\/de\/wp-json\/wp\/v2\/pages"}],"about":[{"href":"https:\/\/country-concept.lu\/de\/wp-json\/wp\/v2\/types\/page"}],"author":[{"embeddable":true,"href":"https:\/\/country-concept.lu\/de\/wp-json\/wp\/v2\/users\/1"}],"replies":[{"embeddable":true,"href":"https:\/\/country-concept.lu\/de\/wp-json\/wp\/v2\/comments?post=355"}],"version-history":[{"count":6,"href":"https:\/\/country-concept.lu\/de\/wp-json\/wp\/v2\/pages\/355\/revisions"}],"predecessor-version":[{"id":593,"href":"https:\/\/country-concept.lu\/de\/wp-json\/wp\/v2\/pages\/355\/revisions\/593"}],"wp:attachment":[{"href":"https:\/\/country-concept.lu\/de\/wp-json\/wp\/v2\/media?parent=355"}],"curies":[{"name":"wp","href":"https:\/\/api.w.org\/{rel}","templated":true}]}}