{"id":362,"date":"2025-06-05T13:19:36","date_gmt":"2025-06-05T13:19:36","guid":{"rendered":"https:\/\/country-concept.lu\/private-events\/"},"modified":"2025-07-22T11:27:01","modified_gmt":"2025-07-22T11:27:01","slug":"private-veranstaltungen","status":"publish","type":"page","link":"https:\/\/country-concept.lu\/de\/private-veranstaltungen\/","title":{"rendered":"Private Veranstaltungen"},"content":{"rendered":"<div class=\"wpb-content-wrapper\"><p>[vc_section css=&#8220;.vc_custom_1749124652724{margin-top: 0px !important;margin-bottom: 0px !important;border-top-width: 0px !important;border-bottom-width: 0px !important;padding-top: 0px !important;padding-bottom: 0px !important;}&#8220;][vc_row equal_height=&#8220;yes&#8220; content_placement=&#8220;middle&#8220; css=&#8220;.vc_custom_1753181811775{margin-top: 0px !important;margin-bottom: 0px !important;border-top-width: 0px !important;border-bottom-width: 0px !important;padding-top: 0px !important;padding-right: 0px !important;padding-bottom: 0px !important;padding-left: 0px !important;}&#8220;][vc_column width=&#8220;5\/12&#8243; css=&#8220;.vc_custom_1749124702626{margin-top: 0px !important;margin-bottom: 0px !important;border-top-width: 0px !important;border-bottom-width: 0px !important;padding-top: 0px !important;padding-bottom: 0px !important;}&#8220;][vc_column_text css=&#8220;.vc_custom_1750942362690{margin-bottom: 35px !important;margin-left: -25px !important;padding-top: 15px !important;padding-left: 50px !important;background-color: #575756 !important;}&#8220;]<\/p>\n<h1 style=\"text-align: left;\">PRIVATE VERANSTALTUNGEN<\/h1>\n<div id=\"gtx-trans\" style=\"position: absolute; left: 269px; top: -4.84375px;\">\n<div class=\"gtx-trans-icon\"><\/div>\n<\/div>\n<p>[\/vc_column_text][vc_column_text css=&#8220;.vc_custom_1750935328092{margin-bottom: 0px !important;padding-top: 50px !important;padding-bottom: 50px !important;padding-left: 25px !important;}&#8220;]<\/p>\n<h3>Individuelle Dekoration f\u00fcr besondere Momente<\/h3>\n<p>[\/vc_column_text][vc_column_text css=&#8220;.vc_custom_1750935360583{margin-bottom: 15px !important;padding-left: 25px !important;}&#8220;]Ob Geburtstage, Taufe oder Gartenfest: Wir geben privaten Anl\u00e4ssen einen festlichen Rahmen. Mit hochwertigen Mietartikeln und floraler Gestaltung schaffen wir eine Atmosph\u00e4re, die Ihre G\u00e4ste willkommen hei\u00dft.<\/p>\n<p>&nbsp;<\/p>\n<h4>Unsere Leistungen:<\/h4>\n<ul>\n<li>Kreative Tisch- &amp; Raumdekoration<\/li>\n<li>Saisonale Blumenkonzepte &amp; Highlights<\/li>\n<li>Verleih von Vasen, Kerzenhaltern, Schildern u.v.m.<\/li>\n<li>Aufbau &amp; Abbau vor Ort oder Lieferung zur Selbstdekoration<\/li>\n<\/ul>\n<p>&nbsp;<\/p>\n<p>Unser Ziel: Ihre Feier soll genau so aussehen, wie Sie es sich vorgestellt haben. Mit unserem Auge f\u00fcr Details und stilsicherem Design wird sie zum unvergesslichen Erlebnis.<\/p>\n<div id=\"gtx-trans\" style=\"position: absolute; left: 21px; top: 371.922px;\">\n<div class=\"gtx-trans-icon\"><\/div>\n<\/div>\n<p>[\/vc_column_text][vc_column_text css=&#8220;&#8220;]<\/p>\n<p style=\"text-align: center;\"><a class=\"custom-btn-white\" href=\"https:\/\/country-concept.lu\/de\/kontakt\/\">Jetzt unverbindlich beraten lassen<\/a><\/p>\n<p>[\/vc_column_text][\/vc_column][vc_column width=&#8220;7\/12&#8243; css=&#8220;.vc_custom_1749124697483{margin-top: 0px !important;margin-bottom: 0px !important;border-top-width: 0px !important;border-bottom-width: 0px !important;padding-top: 0px !important;padding-bottom: 0px !important;}&#8220;][vc_single_image image=&#8220;531&#8243; img_size=&#8220;full&#8220; css=&#8220;.vc_custom_1753183618978{margin-bottom: 0px !important;}&#8220;][\/vc_column][\/vc_row][\/vc_section][vc_section full_width=&#8220;stretch_row&#8220; min_height=&#8220;1440&#8243; css=&#8220;.vc_custom_1749129574063{margin-top: 0px !important;margin-right: 0px !important;margin-bottom: 0px !important;margin-left: 0px !important;border-top-width: 0px !important;border-right-width: 0px !important;border-bottom-width: 0px !important;border-left-width: 0px !important;padding-top: 0px !important;padding-right: 0px !important;padding-bottom: 0px !important;padding-left: 0px !important;background-image: url(https:\/\/country-concept.lu\/wp-content\/uploads\/2025\/06\/Dekoration-Country.Concept-Partyrent-Ambience-Event-Rental-10.jpg?id=98) !important;background-position: center !important;background-repeat: no-repeat !important;background-size: cover !important;}&#8220;][\/vc_section]<\/p>\n<\/div>","protected":false},"excerpt":{"rendered":"<p>[vc_section css=&#8220;.vc_custom_1749124652724{margin-top: 0px !important;margin-bottom: 0px !important;border-top-width: 0px !important;border-bottom-width: 0px !important;padding-top: 0px !important;padding-bottom: 0px !important;}&#8220;][vc_row equal_height=&#8220;yes&#8220; content_placement=&#8220;middle&#8220; css=&#8220;.vc_custom_1753181811775{margin-top: 0px !important;margin-bottom: 0px !important;border-top-width: 0px !important;border-bottom-width: 0px !important;padding-top: 0px<span class=\"excerpt-hellip\"> [\u2026]<\/span><\/p>\n","protected":false},"author":1,"featured_media":0,"parent":0,"menu_order":0,"comment_status":"closed","ping_status":"closed","template":"","meta":{"footnotes":""},"class_list":["post-362","page","type-page","status-publish","hentry"],"_links":{"self":[{"href":"https:\/\/country-concept.lu\/de\/wp-json\/wp\/v2\/pages\/362","targetHints":{"allow":["GET"]}}],"collection":[{"href":"https:\/\/country-concept.lu\/de\/wp-json\/wp\/v2\/pages"}],"about":[{"href":"https:\/\/country-concept.lu\/de\/wp-json\/wp\/v2\/types\/page"}],"author":[{"embeddable":true,"href":"https:\/\/country-concept.lu\/de\/wp-json\/wp\/v2\/users\/1"}],"replies":[{"embeddable":true,"href":"https:\/\/country-concept.lu\/de\/wp-json\/wp\/v2\/comments?post=362"}],"version-history":[{"count":6,"href":"https:\/\/country-concept.lu\/de\/wp-json\/wp\/v2\/pages\/362\/revisions"}],"predecessor-version":[{"id":534,"href":"https:\/\/country-concept.lu\/de\/wp-json\/wp\/v2\/pages\/362\/revisions\/534"}],"wp:attachment":[{"href":"https:\/\/country-concept.lu\/de\/wp-json\/wp\/v2\/media?parent=362"}],"curies":[{"name":"wp","href":"https:\/\/api.w.org\/{rel}","templated":true}]}}