{"id":398,"date":"2025-06-05T09:42:45","date_gmt":"2025-06-05T09:42:45","guid":{"rendered":"https:\/\/country-concept.lu\/home\/"},"modified":"2025-07-22T10:29:36","modified_gmt":"2025-07-22T10:29:36","slug":"home","status":"publish","type":"page","link":"https:\/\/country-concept.lu\/de\/","title":{"rendered":"Home"},"content":{"rendered":"<div class=\"wpb-content-wrapper\"><p>[vc_section full_width=&#8220;stretch_row_content&#8220;][vc_row full_width=&#8220;stretch_row_content_no_spaces&#8220;][vc_column]\n\t\t\t\t<p class=\"rs-p-wp-fix\"><\/p>\n\t\t\t\t<sr7-module data-alias=\"home-intro\" data-id=\"1\" id=\"SR7_1_1\" class=\"rs-ov-hidden\" data-version=\"6.7.33\">\n\t\t\t\t\t<sr7-adjuster><\/sr7-adjuster>\n\t\t\t\t\t<sr7-content>\n\t\t\t\t\t\t<sr7-slide id=\"SR7_1_1-1\" data-key=\"1\">\n\t\t\t\t\t\t\t<sr7-bg id=\"SR7_1_1-1-1\" class=\"sr7-layer\"><noscript><img decoding=\"async\" src=\"https:\/\/country-concept.lu\/wp-content\/uploads\/2025\/06\/001.jpg\" alt=\"\" title=\"001\"><\/noscript><\/sr7-bg>\n\t\t\t\t\t\t<\/sr7-slide>\n\t\t\t\t\t\t<sr7-slide id=\"SR7_1_1-3\" data-key=\"3\">\n\t\t\t\t\t\t\t<sr7-bg id=\"SR7_1_1-3-1\" class=\"sr7-layer\"><noscript><img decoding=\"async\" src=\"https:\/\/country-concept.lu\/wp-content\/uploads\/2025\/06\/002.jpg\" alt=\"\" title=\"002\"><\/noscript><\/sr7-bg>\n\t\t\t\t\t\t<\/sr7-slide>\n\t\t\t\t\t\t<sr7-slide id=\"SR7_1_1-4\" data-key=\"4\">\n\t\t\t\t\t\t\t<sr7-bg id=\"SR7_1_1-4-1\" class=\"sr7-layer\"><noscript><img decoding=\"async\" src=\"https:\/\/country-concept.lu\/wp-content\/uploads\/2025\/06\/003.jpg\" alt=\"\" title=\"003\"><\/noscript><\/sr7-bg>\n\t\t\t\t\t\t<\/sr7-slide>\n\t\t\t\t\t\t<sr7-slide id=\"SR7_1_1-5\" data-key=\"5\">\n\t\t\t\t\t\t\t<sr7-bg id=\"SR7_1_1-5-1\" class=\"sr7-layer\"><noscript><img decoding=\"async\" src=\"https:\/\/country-concept.lu\/wp-content\/uploads\/2025\/06\/004.jpg\" alt=\"\" title=\"004\"><\/noscript><\/sr7-bg>\n\t\t\t\t\t\t<\/sr7-slide>\n\t\t\t\t\t\t<sr7-slide id=\"SR7_1_1-2\" data-key=\"2\">\n\t\t\t\t\t\t<\/sr7-slide>\n\t\t\t\t\t<\/sr7-content>\n\t\t\t\t\t<image_lists style=\"display:none\">\n\t\t\t\t\t\t<img data-src=\"\/\/country-concept.lu\/wp-content\/uploads\/2025\/06\/001.jpg\" data-libid=\"19\" data-lib=\"medialibrary\" title=\"001\" width=\"0\" height=\"0\" data-dbsrc=\"Ly9jb3VudHJ5LWNvbmNlcHQubHUvd3AtY29udGVudC91cGxvYWRzLzIwMjUvMDYvMDAxLmpwZw==\"\/>\n\t\t\t\t\t\t<img data-src=\"\/\/country-concept.lu\/wp-content\/uploads\/2025\/06\/002.jpg\" data-libid=\"22\" data-lib=\"medialibrary\" title=\"002\" width=\"0\" height=\"0\" data-dbsrc=\"Ly9jb3VudHJ5LWNvbmNlcHQubHUvd3AtY29udGVudC91cGxvYWRzLzIwMjUvMDYvMDAyLmpwZw==\"\/>\n\t\t\t\t\t\t<img data-src=\"\/\/country-concept.lu\/wp-content\/uploads\/2025\/06\/003.jpg\" data-libid=\"25\" data-lib=\"medialibrary\" title=\"003\" width=\"0\" height=\"0\" data-dbsrc=\"Ly9jb3VudHJ5LWNvbmNlcHQubHUvd3AtY29udGVudC91cGxvYWRzLzIwMjUvMDYvMDAzLmpwZw==\"\/>\n\t\t\t\t\t\t<img data-src=\"\/\/country-concept.lu\/wp-content\/uploads\/2025\/06\/004.jpg\" data-libid=\"28\" data-lib=\"medialibrary\" title=\"004\" width=\"0\" height=\"0\" data-dbsrc=\"Ly9jb3VudHJ5LWNvbmNlcHQubHUvd3AtY29udGVudC91cGxvYWRzLzIwMjUvMDYvMDA0LmpwZw==\"\/>\n\t\t\t\t\t<\/image_lists>\n\t\t\t\t<\/sr7-module>\n\t\t\t\t<script>\n\t\t\t\t\tSR7.PMH ??={}; SR7.PMH[\"SR7_1_1\"] = {cn:100,state:false,fn: function() { if (_tpt!==undefined && _tpt.prepareModuleHeight !== undefined) {  _tpt.prepareModuleHeight({id:\"SR7_1_1\",el:[900,900,768,960,720],type:'standard',shdw:'0',gh:[900,900,743,565,349],gw:[1240,1240,1024,778,480],vpt:['-100px'],size:{fullWidth:true, fullHeight:false},mh:'0',onh:0,onw:0,bg:{color:'{\"orig\":\"transparent\",\"type\":\"solid\",\"string\":\"transparent\"}'}});   SR7.PMH[\"SR7_1_1\"].state=true;} else if(SR7.PMH[\"SR7_1_1\"].cn-->0)\tsetTimeout( SR7.PMH[\"SR7_1_1\"].fn,19);}};SR7.PMH[\"SR7_1_1\" ].fn();\n\t\t\t\t<\/script>\n[\/vc_column][\/vc_row][\/vc_section][vc_row][vc_column css=&#8220;.vc_custom_1753179733231{padding-top: 35px !important;padding-bottom: 25px !important;}&#8220;][vc_column_text css=&#8220;.vc_custom_1753180174003{margin-bottom: 0px !important;}&#8220;]<\/p>\n<h1 style=\"text-align: center; color: #707070;\">W\u00ebllkomm bei Country.Concept<\/h1>\n<p>[\/vc_column_text][\/vc_column][\/vc_row][vc_section css=&#8220;.vc_custom_1749124652724{margin-top: 0px !important;margin-bottom: 0px !important;border-top-width: 0px !important;border-bottom-width: 0px !important;padding-top: 0px !important;padding-bottom: 0px !important;}&#8220;][vc_row equal_height=&#8220;yes&#8220; content_placement=&#8220;middle&#8220; css=&#8220;.vc_custom_1749124691607{margin-top: 0px !important;margin-bottom: 0px !important;border-top-width: 0px !important;border-bottom-width: 0px !important;padding-top: 0px !important;padding-right: 0px !important;padding-bottom: 0px !important;padding-left: 0px !important;}&#8220;][vc_column width=&#8220;7\/12&#8243; css=&#8220;.vc_custom_1751286090036{margin-top: 0px !important;margin-right: 0px !important;margin-bottom: 0px !important;margin-left: -10px !important;border-top-width: 0px !important;border-right-width: 0px !important;border-bottom-width: 0px !important;border-left-width: 0px !important;padding-top: 0px !important;padding-right: 0px !important;padding-bottom: 0px !important;padding-left: 0px !important;background-color: #575756 !important;}&#8220; el_class=&#8220;home-gray-box-content&#8220;][vc_column_text css=&#8220;&#8220;]<\/p>\n<h2 style=\"text-align: center; color: white; line-height: 50px;\">Stilvolle Dekoration auf Zeit<\/h2>\n<p style=\"text-align: center; color: white;\">Ob Hochzeit, Firmenveranstaltung oder private Feier \u2013<br \/>\nwir entwickeln individuelle Dekorationskonzepte, die perfekt zu Ihnen,<br \/>\nIhrem Anlass und Ihrer Location passen. Mit floraler Gestaltung,<br \/>\nhochwertigen Mietobjekten und einem Gesp\u00fcr f\u00fcr Details verwandeln wir jeden Raum in eine stimmungsvolle Atmosph\u00e4re.<\/p>\n<p>[\/vc_column_text][vc_column_text css=&#8220;.vc_custom_1751280592781{margin-top: 25px !important;margin-right: 0px !important;margin-bottom: 0px !important;margin-left: 0px !important;padding-bottom: 25px !important;background-color: #575756 !important;}&#8220;]<\/p>\n<h3 style=\"text-align: center; color: white;\">Inspiration. In every detail.<br \/>\nBrosch\u00fcre hier herunterladen<\/h3>\n<p>&nbsp;<\/p>\n<p style=\"text-align: center; color: white;\"><a class=\"custom-btn\" href=\"\/wp-content\/uploads\/2025\/06\/Country.Concept-2025_5.pdf\" target=\"_blank\" rel=\"noopener\">DOWNLOAD<\/a><\/p>\n<p>[\/vc_column_text][\/vc_column][vc_column width=&#8220;5\/12&#8243; css=&#8220;.vc_custom_1749140612405{margin-top: 0px !important;margin-right: -10px !important;margin-bottom: 0px !important;margin-left: 0px !important;border-top-width: 0px !important;border-right-width: 0px !important;border-bottom-width: 0px !important;border-left-width: 0px !important;padding-top: 0px !important;padding-right: 0px !important;padding-bottom: 0px !important;padding-left: 0px !important;}&#8220;][vc_single_image image=&#8220;130&#8243; img_size=&#8220;full&#8220; alignment=&#8220;center&#8220; style=&#8220;vc_box_shadow_border&#8220; css=&#8220;.vc_custom_1749665378851{margin-bottom: 0px !important;padding-top: 25px !important;padding-bottom: 25px !important;}&#8220;][\/vc_column][\/vc_row][\/vc_section][vc_section css=&#8220;.vc_custom_1749705018018{margin-top: 0px !important;margin-right: -25px !important;margin-bottom: 0px !important;margin-left: -25px !important;border-top-width: 0px !important;border-right-width: 0px !important;border-bottom-width: 0px !important;border-left-width: 0px !important;padding-top: 0px !important;padding-right: 0px !important;padding-bottom: 0px !important;padding-left: 0px !important;background-image: url(https:\/\/country-concept.lu\/wp-content\/uploads\/2025\/06\/Mask-Group-33.jpg?id=139) !important;background-position: center !important;background-repeat: no-repeat !important;background-size: cover !important;}&#8220; min_height=&#8220;800&#8243;][\/vc_section][vc_section css=&#8220;.vc_custom_1749704489243{margin-top: 0px !important;margin-bottom: 0px !important;margin-left: 0px !important;border-top-width: 0px !important;border-bottom-width: 0px !important;border-left-width: 0px !important;padding-top: 0px !important;padding-bottom: 0px !important;padding-left: 0px !important;}&#8220;][vc_row equal_height=&#8220;yes&#8220; content_placement=&#8220;middle&#8220; css=&#8220;.vc_custom_1749704335112{margin-top: 0px !important;margin-bottom: 0px !important;margin-left: 0px !important;border-top-width: 0px !important;border-bottom-width: 0px !important;border-left-width: 0px !important;padding-top: 0px !important;padding-right: 0px !important;padding-bottom: 0px !important;padding-left: 0px !important;}&#8220;][vc_column width=&#8220;7\/12&#8243; css=&#8220;.vc_custom_1749704982833{margin-top: 0px !important;margin-bottom: 0px !important;margin-left: -25px !important;border-top-width: 0px !important;border-bottom-width: 0px !important;border-left-width: 0px !important;padding-top: 0px !important;padding-bottom: 0px !important;padding-left: 0px !important;}&#8220;][vc_single_image image=&#8220;143&#8243; img_size=&#8220;full&#8220; css=&#8220;.vc_custom_1749665551298{margin-bottom: 0px !important;}&#8220;][\/vc_column][vc_column width=&#8220;5\/12&#8243; css=&#8220;.vc_custom_1749124702626{margin-top: 0px !important;margin-bottom: 0px !important;border-top-width: 0px !important;border-bottom-width: 0px !important;padding-top: 0px !important;padding-bottom: 0px !important;}&#8220;][vc_column_text css=&#8220;.vc_custom_1751279804722{margin-right: -25px !important;margin-bottom: 35px !important;padding-top: 15px !important;padding-left: 25px !important;background-color: #575756 !important;}&#8220; el_class=&#8220;title-right-aligned&#8220;]<\/p>\n<h2 style=\"text-align: left;\">Social media<\/h2>\n<div id=\"gtx-trans\" style=\"position: absolute; left: 139px; top: -8.10938px;\">\n<div class=\"gtx-trans-icon\"><\/div>\n<\/div>\n<p>[\/vc_column_text][vc_row_inner][vc_column_inner css=&#8220;.vc_custom_1749666753359{padding-left: 50px !important;}&#8220;][vc_column_text css=&#8220;.vc_custom_1749666722726{margin-top: 25px !important;}&#8220; el_class=&#8220;icons-social&#8220;]<a href=\"https:\/\/www.instagram.com\/country.concept.lu\/\"><i class=\"icon-instagram\" style=\"color:#94aba3\" aria-hidden=\"true\"><\/i>country.concept.lu<\/a><br \/>\n<a href=\"https:\/\/www.facebook.com\/countryconceptlxg\/\"><i class=\"icon-facebook\" style=\"color:#94aba3\" aria-hidden=\"true\"><\/i>country.concept.lu<\/a><br \/>\n<a href=\"https:\/\/lu.linkedin.com\/company\/country-concept\"><i class=\"icon-linkedin\" style=\"color:#94aba3\" aria-hidden=\"true\"><\/i>country.concept.lu<\/a>[\/vc_column_text][\/vc_column_inner][\/vc_row_inner][\/vc_column][\/vc_row][\/vc_section][vc_section full_width=&#8220;stretch_row_content&#8220; content_placement=&#8220;middle&#8220; parallax=&#8220;content-moving&#8220; parallax_image=&#8220;165&#8243; parallax_speed_bg=&#8220;2&#8243; css=&#8220;.vc_custom_1749667012234{background-image: url(https:\/\/country-concept.lu\/wp-content\/uploads\/2025\/06\/Dekoration-Country.Concept-Partyrent-Ambience-Event-Rental-135.jpg?id=165) !important;background-position: center !important;background-repeat: no-repeat !important;background-size: contain !important;}&#8220; min_height=&#8220;800&#8243;][\/vc_section][vc_section css=&#8220;.vc_custom_1749704481486{margin-top: 0px !important;margin-bottom: 0px !important;border-top-width: 0px !important;border-bottom-width: 0px !important;padding-top: 0px !important;padding-bottom: 0px !important;}&#8220;][vc_row equal_height=&#8220;yes&#8220; content_placement=&#8220;middle&#8220; css=&#8220;.vc_custom_1749124691607{margin-top: 0px !important;margin-bottom: 0px !important;border-top-width: 0px !important;border-bottom-width: 0px !important;padding-top: 0px !important;padding-right: 0px !important;padding-bottom: 0px !important;padding-left: 0px !important;}&#8220;][vc_column width=&#8220;5\/12&#8243; css=&#8220;.vc_custom_1749124702626{margin-top: 0px !important;margin-bottom: 0px !important;border-top-width: 0px !important;border-bottom-width: 0px !important;padding-top: 0px !important;padding-bottom: 0px !important;}&#8220;][vc_single_image image=&#8220;180&#8243; img_size=&#8220;medium&#8220; alignment=&#8220;center&#8220; css=&#8220;.vc_custom_1750914814082{padding-bottom: 15px !important;}&#8220;][vc_column_text css=&#8220;.vc_custom_1751279818659{margin-bottom: 35px !important;margin-left: -25px !important;padding-top: 15px !important;padding-left: 50px !important;background-color: #575756 !important;}&#8220; el_class=&#8220;title-left-aligned&#8220;]<\/p>\n<h2 style=\"text-align: left;\">Classic Styles<\/h2>\n<div id=\"gtx-trans\" style=\"position: absolute; left: 135px; top: 91.1562px;\">\n<div class=\"gtx-trans-icon\"><\/div>\n<\/div>\n<p>[\/vc_column_text][vc_column_text css=&#8220;.vc_custom_1750914639509{margin-bottom: 15px !important;padding-left: 25px !important;}&#8220;]W\u00e4hlen Sie aus stilvoll kuratierten Dekopaketen f\u00fcr verschiedene Anl\u00e4sse \u2013 ob Firmenevent oder private Feier. Unsere sofort buchbaren Sets sind die perfekte L\u00f6sung f\u00fcr alle, die schnell und unkompliziert dekorieren m\u00f6chten, ohne auf Stil zu verzichten. Sie erhalten hochwertige Dekorationen, abgestimmt auf verschiedene Themenwelten und Stimmungen \u2013 inklusive Lieferung und optionalem Auf- und Abbau. Ideal, wenn es schnell gehen soll, aber dennoch elegant bleiben darf.[\/vc_column_text][vc_column_text css=&#8220;.vc_custom_1750914831821{margin-bottom: 0px !important;padding-top: 25px !important;padding-bottom: 50px !important;padding-left: 25px !important;}&#8220;]<\/p>\n<h3>Ihre Vorteile mit unseren Packages:<\/h3>\n<ul>\n<li>Sofort buchbar &amp; zeitsparend<\/li>\n<li>Flexibel kombinierbar &amp; individuell erweiterbar<\/li>\n<li>Auch als Selbstdekoration m\u00f6glich<\/li>\n<\/ul>\n<p>[\/vc_column_text][vc_column_text css=&#8220;&#8220;]<\/p>\n<p style=\"text-align: center;\"><a class=\"custom-btn-white\" href=\"https:\/\/country-concept.lu\/de\/kontakt\/\">Fragen Sie unverbindlich an<\/a><\/p>\n<p>[\/vc_column_text][\/vc_column][vc_column width=&#8220;7\/12&#8243; css=&#8220;.vc_custom_1749705077635{margin-top: 0px !important;margin-right: -25px !important;margin-bottom: 0px !important;border-top-width: 0px !important;border-bottom-width: 0px !important;padding-top: 0px !important;padding-bottom: 0px !important;}&#8220;][vc_single_image image=&#8220;174&#8243; img_size=&#8220;full&#8220; alignment=&#8220;right&#8220; css=&#8220;.vc_custom_1749704454080{margin-bottom: 0px !important;}&#8220;][\/vc_column][\/vc_row][\/vc_section][vc_section full_width=&#8220;stretch_row_content&#8220; min_height=&#8220;900&#8243; css=&#8220;.vc_custom_1751282239473{background-image: url(https:\/\/country-concept.lu\/wp-content\/uploads\/2025\/06\/Packages-Vases-Dekoration-Country-Concept-scaled-e1751282093265.png?id=421) !important;}&#8220;][\/vc_section][vc_section css=&#8220;.vc_custom_1749704489243{margin-top: 0px !important;margin-bottom: 0px !important;margin-left: 0px !important;border-top-width: 0px !important;border-bottom-width: 0px !important;border-left-width: 0px !important;padding-top: 0px !important;padding-bottom: 0px !important;padding-left: 0px !important;}&#8220;][vc_row equal_height=&#8220;yes&#8220; content_placement=&#8220;middle&#8220; css=&#8220;.vc_custom_1749704335112{margin-top: 0px !important;margin-bottom: 0px !important;margin-left: 0px !important;border-top-width: 0px !important;border-bottom-width: 0px !important;border-left-width: 0px !important;padding-top: 0px !important;padding-right: 0px !important;padding-bottom: 0px !important;padding-left: 0px !important;}&#8220;][vc_column width=&#8220;7\/12&#8243; css=&#8220;.vc_custom_1749704982833{margin-top: 0px !important;margin-bottom: 0px !important;margin-left: -25px !important;border-top-width: 0px !important;border-bottom-width: 0px !important;border-left-width: 0px !important;padding-top: 0px !important;padding-bottom: 0px !important;padding-left: 0px !important;}&#8220;][vc_single_image image=&#8220;211&#8243; img_size=&#8220;full&#8220; css=&#8220;.vc_custom_1749705407792{margin-bottom: 0px !important;}&#8220;][\/vc_column][vc_column width=&#8220;5\/12&#8243; css=&#8220;.vc_custom_1749124702626{margin-top: 0px !important;margin-bottom: 0px !important;border-top-width: 0px !important;border-bottom-width: 0px !important;padding-top: 0px !important;padding-bottom: 0px !important;}&#8220;][vc_single_image image=&#8220;177&#8243; img_size=&#8220;medium&#8220; alignment=&#8220;center&#8220; css=&#8220;.vc_custom_1750914906178{padding-bottom: 15px !important;}&#8220;][vc_column_text css=&#8220;.vc_custom_1751279809271{margin-right: -25px !important;margin-bottom: 35px !important;padding-top: 15px !important;padding-left: 25px !important;background-color: #575756 !important;}&#8220; el_class=&#8220;title-right-aligned&#8220;]<\/p>\n<h2 style=\"text-align: left;\">Master Styles<\/h2>\n<div id=\"gtx-trans\" style=\"position: absolute; left: 136px; top: 63.8906px;\">\n<div class=\"gtx-trans-icon\"><\/div>\n<\/div>\n<p>[\/vc_column_text][vc_column_text css=&#8220;&#8220;]Unsere Master Styles bieten maximale Gestaltungsfreiheit f\u00fcr alle, die ein individuelles Dekorationskonzept w\u00fcnschen. Von der ersten Idee bis zur finalen Umsetzung begleiten wir Sie mit Kreativit\u00e4t, Erfahrung und einem Auge f\u00fcrs Detail. Perfekt f\u00fcr Hochzeiten, Firmenevents oder besondere private Feiern.[\/vc_column_text][vc_column_text css=&#8220;.vc_custom_1750915014412{padding-top: 25px !important;padding-bottom: 25px !important;}&#8220;]<\/p>\n<h3>Ihre Vorteile mit unseren Master Styles:<\/h3>\n<ul>\n<li>Ma\u00dfgeschneiderte Konzepte nach Ihren Vorstellungen<\/li>\n<li>Florale Designs &amp; Dekorationsobjekte aus einer Hand<\/li>\n<li>Pers\u00f6nliche Betreuung durch unsere erfahrenen Floral Designer:innen<\/li>\n<li>Flexibler Mietservice: Lieferung, Aufbau &amp; Abbau nach Bedarf<\/li>\n<\/ul>\n<div id=\"gtx-trans\" style=\"position: absolute; left: 0px; top: 43px;\">\n<div class=\"gtx-trans-icon\"><\/div>\n<\/div>\n<p>[\/vc_column_text][vc_column_text css=&#8220;.vc_custom_1751282289389{margin-top: 30px !important;}&#8220;]<\/p>\n<p style=\"text-align: center;\"><a class=\"custom-btn-white\" href=\"https:\/\/country-concept.lu\/de\/kontakt\/\">Fragen Sie unverbindlich an<\/a><\/p>\n<p>[\/vc_column_text][\/vc_column][\/vc_row][\/vc_section][vc_section css=&#8220;.vc_custom_1749705571349{margin-top: 50px !important;margin-bottom: 50px !important;}&#8220;][vc_row][vc_column width=&#8220;1\/6&#8243;][\/vc_column][vc_column width=&#8220;1\/6&#8243;][vc_single_image image=&#8220;215&#8243; img_size=&#8220;full&#8220; alignment=&#8220;center&#8220; css=&#8220;&#8220;][\/vc_column][vc_column width=&#8220;1\/6&#8243;][vc_single_image image=&#8220;218&#8243; img_size=&#8220;full&#8220; alignment=&#8220;center&#8220; css=&#8220;&#8220;][\/vc_column][vc_column width=&#8220;1\/6&#8243;][vc_single_image image=&#8220;221&#8243; img_size=&#8220;full&#8220; alignment=&#8220;center&#8220; css=&#8220;&#8220;][\/vc_column][vc_column width=&#8220;1\/6&#8243;][vc_single_image image=&#8220;224&#8243; img_size=&#8220;full&#8220; alignment=&#8220;center&#8220; css=&#8220;&#8220;][\/vc_column][vc_column width=&#8220;1\/6&#8243;][\/vc_column][\/vc_row][\/vc_section][vc_section full_width=&#8220;stretch_row&#8220; min_height=&#8220;800&#8243; css=&#8220;.vc_custom_1749705650157{background-image: url(https:\/\/country-concept.lu\/wp-content\/uploads\/2025\/06\/06_Master-styles-big.jpg?id=229) !important;background-position: center !important;background-repeat: no-repeat !important;background-size: cover !important;}&#8220;][\/vc_section]<\/p>\n<\/div>","protected":false},"excerpt":{"rendered":"<p>[vc_section full_width=&#8220;stretch_row_content&#8220;][vc_row full_width=&#8220;stretch_row_content_no_spaces&#8220;][vc_column][\/vc_column][\/vc_row][\/vc_section][vc_row][vc_column css=&#8220;.vc_custom_1753179733231{padding-top: 35px !important;padding-bottom: 25px !important;}&#8220;][vc_column_text css=&#8220;.vc_custom_1753180174003{margin-bottom: 0px !important;}&#8220;] W\u00ebllkomm bei Country.Concept [\/vc_column_text][\/vc_column][\/vc_row][vc_section css=&#8220;.vc_custom_1749124652724{margin-top: 0px !important;margin-bottom: 0px !important;border-top-width: 0px !important;border-bottom-width: 0px !important;padding-top: 0px !important;padding-bottom:<span class=\"excerpt-hellip\"> [\u2026]<\/span><\/p>\n","protected":false},"author":1,"featured_media":0,"parent":0,"menu_order":0,"comment_status":"closed","ping_status":"closed","template":"","meta":{"footnotes":""},"class_list":["post-398","page","type-page","status-publish","hentry"],"_links":{"self":[{"href":"https:\/\/country-concept.lu\/de\/wp-json\/wp\/v2\/pages\/398","targetHints":{"allow":["GET"]}}],"collection":[{"href":"https:\/\/country-concept.lu\/de\/wp-json\/wp\/v2\/pages"}],"about":[{"href":"https:\/\/country-concept.lu\/de\/wp-json\/wp\/v2\/types\/page"}],"author":[{"embeddable":true,"href":"https:\/\/country-concept.lu\/de\/wp-json\/wp\/v2\/users\/1"}],"replies":[{"embeddable":true,"href":"https:\/\/country-concept.lu\/de\/wp-json\/wp\/v2\/comments?post=398"}],"version-history":[{"count":9,"href":"https:\/\/country-concept.lu\/de\/wp-json\/wp\/v2\/pages\/398\/revisions"}],"predecessor-version":[{"id":500,"href":"https:\/\/country-concept.lu\/de\/wp-json\/wp\/v2\/pages\/398\/revisions\/500"}],"wp:attachment":[{"href":"https:\/\/country-concept.lu\/de\/wp-json\/wp\/v2\/media?parent=398"}],"curies":[{"name":"wp","href":"https:\/\/api.w.org\/{rel}","templated":true}]}}