{"id":657,"date":"2025-07-30T08:20:03","date_gmt":"2025-07-30T08:20:03","guid":{"rendered":"https:\/\/country-concept.lu\/?page_id=657"},"modified":"2025-07-31T08:59:15","modified_gmt":"2025-07-31T08:59:15","slug":"messen","status":"publish","type":"page","link":"https:\/\/country-concept.lu\/de\/messen\/","title":{"rendered":"Messen"},"content":{"rendered":"<div class=\"wpb-content-wrapper\"><p>[vc_section css=&#8220;.vc_custom_1749124652724{margin-top: 0px !important;margin-bottom: 0px !important;border-top-width: 0px !important;border-bottom-width: 0px !important;padding-top: 0px !important;padding-bottom: 0px !important;}&#8220;][vc_row equal_height=&#8220;yes&#8220; content_placement=&#8220;middle&#8220; css=&#8220;.vc_custom_1753185561657{margin-top: 0px !important;margin-bottom: 0px !important;border-top-width: 0px !important;border-bottom-width: 0px !important;padding-top: 0px !important;padding-right: 0px !important;padding-bottom: 0px !important;padding-left: 0px !important;}&#8220;][vc_column width=&#8220;5\/12&#8243; css=&#8220;.vc_custom_1753214357850{margin-top: 0px !important;margin-bottom: 0px !important;border-top-width: 0px !important;border-bottom-width: 0px !important;padding-top: 0px !important;padding-bottom: 0px !important;}&#8220; el_class=&#8220;full-with-on-medium&#8220;][vc_column_text css=&#8220;.vc_custom_1753951174451{margin-bottom: 35px !important;margin-left: -25px !important;padding-top: 15px !important;padding-left: 50px !important;background-color: #575756 !important;}&#8220;]<\/p>\n<h1 style=\"text-align: left;\">Messen<\/h1>\n<div id=\"gtx-trans\" style=\"position: absolute; left: 133px; top: 91.1562px;\">\n<div class=\"gtx-trans-icon\"><\/div>\n<\/div>\n<p>[\/vc_column_text][vc_column_text css=&#8220;.vc_custom_1753950636982{margin-bottom: 0px !important;padding-top: 50px !important;padding-bottom: 50px !important;padding-left: 25px !important;}&#8220;]<\/p>\n<h3 style=\"font-weight: 400;\"><strong>Ihr Messeauftritt. Ihre Marke. Unsere Dekoration.<\/strong><br \/>\n<strong>Dekoration, die Ihre Botschaft unterstreicht<\/strong><\/h3>\n<p>[\/vc_column_text][vc_column_text css=&#8220;.vc_custom_1753951636563{margin-bottom: 15px !important;padding-left: 25px !important;}&#8220;]Ein erfolgreicher Messeauftritt ist mehr als reine Pr\u00e4senz &#8211; er ist ein Erlebnis, das in Erinnerung bleibt. Mit einem stimmigen Gestaltungskonzept, floralen Highlights und einem sicheren Gesp\u00fcr f\u00fcr Raumwirkung sorgen wir daf\u00fcr, dass Ihr Stand \u00fcberzeugt &#8211; visuell, emotional und professionell.<\/p>\n<p>Ob ganzheitliches Konzept oder letzter Feinschliff: Wir passen uns Ihren Anforderungen an und schaffen mit durchdachtem Styling eine Atmosph\u00e4re, die Besucher:innen anspricht und Ihre Markenidentit\u00e4t sichtbar macht.<\/p>\n<p>&nbsp;<\/p>\n<h4>Unsere Leistungen f\u00fcr Ihren Messestand:<\/h4>\n<p>Pers\u00f6nliches Beratungsgespr\u00e4ch &amp; kreative Konzepterstellung.<br \/>\nFlorale Gestaltung von Theken, Tischen, Lounges, etc.<br \/>\nMietobjekte wie Vasen, Eyecatcher, Textilien, Deko-Highlights.<br \/>\nFeinschliff f\u00fcr bestehende Messebauten &#8211; stilvoll &amp; besonders.<br \/>\nAufbau &amp; Abbau vor Ort durch unser Team oder Lieferung und eigener Aufbau m\u00f6glich.<\/p>\n<p>&nbsp;<\/p>\n<p>Als Teil der <a href=\"https:\/\/www.rent.group\/de\/\">Rent.Group<\/a> arbeiten wir eng mit unserem Partner <a href=\"https:\/\/www.fair.rent\/de\/\">Fair.Rent<\/a>\u00a0zusammen &#8211; f\u00fcr hochwertige M\u00f6bel, funktionale Ausstattung und ein stimmiges Gesamtbild aus einer Hand.<\/p>\n<div id=\"gtx-trans\" style=\"position: absolute; left: 80px; top: 460.922px;\">\n<div class=\"gtx-trans-icon\"><\/div>\n<\/div>\n<p>[\/vc_column_text][vc_column_text css=&#8220;&#8220;]<\/p>\n<p style=\"text-align: center;\"><a class=\"custom-btn-white\" href=\"https:\/\/country-concept.lu\/de\/kontakt\/\">Jetzt unverbindlich beraten lassen<\/a><\/p>\n<p>[\/vc_column_text][\/vc_column][vc_column width=&#8220;7\/12&#8243; css=&#8220;.vc_custom_1753214354673{margin-top: 0px !important;margin-bottom: 0px !important;border-top-width: 0px !important;border-bottom-width: 0px !important;padding-top: 0px !important;padding-bottom: 0px !important;}&#8220; offset=&#8220;vc_hidden-md vc_hidden-sm vc_hidden-xs&#8220;][vc_single_image image=&#8220;659&#8243; img_size=&#8220;full&#8220; css=&#8220;.vc_custom_1753863431585{margin-bottom: 0px !important;}&#8220;][\/vc_column][\/vc_row][\/vc_section][vc_section full_width=&#8220;stretch_row_content&#8220; min_height=&#8220;1440&#8243; css=&#8220;.vc_custom_1753863558502{margin-top: 0px !important;margin-right: 0px !important;margin-bottom: 0px !important;margin-left: 0px !important;border-top-width: 0px !important;border-right-width: 0px !important;border-bottom-width: 0px !important;border-left-width: 0px !important;padding-top: 0px !important;padding-right: 0px !important;padding-bottom: 0px !important;padding-left: 0px !important;background-position: center !important;background-repeat: no-repeat !important;background-size: cover !important;}&#8220;][vc_row full_width=&#8220;stretch_row_content_no_spaces&#8220;][vc_column width=&#8220;1\/2&#8243;][vc_single_image image=&#8220;665&#8243; img_size=&#8220;full&#8220; alignment=&#8220;center&#8220; css=&#8220;&#8220;][\/vc_column][vc_column width=&#8220;1\/2&#8243;][vc_single_image image=&#8220;662&#8243; img_size=&#8220;full&#8220; alignment=&#8220;center&#8220; css=&#8220;&#8220;][\/vc_column][\/vc_row][\/vc_section]<\/p>\n<\/div>","protected":false},"excerpt":{"rendered":"<p>[vc_section css=&#8220;.vc_custom_1749124652724{margin-top: 0px !important;margin-bottom: 0px !important;border-top-width: 0px !important;border-bottom-width: 0px !important;padding-top: 0px !important;padding-bottom: 0px !important;}&#8220;][vc_row equal_height=&#8220;yes&#8220; content_placement=&#8220;middle&#8220; css=&#8220;.vc_custom_1753185561657{margin-top: 0px !important;margin-bottom: 0px !important;border-top-width: 0px !important;border-bottom-width: 0px !important;padding-top: 0px<span class=\"excerpt-hellip\"> [\u2026]<\/span><\/p>\n","protected":false},"author":1,"featured_media":-1,"parent":0,"menu_order":0,"comment_status":"closed","ping_status":"closed","template":"","meta":{"footnotes":""},"class_list":["post-657","page","type-page","status-publish","has-post-thumbnail","hentry"],"_links":{"self":[{"href":"https:\/\/country-concept.lu\/de\/wp-json\/wp\/v2\/pages\/657","targetHints":{"allow":["GET"]}}],"collection":[{"href":"https:\/\/country-concept.lu\/de\/wp-json\/wp\/v2\/pages"}],"about":[{"href":"https:\/\/country-concept.lu\/de\/wp-json\/wp\/v2\/types\/page"}],"author":[{"embeddable":true,"href":"https:\/\/country-concept.lu\/de\/wp-json\/wp\/v2\/users\/1"}],"replies":[{"embeddable":true,"href":"https:\/\/country-concept.lu\/de\/wp-json\/wp\/v2\/comments?post=657"}],"version-history":[{"count":6,"href":"https:\/\/country-concept.lu\/de\/wp-json\/wp\/v2\/pages\/657\/revisions"}],"predecessor-version":[{"id":683,"href":"https:\/\/country-concept.lu\/de\/wp-json\/wp\/v2\/pages\/657\/revisions\/683"}],"wp:featuredmedia":[{"embeddable":true,"href":"https:\/\/country-concept.lu\/de\/wp-json\/"}],"wp:attachment":[{"href":"https:\/\/country-concept.lu\/de\/wp-json\/wp\/v2\/media?parent=657"}],"curies":[{"name":"wp","href":"https:\/\/api.w.org\/{rel}","templated":true}]}}