{"id":327,"date":"2025-06-05T13:24:24","date_gmt":"2025-06-05T13:24:24","guid":{"rendered":"https:\/\/country-concept.lu\/about-us\/"},"modified":"2025-07-30T08:34:03","modified_gmt":"2025-07-30T08:34:03","slug":"a-propos","status":"publish","type":"page","link":"https:\/\/country-concept.lu\/fr\/a-propos\/","title":{"rendered":"\u00c0 propos"},"content":{"rendered":"<div class=\"wpb-content-wrapper\"><p>[vc_section css=\u00a0\u00bb.vc_custom_1749124652724{margin-top: 0px !important;margin-bottom: 0px !important;border-top-width: 0px !important;border-bottom-width: 0px !important;padding-top: 0px !important;padding-bottom: 0px !important;}\u00a0\u00bb][vc_row equal_height=\u00a0\u00bbyes\u00a0\u00bb content_placement=\u00a0\u00bbmiddle\u00a0\u00bb css=\u00a0\u00bb.vc_custom_1753187303606{margin-top: 0px !important;margin-bottom: 0px !important;border-top-width: 0px !important;border-bottom-width: 0px !important;padding-top: 0px !important;padding-right: 0px !important;padding-bottom: 0px !important;padding-left: 0px !important;}\u00a0\u00bb][vc_column width=\u00a0\u00bb5\/12&Prime; css=\u00a0\u00bb.vc_custom_1749124702626{margin-top: 0px !important;margin-bottom: 0px !important;border-top-width: 0px !important;border-bottom-width: 0px !important;padding-top: 0px !important;padding-bottom: 0px !important;}\u00a0\u00bb][vc_column_text css=\u00a0\u00bb.vc_custom_1750943284288{margin-bottom: 35px !important;margin-left: -25px !important;padding-top: 15px !important;padding-left: 50px !important;background-color: #575756 !important;}\u00a0\u00bb]<\/p>\n<h1 style=\"text-align: left;\">\u00c0 propos<\/h1>\n<div id=\"gtx-trans\" style=\"position: absolute; left: 4px; top: -4.84375px;\">\n<div class=\"gtx-trans-icon\"><\/div>\n<\/div>\n<p>[\/vc_column_text][vc_column_text css=\u00a0\u00bb.vc_custom_1750935477798{margin-bottom: 0px !important;padding-top: 50px !important;padding-bottom: 50px !important;padding-left: 25px !important;}\u00a0\u00bb]<\/p>\n<h3>Qui nous sommes<\/h3>\n<p>[\/vc_column_text][vc_column_text css=\u00a0\u00bb.vc_custom_1753187288399{margin-bottom: 15px !important;padding-left: 25px !important;}\u00a0\u00bb]Country.Concept a commenc\u00e9 comme une petite entreprise familiale avec un entrep\u00f4t dans une grange. Aujourd&rsquo;hui, nous sommes une \u00e9quipe compos\u00e9e de designers, de fleuristes et de talents en organisation.<\/p>\n<p>&nbsp;<\/p>\n<h4>Ce qui nous distingue :<\/h4>\n<ul>\n<li>Passion pour la d\u00e9coration cr\u00e9ative<\/li>\n<li>Exp\u00e9rience avec des \u00e9v\u00e9nements de toute taille et de tout style<\/li>\n<li>Accompagnement personnalis\u00e9 et ex\u00e9cution fiable<\/li>\n<\/ul>\n<p>&nbsp;<\/p>\n<h4><\/h4>\n<div id=\"gtx-trans\" style=\"position: absolute; left: -40px; top: 340.844px;\">\n<div class=\"gtx-trans-icon\"><\/div>\n<\/div>\n<p>[\/vc_column_text][vc_column_text css=\u00a0\u00bb.vc_custom_1753187013570{margin-bottom: 35px !important;}\u00a0\u00bb el_class=\u00a0\u00bbspec-heading\u00a0\u00bb]<\/p>\n<h3 style=\"text-align: center;\"><strong>Inspiration. <\/strong><strong>In every detail.<\/strong><\/h3>\n<p>[\/vc_column_text][vc_column_text css=\u00a0\u00bb.vc_custom_1753187313093{margin-bottom: 35px !important;}\u00a0\u00bb]<\/p>\n<h3><strong>Le Rent.Group \u2013 un partenaire solide \u00e0 nos c\u00f4t\u00e9s :<\/strong><\/h3>\n<p>Depuis 2024, nous faisons partie de la famille Rent.Group avec un bureau et un atelier floral chez Party Rent Luxembourg \u00e0 Echternach. Entour\u00e9s de vases, chandeliers, fleurs s\u00e9ch\u00e9es, meubles, coussins &amp; co., nous concevons des concepts harmonieux \u2013 avec une exigence : personnels, r\u00e9fl\u00e9chis et avec un \u0153il pour les d\u00e9tails.<\/p>\n<p>Nous ne partageons pas seulement le m\u00eame b\u00e2timent \u2013 nous travaillons c\u00f4te \u00e0 c\u00f4te chaque jour. Les chemins sont courts, la coordination directe. De l\u2019id\u00e9e \u00e0 la r\u00e9alisation, il ne faut souvent qu\u2019une conversation \u2013 et c\u2019est ce qui rend notre travail si sp\u00e9cial.<\/p>\n<p>Gr\u00e2ce \u00e0 notre \u00e9troite collaboration avec Rent.Group, vous b\u00e9n\u00e9ficiez d\u2019un grand stock, d\u2019une logistique efficace et de processus fluides.<\/p>\n<p>&nbsp;<\/p>\n<h3><strong>Nos d\u00e9buts \u2013 De la grange \u00e0 l&rsquo;entrep\u00f4t central<\/strong><\/h3>\n<p data-start=\"40\" data-end=\"381\">En 2015, Julie Meyer a fond\u00e9 la premi\u00e8re boutique en ligne de d\u00e9coration au Luxembourg, lanc\u00e9e \u00e0 l&rsquo;origine sous le nom de \u00ab Country-Boutique \u00bb. Apr\u00e8s une phase de d\u00e9marrage r\u00e9ussie, un entrep\u00f4t provisoire a \u00e9t\u00e9 am\u00e9nag\u00e9 dans la grange de la ferme familiale, o\u00f9 \u00e9taient stock\u00e9s des articles de d\u00e9coration pour des \u00e9v\u00e9nements et des mariages.<\/p>\n<p data-start=\"383\" data-end=\"679\">En 2020, Country-Boutique est devenue Country Concept, avec une orientation de plus en plus marqu\u00e9e vers la d\u00e9coration \u00e9v\u00e9nementielle et le styling professionnel. La grange \u00e9tant vite devenue trop petite, l\u2019\u00e9quipe a transf\u00e9r\u00e9 tous les articles de d\u00e9coration dans un grand entrep\u00f4t \u00e0 Echternach.<\/p>\n<p data-start=\"681\" data-end=\"867\">Depuis 2024, Country.Concept arbore un nouveau look et collabore en tant que partenaire du Rent.Group, cr\u00e9ant des ambiances uniques aussi bien dans la r\u00e9gion qu\u2019\u00e0 l\u2019\u00e9chelle europ\u00e9enne.<\/p>\n<p data-start=\"869\" data-end=\"962\" data-is-last-node=\"\" data-is-only-node=\"\">Un objectif guide notre travail depuis le d\u00e9but : inspirer les gens gr\u00e2ce \u00e0 notre d\u00e9coration.<\/p>\n<p>[\/vc_column_text][vc_single_image image=\u00a0\u00bb294&Prime; img_size=\u00a0\u00bbfull\u00a0\u00bb onclick=\u00a0\u00bbcustom_link\u00a0\u00bb img_link_target=\u00a0\u00bb_blank\u00a0\u00bb css=\u00a0\u00bb\u00a0\u00bb link=\u00a0\u00bbhttps:\/\/www.party.rent\/lu-de\u00a0\u00bb][\/vc_column][vc_column width=\u00a0\u00bb7\/12&Prime; css=\u00a0\u00bb.vc_custom_1749124697483{margin-top: 0px !important;margin-bottom: 0px !important;border-top-width: 0px !important;border-bottom-width: 0px !important;padding-top: 0px !important;padding-bottom: 0px !important;}\u00a0\u00bb][vc_single_image image=\u00a0\u00bb601&Prime; img_size=\u00a0\u00bbfull\u00a0\u00bb css=\u00a0\u00bb.vc_custom_1753187299650{margin-bottom: 0px !important;}\u00a0\u00bb][\/vc_column][\/vc_row][\/vc_section][vc_section full_width=\u00a0\u00bbstretch_row\u00a0\u00bb min_height=\u00a0\u00bb1700&Prime; css=\u00a0\u00bb.vc_custom_1753864442212{margin-top: 0px !important;margin-right: 0px !important;margin-bottom: 0px !important;margin-left: 0px !important;border-top-width: 0px !important;border-right-width: 0px !important;border-bottom-width: 0px !important;border-left-width: 0px !important;padding-top: 0px !important;padding-right: 0px !important;padding-bottom: 0px !important;padding-left: 0px !important;background-image: url(https:\/\/country-concept.lu\/wp-content\/uploads\/2025\/07\/Mask-Group-56.jpg?id=598) !important;background-position: center !important;background-repeat: no-repeat !important;background-size: cover !important;}\u00a0\u00bb][\/vc_section]<\/p>\n<\/div>","protected":false},"excerpt":{"rendered":"<p>[vc_section css=\u00a0\u00bb.vc_custom_1749124652724{margin-top: 0px !important;margin-bottom: 0px !important;border-top-width: 0px !important;border-bottom-width: 0px !important;padding-top: 0px !important;padding-bottom: 0px !important;}\u00a0\u00bb][vc_row equal_height=\u00a0\u00bbyes\u00a0\u00bb content_placement=\u00a0\u00bbmiddle\u00a0\u00bb css=\u00a0\u00bb.vc_custom_1753187303606{margin-top: 0px !important;margin-bottom: 0px !important;border-top-width: 0px !important;border-bottom-width: 0px !important;padding-top: 0px<span class=\"excerpt-hellip\"> [\u2026]<\/span><\/p>\n","protected":false},"author":1,"featured_media":-1,"parent":0,"menu_order":0,"comment_status":"closed","ping_status":"closed","template":"","meta":{"footnotes":""},"class_list":["post-327","page","type-page","status-publish","has-post-thumbnail","hentry"],"_links":{"self":[{"href":"https:\/\/country-concept.lu\/fr\/wp-json\/wp\/v2\/pages\/327","targetHints":{"allow":["GET"]}}],"collection":[{"href":"https:\/\/country-concept.lu\/fr\/wp-json\/wp\/v2\/pages"}],"about":[{"href":"https:\/\/country-concept.lu\/fr\/wp-json\/wp\/v2\/types\/page"}],"author":[{"embeddable":true,"href":"https:\/\/country-concept.lu\/fr\/wp-json\/wp\/v2\/users\/1"}],"replies":[{"embeddable":true,"href":"https:\/\/country-concept.lu\/fr\/wp-json\/wp\/v2\/comments?post=327"}],"version-history":[{"count":10,"href":"https:\/\/country-concept.lu\/fr\/wp-json\/wp\/v2\/pages\/327\/revisions"}],"predecessor-version":[{"id":679,"href":"https:\/\/country-concept.lu\/fr\/wp-json\/wp\/v2\/pages\/327\/revisions\/679"}],"wp:featuredmedia":[{"embeddable":true,"href":"https:\/\/country-concept.lu\/fr\/wp-json\/"}],"wp:attachment":[{"href":"https:\/\/country-concept.lu\/fr\/wp-json\/wp\/v2\/media?parent=327"}],"curies":[{"name":"wp","href":"https:\/\/api.w.org\/{rel}","templated":true}]}}