{"id":338,"date":"2025-06-05T11:05:59","date_gmt":"2025-06-05T11:05:59","guid":{"rendered":"https:\/\/country-concept.lu\/weddings\/"},"modified":"2025-07-22T10:55:26","modified_gmt":"2025-07-22T10:55:26","slug":"mariages","status":"publish","type":"page","link":"https:\/\/country-concept.lu\/fr\/mariages\/","title":{"rendered":"Mariages"},"content":{"rendered":"<div class=\"wpb-content-wrapper\"><p>[vc_section css=\u00a0\u00bb.vc_custom_1749124652724{margin-top: 0px !important;margin-bottom: 0px !important;border-top-width: 0px !important;border-bottom-width: 0px !important;padding-top: 0px !important;padding-bottom: 0px !important;}\u00a0\u00bb][vc_row equal_height=\u00a0\u00bbyes\u00a0\u00bb content_placement=\u00a0\u00bbmiddle\u00a0\u00bb css=\u00a0\u00bb.vc_custom_1753181723376{margin-top: 0px !important;margin-bottom: 0px !important;border-top-width: 0px !important;border-bottom-width: 0px !important;padding-top: 0px !important;padding-right: 0px !important;padding-bottom: 0px !important;padding-left: 0px !important;}\u00a0\u00bb][vc_column width=\u00a0\u00bb5\/12&Prime; css=\u00a0\u00bb.vc_custom_1749124702626{margin-top: 0px !important;margin-bottom: 0px !important;border-top-width: 0px !important;border-bottom-width: 0px !important;padding-top: 0px !important;padding-bottom: 0px !important;}\u00a0\u00bb][vc_column_text css=\u00a0\u00bb.vc_custom_1749129091267{margin-bottom: 35px !important;margin-left: -25px !important;padding-top: 15px !important;padding-left: 50px !important;background-color: #575756 !important;}\u00a0\u00bb]<\/p>\n<h1 style=\"text-align: left;\">MARIAGES<\/h1>\n<p>[\/vc_column_text][vc_column_text css=\u00a0\u00bb.vc_custom_1750915686748{margin-bottom: 0px !important;padding-top: 50px !important;padding-bottom: 25px !important;padding-left: 25px !important;}\u00a0\u00bb]<\/p>\n<h3>Votre mariage. Votre histoire. Notre d\u00e9coration.<\/h3>\n<p>[\/vc_column_text][vc_column_text css=\u00a0\u00bb.vc_custom_1750915395071{margin-bottom: 15px !important;padding-left: 25px !important;}\u00a0\u00bb]Votre mariage doit \u00eatre unique, \u00e9mouvant et harmonieux. Gr\u00e2ce \u00e0 notre exp\u00e9rience, notre sens du style et notre passion florale, nous cr\u00e9ons un concept de d\u00e9coration personnalis\u00e9 pour votre journ\u00e9e. Nous vous accompagnons de la premi\u00e8re id\u00e9e jusqu\u2019\u00e0 la mise en place sur place \u2013 en veillant \u00e0 ce que chaque d\u00e9tail soit parfait.[\/vc_column_text][vc_column_text css=\u00a0\u00bb.vc_custom_1750916058360{margin-bottom: 15px !important;padding-top: 25px !important;padding-left: 25px !important;}\u00a0\u00bb]<\/p>\n<h4>Nos prestations pour votre grand jour :<\/h4>\n<ul>\n<li>Entretien personnalis\u00e9 &amp; \u00e9laboration du concept<\/li>\n<li>D\u00e9coration de la c\u00e9r\u00e9monie, r\u00e9ception, d\u00eener &amp; espace f\u00eate<\/li>\n<li>Touches florales (du bouquet de mari\u00e9e aux fleurs de table jusqu\u2019\u00e0 l\u2019arche)<\/li>\n<li>Objets \u00e0 louer comme chandeliers, vases, textiles et bien plus<\/li>\n<li>Montage, d\u00e9montage &amp; finitions assur\u00e9s par notre \u00e9quipe<\/li>\n<\/ul>\n<p>[\/vc_column_text][vc_column_text css=\u00a0\u00bb.vc_custom_1753181703440{padding-top: 25px !important;padding-left: 25px !important;}\u00a0\u00bb]<\/p>\n<h4>Nos formules \u00e9prouv\u00e9es :<\/h4>\n<ul>\n<li>Forfait <strong>Design<\/strong> D\u00e9coration : incluant livraison, montage et d\u00e9montage<\/li>\n<li>Forfait <strong>D\u00e9p\u00f4t<\/strong> D\u00e9coration : nous livrons, vous d\u00e9corez et d\u00e9montez vous-m\u00eames.<\/li>\n<li>Forfait <strong>Retrait<\/strong> D\u00e9coration : retrait et retour \u00e0 notre entrep\u00f4t<\/li>\n<\/ul>\n<div id=\"gtx-trans\" style=\"position: absolute; left: 103px; top: 140.922px;\">\n<div class=\"gtx-trans-icon\"><\/div>\n<\/div>\n<p>[\/vc_column_text][vc_column_text css=\u00a0\u00bb.vc_custom_1750934652114{padding-top: 25px !important;padding-bottom: 25px !important;padding-left: 25px !important;}\u00a0\u00bb el_class=\u00a0\u00bbhidden\u00a0\u00bb]Chaque mariage est unique. C\u2019est pourquoi nous prenons le temps d\u2019\u00e9couter vos souhaits, d\u2019adapter chaque d\u00e9tail \u00e0 la palette de couleurs, \u00e0 la saison et au lieu \u2013 pour cr\u00e9er une ambiance qui enchantera vous et vos invit\u00e9s.[\/vc_column_text][vc_column_text css=\u00a0\u00bb.vc_custom_1750916021279{padding-top: 25px !important;padding-bottom: 50px !important;}\u00a0\u00bb]<\/p>\n<p style=\"text-align: center;\"><a class=\"custom-btn-white\" href=\"https:\/\/country-concept.lu\/fr\/contact\/\">Demandez un conseil sans engagement<\/a><\/p>\n<p>[\/vc_column_text][\/vc_column][vc_column width=\u00a0\u00bb7\/12&Prime; css=\u00a0\u00bb.vc_custom_1749124697483{margin-top: 0px !important;margin-bottom: 0px !important;border-top-width: 0px !important;border-bottom-width: 0px !important;padding-top: 0px !important;padding-bottom: 0px !important;}\u00a0\u00bb][vc_single_image image=\u00a0\u00bb518&Prime; img_size=\u00a0\u00bbfull\u00a0\u00bb css=\u00a0\u00bb.vc_custom_1753181671829{margin-bottom: 0px !important;}\u00a0\u00bb][\/vc_column][\/vc_row][\/vc_section][vc_section full_width=\u00a0\u00bbstretch_row\u00a0\u00bb min_height=\u00a0\u00bb1440&Prime; css=\u00a0\u00bb.vc_custom_1753181692108{margin-top: 0px !important;margin-right: 0px !important;margin-bottom: 0px !important;margin-left: 0px !important;border-top-width: 0px !important;border-right-width: 0px !important;border-bottom-width: 0px !important;border-left-width: 0px !important;padding-top: 0px !important;padding-right: 0px !important;padding-bottom: 0px !important;padding-left: 0px !important;background-image: url(https:\/\/country-concept.lu\/wp-content\/uploads\/2025\/07\/Mariage-Country-Concept-zeremonie-Party-rent.jpg?id=521) !important;background-position: center !important;background-repeat: no-repeat !important;background-size: cover !important;}\u00a0\u00bb][\/vc_section][vc_section disable_element=\u00a0\u00bbyes\u00a0\u00bb css=\u00a0\u00bb.vc_custom_1751284058264{margin-top: 75px !important;margin-bottom: 0px !important;border-top-width: 0px !important;border-bottom-width: 0px !important;padding-top: 0px !important;padding-bottom: 0px !important;}\u00a0\u00bb][vc_row equal_height=\u00a0\u00bbyes\u00a0\u00bb content_placement=\u00a0\u00bbmiddle\u00a0\u00bb css=\u00a0\u00bb.vc_custom_1749124691607{margin-top: 0px !important;margin-bottom: 0px !important;border-top-width: 0px !important;border-bottom-width: 0px !important;padding-top: 0px !important;padding-right: 0px !important;padding-bottom: 0px !important;padding-left: 0px !important;}\u00a0\u00bb][vc_column width=\u00a0\u00bb5\/12&Prime; css=\u00a0\u00bb.vc_custom_1749124702626{margin-top: 0px !important;margin-bottom: 0px !important;border-top-width: 0px !important;border-bottom-width: 0px !important;padding-top: 0px !important;padding-bottom: 0px !important;}\u00a0\u00bb][vc_column_text css=\u00a0\u00bb.vc_custom_1750939727255{margin-bottom: 35px !important;margin-left: -25px !important;padding-top: 15px !important;padding-left: 50px !important;background-color: #575756 !important;}\u00a0\u00bb]<\/p>\n<h1 style=\"text-align: left;\">Portfolio<\/h1>\n<p>[\/vc_column_text][\/vc_column][vc_column width=\u00a0\u00bb7\/12&Prime; css=\u00a0\u00bb.vc_custom_1749124697483{margin-top: 0px !important;margin-bottom: 0px !important;border-top-width: 0px !important;border-bottom-width: 0px !important;padding-top: 0px !important;padding-bottom: 0px !important;}\u00a0\u00bb][\/vc_column][\/vc_row][vc_row][vc_column][\/vc_column][\/vc_row][\/vc_section]<\/p>\n<\/div>","protected":false},"excerpt":{"rendered":"<p>[vc_section css=\u00a0\u00bb.vc_custom_1749124652724{margin-top: 0px !important;margin-bottom: 0px !important;border-top-width: 0px !important;border-bottom-width: 0px !important;padding-top: 0px !important;padding-bottom: 0px !important;}\u00a0\u00bb][vc_row equal_height=\u00a0\u00bbyes\u00a0\u00bb content_placement=\u00a0\u00bbmiddle\u00a0\u00bb css=\u00a0\u00bb.vc_custom_1753181723376{margin-top: 0px !important;margin-bottom: 0px !important;border-top-width: 0px !important;border-bottom-width: 0px !important;padding-top: 0px<span class=\"excerpt-hellip\"> [\u2026]<\/span><\/p>\n","protected":false},"author":1,"featured_media":0,"parent":0,"menu_order":0,"comment_status":"closed","ping_status":"closed","template":"","meta":{"footnotes":""},"class_list":["post-338","page","type-page","status-publish","hentry"],"_links":{"self":[{"href":"https:\/\/country-concept.lu\/fr\/wp-json\/wp\/v2\/pages\/338","targetHints":{"allow":["GET"]}}],"collection":[{"href":"https:\/\/country-concept.lu\/fr\/wp-json\/wp\/v2\/pages"}],"about":[{"href":"https:\/\/country-concept.lu\/fr\/wp-json\/wp\/v2\/types\/page"}],"author":[{"embeddable":true,"href":"https:\/\/country-concept.lu\/fr\/wp-json\/wp\/v2\/users\/1"}],"replies":[{"embeddable":true,"href":"https:\/\/country-concept.lu\/fr\/wp-json\/wp\/v2\/comments?post=338"}],"version-history":[{"count":7,"href":"https:\/\/country-concept.lu\/fr\/wp-json\/wp\/v2\/pages\/338\/revisions"}],"predecessor-version":[{"id":529,"href":"https:\/\/country-concept.lu\/fr\/wp-json\/wp\/v2\/pages\/338\/revisions\/529"}],"wp:attachment":[{"href":"https:\/\/country-concept.lu\/fr\/wp-json\/wp\/v2\/media?parent=338"}],"curies":[{"name":"wp","href":"https:\/\/api.w.org\/{rel}","templated":true}]}}