{"id":343,"date":"2025-06-05T13:06:36","date_gmt":"2025-06-05T13:06:36","guid":{"rendered":"https:\/\/country-concept.lu\/services\/"},"modified":"2025-07-30T08:11:06","modified_gmt":"2025-07-30T08:11:06","slug":"services","status":"publish","type":"page","link":"https:\/\/country-concept.lu\/fr\/services\/","title":{"rendered":"Services"},"content":{"rendered":"<div class=\"wpb-content-wrapper\"><p>[vc_section css=\u00a0\u00bb.vc_custom_1749124652724{margin-top: 0px !important;margin-bottom: 0px !important;border-top-width: 0px !important;border-bottom-width: 0px !important;padding-top: 0px !important;padding-bottom: 0px !important;}\u00a0\u00bb][vc_row equal_height=\u00a0\u00bbyes\u00a0\u00bb content_placement=\u00a0\u00bbtop\u00a0\u00bb css=\u00a0\u00bb.vc_custom_1753184591069{margin-top: 0px !important;margin-bottom: 0px !important;border-top-width: 0px !important;border-bottom-width: 0px !important;padding-top: 0px !important;padding-right: 0px !important;padding-bottom: 0px !important;padding-left: 0px !important;}\u00a0\u00bb][vc_column width=\u00a0\u00bb5\/12&Prime; css=\u00a0\u00bb.vc_custom_1749124702626{margin-top: 0px !important;margin-bottom: 0px !important;border-top-width: 0px !important;border-bottom-width: 0px !important;padding-top: 0px !important;padding-bottom: 0px !important;}\u00a0\u00bb][vc_column_text css=\u00a0\u00bb.vc_custom_1753184586152{margin-bottom: 35px !important;margin-left: -25px !important;padding-top: 15px !important;padding-left: 50px !important;background-color: #575756 !important;}\u00a0\u00bb el_class=\u00a0\u00bbheight-500 text-to-bottom\u00a0\u00bb]<\/p>\n<h1 style=\"text-align: left;\">CONSEIL<\/h1>\n<p>[\/vc_column_text][vc_column_text css=\u00a0\u00bb.vc_custom_1749129037847{margin-bottom: 0px !important;padding-top: 50px !important;padding-bottom: 50px !important;padding-left: 25px !important;}\u00a0\u00bb]<\/p>\n<h3>Analyse des besoins individuels | Accompagnement personnalis\u00e9 | Planification transparente<\/h3>\n<p>[\/vc_column_text][vc_column_text css=\u00a0\u00bb.vc_custom_1750915205062{margin-bottom: 15px !important;padding-left: 25px !important;}\u00a0\u00bb]Toute d\u00e9coration r\u00e9ussie commence par une bonne conversation. Lors d\u2019un rendez-vous personnalis\u00e9, nous prenons le temps de comprendre vos souhaits, le caract\u00e8re de l\u2019\u00e9v\u00e9nement et les conditions g\u00e9n\u00e9rales. Ensemble, nous d\u00e9finissons ce dont vous avez besoin \u2013 et ce dont vous n\u2019avez pas besoin. Cela constitue la base d\u2019un concept d\u00e9coratif qui vous correspond\u00a0: \u00e0 vous, \u00e0 l\u2019occasion et au lieu. Ouvert, honn\u00eate, avec un sens aigu de l\u2019esth\u00e9tique et de la faisabilit\u00e9.[\/vc_column_text][\/vc_column][vc_column width=\u00a0\u00bb7\/12&Prime; css=\u00a0\u00bb.vc_custom_1749124697483{margin-top: 0px !important;margin-bottom: 0px !important;border-top-width: 0px !important;border-bottom-width: 0px !important;padding-top: 0px !important;padding-bottom: 0px !important;}\u00a0\u00bb][vc_column_text css=\u00a0\u00bb.vc_custom_1753184652652{padding-top: 75px !important;padding-bottom: 75px !important;}\u00a0\u00bb]Que ce soit pour des mariages romantiques, des \u00e9v\u00e9nements professionnels \u00e9l\u00e9gants ou des c\u00e9l\u00e9brations personnelles en petit comit\u00e9 : nos concepts de d\u00e9coration apportent du style, de l\u2019\u00e9motion et de la structure \u00e0 chaque format d\u2019\u00e9v\u00e9nement. Gr\u00e2ce \u00e0 notre offre de services modulable, vous d\u00e9cidez vous-m\u00eame du niveau de soutien dont vous avez besoin.[\/vc_column_text][vc_single_image image=\u00a0\u00bb649&Prime; img_size=\u00a0\u00bbfull\u00a0\u00bb css=\u00a0\u00bb.vc_custom_1753863011550{margin-bottom: 0px !important;}\u00a0\u00bb][\/vc_column][\/vc_row][\/vc_section][vc_section css=\u00a0\u00bb.vc_custom_1749124652724{margin-top: 0px !important;margin-bottom: 0px !important;border-top-width: 0px !important;border-bottom-width: 0px !important;padding-top: 0px !important;padding-bottom: 0px !important;}\u00a0\u00bb][vc_row equal_height=\u00a0\u00bbyes\u00a0\u00bb content_placement=\u00a0\u00bbmiddle\u00a0\u00bb css=\u00a0\u00bb.vc_custom_1749124691607{margin-top: 0px !important;margin-bottom: 0px !important;border-top-width: 0px !important;border-bottom-width: 0px !important;padding-top: 0px !important;padding-right: 0px !important;padding-bottom: 0px !important;padding-left: 0px !important;}\u00a0\u00bb][vc_column width=\u00a0\u00bb7\/12&Prime; css=\u00a0\u00bb.vc_custom_1749124697483{margin-top: 0px !important;margin-bottom: 0px !important;border-top-width: 0px !important;border-bottom-width: 0px !important;padding-top: 0px !important;padding-bottom: 0px !important;}\u00a0\u00bb][vc_single_image image=\u00a0\u00bb637&Prime; img_size=\u00a0\u00bbfull\u00a0\u00bb css=\u00a0\u00bb.vc_custom_1753863027312{margin-bottom: 0px !important;}\u00a0\u00bb][\/vc_column][vc_column width=\u00a0\u00bb5\/12&Prime; css=\u00a0\u00bb.vc_custom_1749124702626{margin-top: 0px !important;margin-bottom: 0px !important;border-top-width: 0px !important;border-bottom-width: 0px !important;padding-top: 0px !important;padding-bottom: 0px !important;}\u00a0\u00bb][vc_column_text css=\u00a0\u00bb.vc_custom_1749129888441{margin-right: -25px !important;margin-bottom: 35px !important;padding-top: 15px !important;padding-left: 25px !important;background-color: #575756 !important;}\u00a0\u00bb]<\/p>\n<h2 style=\"text-align: left;\">D\u00c9VELOPPEMENT DU CONCEPT<\/h2>\n<p>[\/vc_column_text][vc_column_text css=\u00a0\u00bb.vc_custom_1749129062892{margin-bottom: 0px !important;padding-top: 50px !important;padding-bottom: 50px !important;padding-left: 25px !important;}\u00a0\u00bb]<\/p>\n<h3>Visualisation des id\u00e9es de d\u00e9coration | S\u00e9lection de couleurs et de mat\u00e9riaux | Styles classiques \u00e0 modernes<\/h3>\n<p>[\/vc_column_text][vc_column_text css=\u00a0\u00bb.vc_custom_1750915218617{margin-bottom: 15px !important;padding-left: 25px !important;}\u00a0\u00bb]Qu\u2019il s\u2019agisse d\u2019un style classique \u00e9l\u00e9gant, romantique et fantaisiste ou minimaliste moderne \u2013 nous d\u00e9veloppons un concept qui correspond \u00e0 votre vision et \u00e0 l\u2019ambiance de l\u2019\u00e9v\u00e9nement. Avec un sens aigu des couleurs, des mat\u00e9riaux et de l\u2019effet spatial, nous cr\u00e9ons des designs harmonieux qui impressionnent. Si vous le souhaitez, nous visualisons votre d\u00e9coration \u00e0 l\u2019avance \u00e0 l\u2019aide de moodboards \u2013 afin que vous puissiez vous faire une id\u00e9e claire de ce que votre \u00e9v\u00e9nement pourrait devenir.[\/vc_column_text][\/vc_column][\/vc_row][\/vc_section][vc_section css=\u00a0\u00bb.vc_custom_1749124652724{margin-top: 0px !important;margin-bottom: 0px !important;border-top-width: 0px !important;border-bottom-width: 0px !important;padding-top: 0px !important;padding-bottom: 0px !important;}\u00a0\u00bb][vc_row equal_height=\u00a0\u00bbyes\u00a0\u00bb content_placement=\u00a0\u00bbmiddle\u00a0\u00bb css=\u00a0\u00bb.vc_custom_1749124691607{margin-top: 0px !important;margin-bottom: 0px !important;border-top-width: 0px !important;border-bottom-width: 0px !important;padding-top: 0px !important;padding-right: 0px !important;padding-bottom: 0px !important;padding-left: 0px !important;}\u00a0\u00bb][vc_column width=\u00a0\u00bb5\/12&Prime; css=\u00a0\u00bb.vc_custom_1749124702626{margin-top: 0px !important;margin-bottom: 0px !important;border-top-width: 0px !important;border-bottom-width: 0px !important;padding-top: 0px !important;padding-bottom: 0px !important;}\u00a0\u00bb][vc_column_text css=\u00a0\u00bb.vc_custom_1749129895879{margin-bottom: 35px !important;margin-left: -25px !important;padding-top: 15px !important;padding-left: 50px !important;background-color: #575756 !important;}\u00a0\u00bb]<\/p>\n<h2 style=\"text-align: left;\">LOCATION DE D\u00c9CORATION<\/h2>\n<p>[\/vc_column_text][vc_column_text css=\u00a0\u00bb.vc_custom_1749129212760{margin-bottom: 0px !important;padding-top: 50px !important;padding-bottom: 50px !important;padding-left: 25px !important;}\u00a0\u00bb]<\/p>\n<h3>Produits de haute qualit\u00e9 | Designs innovants | Dur\u00e9e de location flexible | Livraison ou retrait<\/h3>\n<p>[\/vc_column_text][vc_column_text css=\u00a0\u00bb.vc_custom_1750915225864{margin-bottom: 15px !important;padding-left: 25px !important;}\u00a0\u00bb]Notre gamme comprend des objets de location \u00e9l\u00e9gants pour chaque occasion\u00a0: des vases, pots de fleurs et bougeoirs aux textiles, \u00e9l\u00e9ments visuels marquants et panneaux. Tous les articles sont de haute qualit\u00e9, uniques et soigneusement s\u00e9lectionn\u00e9s. Ils peuvent \u00eatre combin\u00e9s librement, retir\u00e9s par vos soins ou livr\u00e9s et install\u00e9s par notre \u00e9quipe. Ainsi, vous b\u00e9n\u00e9ficiez exactement du niveau de soutien souhait\u00e9 \u2013 et d\u2019un design \u00e9v\u00e9nementiel au rendu professionnel.[\/vc_column_text][\/vc_column][vc_column width=\u00a0\u00bb7\/12&Prime; css=\u00a0\u00bb.vc_custom_1749124697483{margin-top: 0px !important;margin-bottom: 0px !important;border-top-width: 0px !important;border-bottom-width: 0px !important;padding-top: 0px !important;padding-bottom: 0px !important;}\u00a0\u00bb][vc_single_image image=\u00a0\u00bb640&Prime; img_size=\u00a0\u00bbfull\u00a0\u00bb css=\u00a0\u00bb.vc_custom_1753863041194{margin-bottom: 0px !important;}\u00a0\u00bb][\/vc_column][\/vc_row][\/vc_section][vc_section css=\u00a0\u00bb.vc_custom_1749124652724{margin-top: 0px !important;margin-bottom: 0px !important;border-top-width: 0px !important;border-bottom-width: 0px !important;padding-top: 0px !important;padding-bottom: 0px !important;}\u00a0\u00bb][vc_row equal_height=\u00a0\u00bbyes\u00a0\u00bb content_placement=\u00a0\u00bbmiddle\u00a0\u00bb css=\u00a0\u00bb.vc_custom_1749124691607{margin-top: 0px !important;margin-bottom: 0px !important;border-top-width: 0px !important;border-bottom-width: 0px !important;padding-top: 0px !important;padding-right: 0px !important;padding-bottom: 0px !important;padding-left: 0px !important;}\u00a0\u00bb][vc_column width=\u00a0\u00bb7\/12&Prime; css=\u00a0\u00bb.vc_custom_1749124697483{margin-top: 0px !important;margin-bottom: 0px !important;border-top-width: 0px !important;border-bottom-width: 0px !important;padding-top: 0px !important;padding-bottom: 0px !important;}\u00a0\u00bb][vc_single_image image=\u00a0\u00bb643&Prime; img_size=\u00a0\u00bbfull\u00a0\u00bb css=\u00a0\u00bb.vc_custom_1753863052674{margin-bottom: 0px !important;}\u00a0\u00bb][\/vc_column][vc_column width=\u00a0\u00bb5\/12&Prime; css=\u00a0\u00bb.vc_custom_1749124702626{margin-top: 0px !important;margin-bottom: 0px !important;border-top-width: 0px !important;border-bottom-width: 0px !important;padding-top: 0px !important;padding-bottom: 0px !important;}\u00a0\u00bb][vc_column_text css=\u00a0\u00bb.vc_custom_1749129901761{margin-right: -25px !important;margin-bottom: 35px !important;padding-top: 15px !important;padding-left: 25px !important;background-color: #575756 !important;}\u00a0\u00bb]<\/p>\n<h2 style=\"text-align: left;\">PAPETERIE<\/h2>\n<p>[\/vc_column_text][vc_column_text css=\u00a0\u00bb.vc_custom_1749129261399{margin-bottom: 0px !important;padding-top: 50px !important;padding-bottom: 50px !important;padding-left: 25px !important;}\u00a0\u00bb]<\/p>\n<h3>Cr\u00e9ation de menus | Panneaux et plans de table | Personnalisation \u00e9l\u00e9gante<\/h3>\n<p>[\/vc_column_text][vc_column_text css=\u00a0\u00bb.vc_custom_1750915234455{margin-bottom: 15px !important;padding-left: 25px !important;}\u00a0\u00bb]Les d\u00e9tails font toute la diff\u00e9rence. Notre papeterie compl\u00e8te votre d\u00e9coration avec des menus, plans de table, panneaux d\u2019accueil et autres imprim\u00e9s con\u00e7us avec soin. Tous les designs sont adapt\u00e9s \u00e0 vos couleurs, vos mat\u00e9riaux et l\u2019esth\u00e9tique globale \u2013 pour un rendu parfaitement harmonieux. Nous pouvons \u00e9galement int\u00e9grer des logos, illustrations ou ic\u00f4nes personnalis\u00e9s sur demande afin de rendre votre c\u00e9l\u00e9bration encore plus personnelle.[\/vc_column_text][\/vc_column][\/vc_row][\/vc_section][vc_section css=\u00a0\u00bb.vc_custom_1749124652724{margin-top: 0px !important;margin-bottom: 0px !important;border-top-width: 0px !important;border-bottom-width: 0px !important;padding-top: 0px !important;padding-bottom: 0px !important;}\u00a0\u00bb][vc_row equal_height=\u00a0\u00bbyes\u00a0\u00bb content_placement=\u00a0\u00bbmiddle\u00a0\u00bb css=\u00a0\u00bb.vc_custom_1749124691607{margin-top: 0px !important;margin-bottom: 0px !important;border-top-width: 0px !important;border-bottom-width: 0px !important;padding-top: 0px !important;padding-right: 0px !important;padding-bottom: 0px !important;padding-left: 0px !important;}\u00a0\u00bb][vc_column width=\u00a0\u00bb5\/12&Prime; css=\u00a0\u00bb.vc_custom_1749124702626{margin-top: 0px !important;margin-bottom: 0px !important;border-top-width: 0px !important;border-bottom-width: 0px !important;padding-top: 0px !important;padding-bottom: 0px !important;}\u00a0\u00bb][vc_column_text css=\u00a0\u00bb.vc_custom_1749129907636{margin-bottom: 35px !important;margin-left: -25px !important;padding-top: 15px !important;padding-left: 50px !important;background-color: #575756 !important;}\u00a0\u00bb]<\/p>\n<h2 style=\"text-align: left;\">MISE EN SC\u00c8NE<\/h2>\n<p>[\/vc_column_text][vc_column_text css=\u00a0\u00bb.vc_custom_1749129314577{margin-bottom: 0px !important;padding-top: 50px !important;padding-bottom: 50px !important;padding-left: 25px !important;}\u00a0\u00bb]<\/p>\n<h3>Mise en place sur site | Utilisation cr\u00e9ative des produits s\u00e9lectionn\u00e9s &amp; compositions florales<\/h3>\n<p>[\/vc_column_text][vc_column_text css=\u00a0\u00bb.vc_custom_1750915245562{margin-bottom: 15px !important;padding-left: 25px !important;}\u00a0\u00bb]Le jour de l\u2019\u00e9v\u00e9nement, nous r\u00e9unissons tous les \u00e9l\u00e9ments\u00a0: Avec un \u0153il exp\u00e9riment\u00e9 et une \u00e9quipe bien coordonn\u00e9e, nous garantissons une mise en \u0153uvre fluide sur place. De l\u2019installation de la d\u00e9coration aux derni\u00e8res touches \u2013 nous r\u00e9alisons le concept avec soin et passion. Vous pouvez ainsi vous d\u00e9tendre et profiter du moment pendant que nous donnons vie \u00e0 votre vision.[\/vc_column_text][\/vc_column][vc_column width=\u00a0\u00bb7\/12&Prime; css=\u00a0\u00bb.vc_custom_1749124697483{margin-top: 0px !important;margin-bottom: 0px !important;border-top-width: 0px !important;border-bottom-width: 0px !important;padding-top: 0px !important;padding-bottom: 0px !important;}\u00a0\u00bb][vc_single_image image=\u00a0\u00bb646&Prime; img_size=\u00a0\u00bbfull\u00a0\u00bb css=\u00a0\u00bb.vc_custom_1753863064711{margin-bottom: 0px !important;}\u00a0\u00bb][\/vc_column][\/vc_row][\/vc_section]<\/p>\n<\/div>","protected":false},"excerpt":{"rendered":"<p>[vc_section css=\u00a0\u00bb.vc_custom_1749124652724{margin-top: 0px !important;margin-bottom: 0px !important;border-top-width: 0px !important;border-bottom-width: 0px !important;padding-top: 0px !important;padding-bottom: 0px !important;}\u00a0\u00bb][vc_row equal_height=\u00a0\u00bbyes\u00a0\u00bb content_placement=\u00a0\u00bbtop\u00a0\u00bb css=\u00a0\u00bb.vc_custom_1753184591069{margin-top: 0px !important;margin-bottom: 0px !important;border-top-width: 0px !important;border-bottom-width: 0px !important;padding-top: 0px<span class=\"excerpt-hellip\"> [\u2026]<\/span><\/p>\n","protected":false},"author":1,"featured_media":-1,"parent":0,"menu_order":0,"comment_status":"closed","ping_status":"closed","template":"","meta":{"footnotes":""},"class_list":["post-343","page","type-page","status-publish","has-post-thumbnail","hentry"],"_links":{"self":[{"href":"https:\/\/country-concept.lu\/fr\/wp-json\/wp\/v2\/pages\/343","targetHints":{"allow":["GET"]}}],"collection":[{"href":"https:\/\/country-concept.lu\/fr\/wp-json\/wp\/v2\/pages"}],"about":[{"href":"https:\/\/country-concept.lu\/fr\/wp-json\/wp\/v2\/types\/page"}],"author":[{"embeddable":true,"href":"https:\/\/country-concept.lu\/fr\/wp-json\/wp\/v2\/users\/1"}],"replies":[{"embeddable":true,"href":"https:\/\/country-concept.lu\/fr\/wp-json\/wp\/v2\/comments?post=343"}],"version-history":[{"count":8,"href":"https:\/\/country-concept.lu\/fr\/wp-json\/wp\/v2\/pages\/343\/revisions"}],"predecessor-version":[{"id":653,"href":"https:\/\/country-concept.lu\/fr\/wp-json\/wp\/v2\/pages\/343\/revisions\/653"}],"wp:featuredmedia":[{"embeddable":true,"href":"https:\/\/country-concept.lu\/fr\/wp-json\/"}],"wp:attachment":[{"href":"https:\/\/country-concept.lu\/fr\/wp-json\/wp\/v2\/media?parent=343"}],"curies":[{"name":"wp","href":"https:\/\/api.w.org\/{rel}","templated":true}]}}