{"id":352,"date":"2025-06-05T13:17:57","date_gmt":"2025-06-05T13:17:57","guid":{"rendered":"https:\/\/country-concept.lu\/corporate-events\/"},"modified":"2025-07-22T12:01:15","modified_gmt":"2025-07-22T12:01:15","slug":"evenements-dentreprise","status":"publish","type":"page","link":"https:\/\/country-concept.lu\/fr\/evenements-dentreprise\/","title":{"rendered":"\u00c9v\u00e9nements d\u2019entreprise"},"content":{"rendered":"<div class=\"wpb-content-wrapper\"><p>[vc_section css=\u00a0\u00bb.vc_custom_1749124652724{margin-top: 0px !important;margin-bottom: 0px !important;border-top-width: 0px !important;border-bottom-width: 0px !important;padding-top: 0px !important;padding-bottom: 0px !important;}\u00a0\u00bb][vc_row equal_height=\u00a0\u00bbyes\u00a0\u00bb content_placement=\u00a0\u00bbmiddle\u00a0\u00bb css=\u00a0\u00bb.vc_custom_1753185600100{margin-top: 0px !important;margin-bottom: 0px !important;border-top-width: 0px !important;border-bottom-width: 0px !important;padding-top: 0px !important;padding-right: 0px !important;padding-bottom: 0px !important;padding-left: 0px !important;}\u00a0\u00bb][vc_column width=\u00a0\u00bb5\/12&Prime; css=\u00a0\u00bb.vc_custom_1749124702626{margin-top: 0px !important;margin-bottom: 0px !important;border-top-width: 0px !important;border-bottom-width: 0px !important;padding-top: 0px !important;padding-bottom: 0px !important;}\u00a0\u00bb][vc_column_text css=\u00a0\u00bb.vc_custom_1749129405065{margin-bottom: 35px !important;margin-left: -25px !important;padding-top: 15px !important;padding-left: 50px !important;background-color: #575756 !important;}\u00a0\u00bb]<\/p>\n<h1 style=\"text-align: left;\">\u00c9V\u00c9NEMENTS D\u2019ENTREPRISE<\/h1>\n<div id=\"gtx-trans\" style=\"position: absolute; left: -11px; top: -4.84375px;\">\n<div class=\"gtx-trans-icon\"><\/div>\n<\/div>\n<p>[\/vc_column_text][vc_column_text css=\u00a0\u00bb.vc_custom_1750934720759{margin-bottom: 0px !important;padding-top: 50px !important;padding-bottom: 50px !important;padding-left: 25px !important;}\u00a0\u00bb]<\/p>\n<h3>Solutions de design pour \u00e9v\u00e9nements &amp; espaces professionnels<\/h3>\n<p>[\/vc_column_text][vc_column_text css=\u00a0\u00bb.vc_custom_1750935180674{margin-bottom: 15px !important;padding-left: 25px !important;}\u00a0\u00bb]Qu\u2019il s\u2019agisse d\u2019un grand \u00e9v\u00e9nement d\u2019entreprise, d\u2019un salon professionnel ou d\u2019un am\u00e9nagement \u00e0 long terme \u2013 nous aidons les entreprises \u00e0 rendre leur identit\u00e9 de marque tangible gr\u00e2ce \u00e0 une d\u00e9coration \u00e9l\u00e9gante. Avec des concepts bien pens\u00e9s, un \u0153il pour le d\u00e9tail et une \u00e9quipe exp\u00e9riment\u00e9e, nous transformons \u00e9v\u00e9nements et espaces en univers de marque coh\u00e9rents.<\/p>\n<p>&nbsp;<\/p>\n<h4><strong>D\u00c9CORATION D\u2019\u00c9V\u00c9NEMENTS \u2013 d\u00e9coration temporaire<\/strong><\/h4>\n<p>Des mises en sc\u00e8ne percutantes avec style et concept<\/p>\n<p>De la conf\u00e9rence \u00e0 l\u2019\u00e9v\u00e9nement client \u2013 la mise en sc\u00e8ne de votre \u00e9v\u00e9nement est bien plus qu\u2019une simple d\u00e9coration. Elle fait partie int\u00e9grante de votre message de marque. Nous cr\u00e9ons des concepts de design sur mesure qui instaurent une atmosph\u00e8re, soulignent vos messages et ciblent pr\u00e9cis\u00e9ment votre public.<\/p>\n<p>&nbsp;<\/p>\n<h4><strong>Nos prestations :<\/strong><\/h4>\n<ul>\n<li>D\u00e9coration de lieux d\u2019\u00e9v\u00e9nements, sc\u00e8nes &amp; stands d\u2019exposition<\/li>\n<li>Arrangements floraux pour tables, lounges &amp; zones d\u2019accueil<\/li>\n<li>Location de mobilier et de d\u00e9coration d\u2019int\u00e9rieur<\/li>\n<li>Cr\u00e9ation de concepts de design personnalis\u00e9s<\/li>\n<li>Livraison, montage &amp; d\u00e9montage par notre \u00e9quipe<\/li>\n<\/ul>\n<div id=\"gtx-trans\" style=\"position: absolute; left: -13px; top: 618.844px;\">\n<div class=\"gtx-trans-icon\"><\/div>\n<\/div>\n<p>[\/vc_column_text][vc_column_text css=\u00a0\u00bb.vc_custom_1753185594800{margin-bottom: 35px !important;}\u00a0\u00bb]Qu\u2019il soit moderne, classique ou cr\u00e9atif \u2013 nous concevons des espaces qui marquent les esprits et \u00e9l\u00e8vent votre \u00e9v\u00e9nement \u00e0 un niveau sup\u00e9rieur.[\/vc_column_text][vc_column_text css=\u00a0\u00bb\u00a0\u00bb]<\/p>\n<p style=\"text-align: center;\"><a class=\"custom-btn-white\" href=\"https:\/\/country-concept.lu\/fr\/contact\/\">Demander un conseil sans engagement<\/a><\/p>\n<p>[\/vc_column_text][\/vc_column][vc_column width=\u00a0\u00bb7\/12&Prime; css=\u00a0\u00bb.vc_custom_1749124697483{margin-top: 0px !important;margin-bottom: 0px !important;border-top-width: 0px !important;border-bottom-width: 0px !important;padding-top: 0px !important;padding-bottom: 0px !important;}\u00a0\u00bb][vc_single_image image=\u00a0\u00bb575&Prime; img_size=\u00a0\u00bbfull\u00a0\u00bb css=\u00a0\u00bb.vc_custom_1753185607732{margin-bottom: 0px !important;}\u00a0\u00bb][\/vc_column][\/vc_row][\/vc_section][vc_section full_width=\u00a0\u00bbstretch_row\u00a0\u00bb min_height=\u00a0\u00bb1440&Prime; css=\u00a0\u00bb.vc_custom_1753185673495{margin-top: 0px !important;margin-right: 0px !important;margin-bottom: 0px !important;margin-left: 0px !important;border-top-width: 0px !important;border-right-width: 0px !important;border-bottom-width: 0px !important;border-left-width: 0px !important;padding-top: 0px !important;padding-right: 0px !important;padding-bottom: 0px !important;padding-left: 0px !important;background-image: url(https:\/\/country-concept.lu\/wp-content\/uploads\/2025\/07\/Country-Concept-Partyrent-Event-Decor-Rental-62.jpg?id=578) !important;background-position: center !important;background-repeat: no-repeat !important;background-size: cover !important;}\u00a0\u00bb][\/vc_section]<\/p>\n<\/div>","protected":false},"excerpt":{"rendered":"<p>[vc_section css=\u00a0\u00bb.vc_custom_1749124652724{margin-top: 0px !important;margin-bottom: 0px !important;border-top-width: 0px !important;border-bottom-width: 0px !important;padding-top: 0px !important;padding-bottom: 0px !important;}\u00a0\u00bb][vc_row equal_height=\u00a0\u00bbyes\u00a0\u00bb content_placement=\u00a0\u00bbmiddle\u00a0\u00bb css=\u00a0\u00bb.vc_custom_1753185600100{margin-top: 0px !important;margin-bottom: 0px !important;border-top-width: 0px !important;border-bottom-width: 0px !important;padding-top: 0px<span class=\"excerpt-hellip\"> [\u2026]<\/span><\/p>\n","protected":false},"author":1,"featured_media":0,"parent":0,"menu_order":0,"comment_status":"closed","ping_status":"closed","template":"","meta":{"footnotes":""},"class_list":["post-352","page","type-page","status-publish","hentry"],"_links":{"self":[{"href":"https:\/\/country-concept.lu\/fr\/wp-json\/wp\/v2\/pages\/352","targetHints":{"allow":["GET"]}}],"collection":[{"href":"https:\/\/country-concept.lu\/fr\/wp-json\/wp\/v2\/pages"}],"about":[{"href":"https:\/\/country-concept.lu\/fr\/wp-json\/wp\/v2\/types\/page"}],"author":[{"embeddable":true,"href":"https:\/\/country-concept.lu\/fr\/wp-json\/wp\/v2\/users\/1"}],"replies":[{"embeddable":true,"href":"https:\/\/country-concept.lu\/fr\/wp-json\/wp\/v2\/comments?post=352"}],"version-history":[{"count":5,"href":"https:\/\/country-concept.lu\/fr\/wp-json\/wp\/v2\/pages\/352\/revisions"}],"predecessor-version":[{"id":584,"href":"https:\/\/country-concept.lu\/fr\/wp-json\/wp\/v2\/pages\/352\/revisions\/584"}],"wp:attachment":[{"href":"https:\/\/country-concept.lu\/fr\/wp-json\/wp\/v2\/media?parent=352"}],"curies":[{"name":"wp","href":"https:\/\/api.w.org\/{rel}","templated":true}]}}