{"id":359,"date":"2025-06-26T10:49:24","date_gmt":"2025-06-26T10:49:24","guid":{"rendered":"https:\/\/country-concept.lu\/business-styling\/"},"modified":"2025-07-22T12:06:18","modified_gmt":"2025-07-22T12:06:18","slug":"stylisme-dentreprise","status":"publish","type":"page","link":"https:\/\/country-concept.lu\/fr\/stylisme-dentreprise\/","title":{"rendered":"Style d\u2019entreprise"},"content":{"rendered":"<div class=\"wpb-content-wrapper\"><p>[vc_section css=\u00a0\u00bb.vc_custom_1749124652724{margin-top: 0px !important;margin-bottom: 0px !important;border-top-width: 0px !important;border-bottom-width: 0px !important;padding-top: 0px !important;padding-bottom: 0px !important;}\u00a0\u00bb][vc_row equal_height=\u00a0\u00bbyes\u00a0\u00bb content_placement=\u00a0\u00bbmiddle\u00a0\u00bb css=\u00a0\u00bb.vc_custom_1753185940536{margin-top: 0px !important;margin-bottom: 0px !important;border-top-width: 0px !important;border-bottom-width: 0px !important;padding-top: 0px !important;padding-right: 0px !important;padding-bottom: 0px !important;padding-left: 0px !important;}\u00a0\u00bb][vc_column width=\u00a0\u00bb5\/12&Prime; css=\u00a0\u00bb.vc_custom_1749124702626{margin-top: 0px !important;margin-bottom: 0px !important;border-top-width: 0px !important;border-bottom-width: 0px !important;padding-top: 0px !important;padding-bottom: 0px !important;}\u00a0\u00bb][vc_column_text css=\u00a0\u00bb.vc_custom_1750934931111{margin-bottom: 35px !important;margin-left: -25px !important;padding-top: 15px !important;padding-left: 50px !important;background-color: #575756 !important;}\u00a0\u00bb]<\/p>\n<h1 style=\"text-align: left;\">STYLISME D\u2019ENTREPRISE<\/h1>\n<p>[\/vc_column_text][vc_column_text css=\u00a0\u00bb.vc_custom_1750934941527{margin-bottom: 0px !important;padding-top: 50px !important;padding-bottom: 50px !important;padding-left: 25px !important;}\u00a0\u00bb]<\/p>\n<h3>d\u00e9coration \u00e0 long terme ou saisonni\u00e8re<\/h3>\n<p>[\/vc_column_text][vc_column_text css=\u00a0\u00bb.vc_custom_1750935248833{margin-bottom: 15px !important;padding-left: 25px !important;}\u00a0\u00bb]Pas seulement les \u00e9v\u00e9nements \u2013 vos espaces professionnels m\u00e9ritent aussi de l\u2019attention. Avec notre stylisme d\u2019entreprise, nous concevons les int\u00e9rieurs tels que bureaux, zones d\u2019accueil ou boutiques de mani\u00e8re globale et conforme \u00e0 votre marque. Permanent ou saisonnier, fonctionnel ou \u00e9motionnel \u2013 nous apportons du style \u00e0 vos espaces quotidiens.<\/p>\n<p>&nbsp;<\/p>\n<h4>Notre offre :<\/h4>\n<ul>\n<li>Conseil en am\u00e9nagement pour bureaux, halls &amp; espaces clients<\/li>\n<li>D\u00e9coration saisonni\u00e8re pour restaurants, h\u00f4tels ou vitrines<\/li>\n<li>Am\u00e9nagement des espaces d\u2019accueil &amp; de pr\u00e9sentation<\/li>\n<li>Livraison r\u00e9guli\u00e8re d\u2019arrangements floraux frais<\/li>\n<li>Toiles de fond sur mesure &amp; installations de branding<\/li>\n<li>Location de produits &amp; mat\u00e9riaux \u00e9l\u00e9gants<\/li>\n<li>Conception &amp; impression de panneaux, menus ou cartes nominatives<\/li>\n<\/ul>\n<p>[\/vc_column_text][vc_column_text css=\u00a0\u00bb.vc_custom_1753185964748{margin-bottom: 35px !important;}\u00a0\u00bb]Avec un sens de l\u2019impact spatial, de l\u2019identit\u00e9 de marque et des tendances actuelles du design, nous transformons les espaces fonctionnels en environnements inspirants.[\/vc_column_text][vc_column_text css=\u00a0\u00bb.vc_custom_1750935276843{margin-top: 15px !important;}\u00a0\u00bb]<\/p>\n<p style=\"text-align: center;\"><a class=\"custom-btn-white\" href=\"https:\/\/country-concept.lu\/fr\/contact\/\">Demandez une consultation sans engagement maintenant<\/a><\/p>\n<p>[\/vc_column_text][\/vc_column][vc_column width=\u00a0\u00bb7\/12&Prime; css=\u00a0\u00bb.vc_custom_1749124697483{margin-top: 0px !important;margin-bottom: 0px !important;border-top-width: 0px !important;border-bottom-width: 0px !important;padding-top: 0px !important;padding-bottom: 0px !important;}\u00a0\u00bb][vc_single_image image=\u00a0\u00bb589&Prime; img_size=\u00a0\u00bbfull\u00a0\u00bb css=\u00a0\u00bb.vc_custom_1753185950699{margin-bottom: 0px !important;}\u00a0\u00bb][\/vc_column][\/vc_row][\/vc_section][vc_section full_width=\u00a0\u00bbstretch_row\u00a0\u00bb min_height=\u00a0\u00bb1440&Prime; css=\u00a0\u00bb.vc_custom_1753185976199{margin-top: 0px !important;margin-right: 0px !important;margin-bottom: 0px !important;margin-left: 0px !important;border-top-width: 0px !important;border-right-width: 0px !important;border-bottom-width: 0px !important;border-left-width: 0px !important;padding-top: 0px !important;padding-right: 0px !important;padding-bottom: 0px !important;padding-left: 0px !important;background-image: url(https:\/\/country-concept.lu\/wp-content\/uploads\/2025\/07\/Mask-Group-51.jpg?id=592) !important;background-position: center !important;background-repeat: no-repeat !important;background-size: cover !important;}\u00a0\u00bb][\/vc_section]<\/p>\n<\/div>","protected":false},"excerpt":{"rendered":"<p>[vc_section css=\u00a0\u00bb.vc_custom_1749124652724{margin-top: 0px !important;margin-bottom: 0px !important;border-top-width: 0px !important;border-bottom-width: 0px !important;padding-top: 0px !important;padding-bottom: 0px !important;}\u00a0\u00bb][vc_row equal_height=\u00a0\u00bbyes\u00a0\u00bb content_placement=\u00a0\u00bbmiddle\u00a0\u00bb css=\u00a0\u00bb.vc_custom_1753185940536{margin-top: 0px !important;margin-bottom: 0px !important;border-top-width: 0px !important;border-bottom-width: 0px !important;padding-top: 0px<span class=\"excerpt-hellip\"> [\u2026]<\/span><\/p>\n","protected":false},"author":1,"featured_media":0,"parent":0,"menu_order":0,"comment_status":"closed","ping_status":"closed","template":"","meta":{"footnotes":""},"class_list":["post-359","page","type-page","status-publish","hentry"],"_links":{"self":[{"href":"https:\/\/country-concept.lu\/fr\/wp-json\/wp\/v2\/pages\/359","targetHints":{"allow":["GET"]}}],"collection":[{"href":"https:\/\/country-concept.lu\/fr\/wp-json\/wp\/v2\/pages"}],"about":[{"href":"https:\/\/country-concept.lu\/fr\/wp-json\/wp\/v2\/types\/page"}],"author":[{"embeddable":true,"href":"https:\/\/country-concept.lu\/fr\/wp-json\/wp\/v2\/users\/1"}],"replies":[{"embeddable":true,"href":"https:\/\/country-concept.lu\/fr\/wp-json\/wp\/v2\/comments?post=359"}],"version-history":[{"count":4,"href":"https:\/\/country-concept.lu\/fr\/wp-json\/wp\/v2\/pages\/359\/revisions"}],"predecessor-version":[{"id":595,"href":"https:\/\/country-concept.lu\/fr\/wp-json\/wp\/v2\/pages\/359\/revisions\/595"}],"wp:attachment":[{"href":"https:\/\/country-concept.lu\/fr\/wp-json\/wp\/v2\/media?parent=359"}],"curies":[{"name":"wp","href":"https:\/\/api.w.org\/{rel}","templated":true}]}}