{"id":374,"date":"2025-06-05T13:28:47","date_gmt":"2025-06-05T13:28:47","guid":{"rendered":"https:\/\/country-concept.lu\/contact\/"},"modified":"2025-06-26T12:56:30","modified_gmt":"2025-06-26T12:56:30","slug":"contact","status":"publish","type":"page","link":"https:\/\/country-concept.lu\/fr\/contact\/","title":{"rendered":"Contact"},"content":{"rendered":"<div class=\"wpb-content-wrapper\"><p>[vc_section css=\u00a0\u00bb.vc_custom_1749124652724{margin-top: 0px !important;margin-bottom: 0px !important;border-top-width: 0px !important;border-bottom-width: 0px !important;padding-top: 0px !important;padding-bottom: 0px !important;}\u00a0\u00bb][vc_row equal_height=\u00a0\u00bbyes\u00a0\u00bb content_placement=\u00a0\u00bbmiddle\u00a0\u00bb css=\u00a0\u00bb.vc_custom_1749124691607{margin-top: 0px !important;margin-bottom: 0px !important;border-top-width: 0px !important;border-bottom-width: 0px !important;padding-top: 0px !important;padding-right: 0px !important;padding-bottom: 0px !important;padding-left: 0px !important;}\u00a0\u00bb][vc_column width=\u00a0\u00bb5\/12&Prime; css=\u00a0\u00bb.vc_custom_1749124702626{margin-top: 0px !important;margin-bottom: 0px !important;border-top-width: 0px !important;border-bottom-width: 0px !important;padding-top: 0px !important;padding-bottom: 0px !important;}\u00a0\u00bb][vc_column_text css=\u00a0\u00bb.vc_custom_1750938547881{margin-bottom: 35px !important;margin-left: -25px !important;padding-top: 15px !important;padding-left: 50px !important;background-color: #575756 !important;}\u00a0\u00bb]<\/p>\n<h1 style=\"text-align: left;\">Contact &#8211; Demandez d\u00e8s maintenant<\/h1>\n<p>[\/vc_column_text][vc_column_text css=\u00a0\u00bb.vc_custom_1750938784928{margin-top: 50px !important;padding-left: 25px !important;}\u00a0\u00bb]<br \/>\nNous attendons vos id\u00e9es avec impatience<\/p>\n<p>Vous avez des questions ou souhaitez prendre directement rendez-vous pour une consultation sans engagement ?<br \/>\nAlors \u00e9crivez-nous via notre formulaire de contact ou appelez-nous.<br \/>\n[\/vc_column_text][vc_column_text css=\u00a0\u00bb.vc_custom_1750938750477{margin-top: 35px !important;margin-bottom: 15px !important;padding-left: 25px !important;}\u00a0\u00bb]<br \/>\nT\u00e9l : +352 26 72 78 501<br \/>\nWeb : www.country-concept.lu<br \/>\nE-mail : contact@country-concept.lu<br \/>\n[\/vc_column_text][vc_column_text css=\u00a0\u00bb.vc_custom_1750938645313{margin-bottom: 0px !important;padding-top: 50px !important;padding-bottom: 50px !important;padding-left: 25px !important;}\u00a0\u00bb]<\/p>\n<h4>Country.Concept<br \/>\n1, Rue Petrus Fisch<br \/>\nL-6468 Echternach<\/h4>\n<p>[\/vc_column_text][\/vc_column][vc_column width=\u00a0\u00bb7\/12&Prime; css=\u00a0\u00bb.vc_custom_1749124697483{margin-top: 0px !important;margin-bottom: 0px !important;border-top-width: 0px !important;border-bottom-width: 0px !important;padding-top: 0px !important;padding-bottom: 0px !important;}\u00a0\u00bb][vc_goo_maps location=\u00a0\u00bb1, Rue Petrus Fisch L-6468 Echternach\u00a0\u00bb css=\u00a0\u00bb\u00a0\u00bb][\/vc_column][\/vc_row][\/vc_section][vc_section][vc_row equal_height=\u00a0\u00bbyes\u00a0\u00bb content_placement=\u00a0\u00bbmiddle\u00a0\u00bb css=\u00a0\u00bb.vc_custom_1749124691607{margin-top: 0px !important;margin-bottom: 0px !important;border-top-width: 0px !important;border-bottom-width: 0px !important;padding-top: 0px !important;padding-right: 0px !important;padding-bottom: 0px !important;padding-left: 0px !important;}\u00a0\u00bb][vc_column width=\u00a0\u00bb5\/12&Prime; css=\u00a0\u00bb.vc_custom_1749124702626{margin-top: 0px !important;margin-bottom: 0px !important;border-top-width: 0px !important;border-bottom-width: 0px !important;padding-top: 0px !important;padding-bottom: 0px !important;}\u00a0\u00bb][vc_column_text css=\u00a0\u00bb.vc_custom_1749130304009{margin-bottom: 35px !important;margin-left: -25px !important;padding-top: 25px !important;padding-bottom: 10px !important;padding-left: 50px !important;background-color: #575756 !important;}\u00a0\u00bb]<\/p>\n<h3 style=\"text-align: left; color: white;\">Contactez-nous pour cr\u00e9er votre \u00e9v\u00e9nement parfait<\/h3>\n<p>[\/vc_column_text][\/vc_column][\/vc_row][vc_row][vc_column width=\u00a0\u00bb1\/4&Prime;][\/vc_column][vc_column width=\u00a0\u00bb1\/2&Prime;]\n<div class=\"wpcf7 no-js\" id=\"wpcf7-f378-o1\" lang=\"fr-FR\" dir=\"ltr\" data-wpcf7-id=\"378\">\n<div class=\"screen-reader-response\"><p role=\"status\" aria-live=\"polite\" aria-atomic=\"true\"><\/p> <ul><\/ul><\/div>\n<form action=\"\/fr\/wp-json\/wp\/v2\/pages\/374#wpcf7-f378-o1\" method=\"post\" class=\"wpcf7-form init\" aria-label=\"Formulaire de contact\" enctype=\"multipart\/form-data\" novalidate=\"novalidate\" data-status=\"init\">\n<fieldset class=\"hidden-fields-container\"><input type=\"hidden\" name=\"_wpcf7\" value=\"378\" \/><input type=\"hidden\" name=\"_wpcf7_version\" value=\"6.1.1\" \/><input type=\"hidden\" name=\"_wpcf7_locale\" value=\"fr_FR\" \/><input type=\"hidden\" name=\"_wpcf7_unit_tag\" value=\"wpcf7-f378-o1\" \/><input type=\"hidden\" name=\"_wpcf7_container_post\" value=\"0\" \/><input type=\"hidden\" name=\"_wpcf7_posted_data_hash\" value=\"\" \/>\n<\/fieldset>\n<div class=\"event-form\">\n\t<h2>Informations personnelles\n\t<\/h2>\n<hr \/>\n\t<p><label for=\"field-your-name\">Nom<\/label><br \/>\n<span class=\"wpcf7-form-control-wrap\" data-name=\"your-name\"><input size=\"40\" maxlength=\"400\" class=\"wpcf7-form-control wpcf7-text wpcf7-validates-as-required\" id=\"field-your-name\" autocomplete=\"name\" aria-required=\"true\" aria-invalid=\"false\" value=\"\" type=\"text\" name=\"your-name\" \/><\/span>\n\t<\/p>\n\t<p><label for=\"field-your-email\">Adresse e-mail<\/label><br \/>\n<span class=\"wpcf7-form-control-wrap\" data-name=\"your-email\"><input size=\"40\" maxlength=\"400\" class=\"wpcf7-form-control wpcf7-email wpcf7-validates-as-required wpcf7-text wpcf7-validates-as-email\" id=\"field-your-email\" autocomplete=\"email\" aria-required=\"true\" aria-invalid=\"false\" value=\"\" type=\"email\" name=\"your-email\" \/><\/span>\n\t<\/p>\n\t<p><label for=\"field-your-phone\">Num\u00e9ro de t\u00e9l\u00e9phone<\/label><br \/>\n<span class=\"wpcf7-form-control-wrap\" data-name=\"your-phone\"><input size=\"40\" maxlength=\"400\" class=\"wpcf7-form-control wpcf7-tel wpcf7-validates-as-required wpcf7-text wpcf7-validates-as-tel\" id=\"field-your-phone\" autocomplete=\"tel\" aria-required=\"true\" aria-invalid=\"false\" value=\"\" type=\"tel\" name=\"your-phone\" \/><\/span>\n\t<\/p>\n\t<p><label>M\u00e9thode de contact pr\u00e9f\u00e9r\u00e9e<\/label><br \/>\n<span class=\"wpcf7-form-control-wrap\" data-name=\"contact-method\"><span class=\"wpcf7-form-control wpcf7-checkbox wpcf7-validates-as-required\"><span class=\"wpcf7-list-item first\"><label><input type=\"checkbox\" name=\"contact-method[]\" value=\"E-mail\" \/><span class=\"wpcf7-list-item-label\">E-mail<\/span><\/label><\/span><span class=\"wpcf7-list-item last\"><label><input type=\"checkbox\" name=\"contact-method[]\" value=\"T\u00e9l\u00e9phone\" \/><span class=\"wpcf7-list-item-label\">T\u00e9l\u00e9phone<\/span><\/label><\/span><\/span><\/span>\n\t<\/p>\n\t<p><label for=\"field-location-name\">Nom du lieu *<\/label><br \/>\n<span class=\"wpcf7-form-control-wrap\" data-name=\"location-name\"><input size=\"40\" maxlength=\"400\" class=\"wpcf7-form-control wpcf7-text wpcf7-validates-as-required\" id=\"field-location-name\" aria-required=\"true\" aria-invalid=\"false\" value=\"\" type=\"text\" name=\"location-name\" \/><\/span>\n\t<\/p>\n\t<p><label for=\"field-location-address\">Adresse du lieu *<\/label><br \/>\n<span class=\"wpcf7-form-control-wrap\" data-name=\"location-address\"><input size=\"40\" maxlength=\"400\" class=\"wpcf7-form-control wpcf7-text wpcf7-validates-as-required\" id=\"field-location-address\" aria-required=\"true\" aria-invalid=\"false\" value=\"\" type=\"text\" name=\"location-address\" \/><\/span>\n\t<\/p>\n\t<p><label for=\"field-city\">Ville *<\/label><br \/>\n<span class=\"wpcf7-form-control-wrap\" data-name=\"city\"><input size=\"40\" maxlength=\"400\" class=\"wpcf7-form-control wpcf7-text wpcf7-validates-as-required\" id=\"field-city\" aria-required=\"true\" aria-invalid=\"false\" value=\"\" type=\"text\" name=\"city\" \/><\/span>\n\t<\/p>\n\t<h2>Informations sur l'\u00e9v\u00e9nement\n\t<\/h2>\n<hr \/>\n\t<p><label>Type d'\u00e9v\u00e9nement (Choisissez-en un)<\/label><br \/>\n<span class=\"wpcf7-form-control-wrap\" data-name=\"event-type\"><span class=\"wpcf7-form-control wpcf7-checkbox wpcf7-validates-as-required\"><span class=\"wpcf7-list-item first\"><label><input type=\"checkbox\" name=\"event-type[]\" value=\"Mariage\" \/><span class=\"wpcf7-list-item-label\">Mariage<\/span><\/label><\/span><span class=\"wpcf7-list-item\"><label><input type=\"checkbox\" name=\"event-type[]\" value=\"Anniversaire\" \/><span class=\"wpcf7-list-item-label\">Anniversaire<\/span><\/label><\/span><span class=\"wpcf7-list-item\"><label><input type=\"checkbox\" name=\"event-type[]\" value=\"Bapt\u00eame\" \/><span class=\"wpcf7-list-item-label\">Bapt\u00eame<\/span><\/label><\/span><span class=\"wpcf7-list-item\"><label><input type=\"checkbox\" name=\"event-type[]\" value=\"Baby Shower\" \/><span class=\"wpcf7-list-item-label\">Baby Shower<\/span><\/label><\/span><span class=\"wpcf7-list-item\"><label><input type=\"checkbox\" name=\"event-type[]\" value=\"Anniversaire de mariage\" \/><span class=\"wpcf7-list-item-label\">Anniversaire de mariage<\/span><\/label><\/span><span class=\"wpcf7-list-item\"><label><input type=\"checkbox\" name=\"event-type[]\" value=\"\u00c9v\u00e9nement d&#039;entreprise\" \/><span class=\"wpcf7-list-item-label\">\u00c9v\u00e9nement d&#039;entreprise<\/span><\/label><\/span><span class=\"wpcf7-list-item last\"><label><input type=\"checkbox\" name=\"event-type[]\" value=\"Autre\" \/><span class=\"wpcf7-list-item-label\">Autre<\/span><\/label><\/span><\/span><\/span>\n\t<\/p>\n\t<p><label for=\"field-event-type-other\">(Veuillez pr\u00e9ciser)<\/label><br \/>\n<span class=\"wpcf7-form-control-wrap\" data-name=\"event-type-other\"><input size=\"40\" maxlength=\"400\" class=\"wpcf7-form-control wpcf7-text\" id=\"field-event-type-other\" aria-invalid=\"false\" value=\"\" type=\"text\" name=\"event-type-other\" \/><\/span>\n\t<\/p>\n\t<p><label for=\"field-event-date\">Date de l'\u00e9v\u00e9nement *<\/label><br \/>\n<span class=\"wpcf7-form-control-wrap\" data-name=\"event-date\"><input class=\"wpcf7-form-control wpcf7-date wpcf7-validates-as-required wpcf7-validates-as-date\" id=\"field-event-date\" aria-required=\"true\" aria-invalid=\"false\" value=\"\" type=\"date\" name=\"event-date\" \/><\/span>\n\t<\/p>\n\t<p><label for=\"field-event-time\">Heure de d\u00e9but *<\/label><br \/>\n<span class=\"wpcf7-form-control-wrap\" data-name=\"event-time\"><input size=\"40\" maxlength=\"400\" class=\"wpcf7-form-control wpcf7-text wpcf7-validates-as-required cf7-timepicker\" id=\"field-event-time\" aria-required=\"true\" aria-invalid=\"false\" value=\"\" type=\"text\" name=\"event-time\" \/><\/span>\n\t<\/p>\n\t<p><label for=\"field-guests\">Nombre d'invit\u00e9s *<\/label><br \/>\n<span class=\"wpcf7-form-control-wrap\" data-name=\"guests\"><input class=\"wpcf7-form-control wpcf7-number wpcf7-validates-as-required wpcf7-validates-as-number\" id=\"field-guests\" min=\"1\" aria-required=\"true\" aria-invalid=\"false\" value=\"\" type=\"number\" name=\"guests\" \/><\/span>\n\t<\/p>\n\t<h2>Lieu & Th\u00e8me\n\t<\/h2>\n<hr \/>\n\t<p><label>Type de lieu<\/label><br \/>\n<span class=\"wpcf7-form-control-wrap\" data-name=\"venue-type\"><span class=\"wpcf7-form-control wpcf7-checkbox wpcf7-validates-as-required\"><span class=\"wpcf7-list-item first\"><label><input type=\"checkbox\" name=\"venue-type[]\" value=\"Int\u00e9rieur\" \/><span class=\"wpcf7-list-item-label\">Int\u00e9rieur<\/span><\/label><\/span><span class=\"wpcf7-list-item\"><label><input type=\"checkbox\" name=\"venue-type[]\" value=\"Ext\u00e9rieur\" \/><span class=\"wpcf7-list-item-label\">Ext\u00e9rieur<\/span><\/label><\/span><span class=\"wpcf7-list-item last\"><label><input type=\"checkbox\" name=\"venue-type[]\" value=\"Les deux\" \/><span class=\"wpcf7-list-item-label\">Les deux<\/span><\/label><\/span><\/span><\/span>\n\t<\/p>\n\t<p><label for=\"field-theme\">Th\u00e8me \/ Style de l'\u00e9v\u00e9nement<\/label><br \/>\n<span class=\"wpcf7-form-control-wrap\" data-name=\"theme\"><input size=\"40\" maxlength=\"400\" class=\"wpcf7-form-control wpcf7-text\" id=\"field-theme\" aria-invalid=\"false\" placeholder=\"ex. Romantique, Minimaliste, Tropical\" value=\"\" type=\"text\" name=\"theme\" \/><\/span>\n\t<\/p>\n\t<p><label for=\"field-color-palette\">Palette de couleurs pr\u00e9f\u00e9r\u00e9e (le cas \u00e9ch\u00e9ant)<\/label><br \/>\n<span class=\"wpcf7-form-control-wrap\" data-name=\"color-palette\"><input size=\"40\" maxlength=\"400\" class=\"wpcf7-form-control wpcf7-text\" id=\"field-color-palette\" aria-invalid=\"false\" value=\"\" type=\"text\" name=\"color-palette\" \/><\/span>\n\t<\/p>\n\t<h2>D\u00e9tails de la d\u00e9coration\n\t<\/h2>\n<hr \/>\n\t<p><label>Zones sp\u00e9cifiques \u00e0 d\u00e9corer (Plusieurs choix possibles)<\/label><br \/>\n<span class=\"wpcf7-form-control-wrap\" data-name=\"decorate-areas\"><span class=\"wpcf7-form-control wpcf7-checkbox\"><span class=\"wpcf7-list-item first\"><label><input type=\"checkbox\" name=\"decorate-areas[]\" value=\"Entr\u00e9e \/ Zone d&#039;accueil\" \/><span class=\"wpcf7-list-item-label\">Entr\u00e9e \/ Zone d&#039;accueil<\/span><\/label><\/span><span class=\"wpcf7-list-item\"><label><input type=\"checkbox\" name=\"decorate-areas[]\" value=\"Zone de c\u00e9r\u00e9monie\" \/><span class=\"wpcf7-list-item-label\">Zone de c\u00e9r\u00e9monie<\/span><\/label><\/span><span class=\"wpcf7-list-item\"><label><input type=\"checkbox\" name=\"decorate-areas[]\" value=\"\u00c9glise\" \/><span class=\"wpcf7-list-item-label\">\u00c9glise<\/span><\/label><\/span><span class=\"wpcf7-list-item\"><label><input type=\"checkbox\" name=\"decorate-areas[]\" value=\"Sc\u00e8ne\" \/><span class=\"wpcf7-list-item-label\">Sc\u00e8ne<\/span><\/label><\/span><span class=\"wpcf7-list-item\"><label><input type=\"checkbox\" name=\"decorate-areas[]\" value=\"Tables (Tables des invit\u00e9s, Table d&#039;honneur)\" \/><span class=\"wpcf7-list-item-label\">Tables (Tables des invit\u00e9s, Table d&#039;honneur)<\/span><\/label><\/span><span class=\"wpcf7-list-item\"><label><input type=\"checkbox\" name=\"decorate-areas[]\" value=\"Toile de fond \/ Photobooth\" \/><span class=\"wpcf7-list-item-label\">Toile de fond \/ Photobooth<\/span><\/label><\/span><span class=\"wpcf7-list-item\"><label><input type=\"checkbox\" name=\"decorate-areas[]\" value=\"Table \u00e0 g\u00e2teau \/ dessert\" \/><span class=\"wpcf7-list-item-label\">Table \u00e0 g\u00e2teau \/ dessert<\/span><\/label><\/span><span class=\"wpcf7-list-item\"><label><input type=\"checkbox\" name=\"decorate-areas[]\" value=\"Piste de danse\" \/><span class=\"wpcf7-list-item-label\">Piste de danse<\/span><\/label><\/span><span class=\"wpcf7-list-item\"><label><input type=\"checkbox\" name=\"decorate-areas[]\" value=\"Plafond (ex. fleurs suspendues, tissus, lumi\u00e8res)\" \/><span class=\"wpcf7-list-item-label\">Plafond (ex. fleurs suspendues, tissus, lumi\u00e8res)<\/span><\/label><\/span><span class=\"wpcf7-list-item last\"><label><input type=\"checkbox\" name=\"decorate-areas[]\" value=\"Autres\" \/><span class=\"wpcf7-list-item-label\">Autres<\/span><\/label><\/span><\/span><\/span>\n\t<\/p>\n\t<p><label for=\"field-decorate-areas-other\">(Veuillez pr\u00e9ciser)<\/label><br \/>\n<span class=\"wpcf7-form-control-wrap\" data-name=\"decorate-areas-other\"><input size=\"40\" maxlength=\"400\" class=\"wpcf7-form-control wpcf7-text\" id=\"field-decorate-areas-other\" aria-invalid=\"false\" value=\"\" type=\"text\" name=\"decorate-areas-other\" \/><\/span>\n\t<\/p>\n\t<p><label>Articles et accessoires de d\u00e9coration (Plusieurs choix possibles)<\/label><br \/>\n<span class=\"wpcf7-form-control-wrap\" data-name=\"items\"><span class=\"wpcf7-form-control wpcf7-checkbox\"><span class=\"wpcf7-list-item first\"><label><input type=\"checkbox\" name=\"items[]\" value=\"Bougeoirs\" \/><span class=\"wpcf7-list-item-label\">Bougeoirs<\/span><\/label><\/span><span class=\"wpcf7-list-item\"><label><input type=\"checkbox\" name=\"items[]\" value=\"Serviettes\" \/><span class=\"wpcf7-list-item-label\">Serviettes<\/span><\/label><\/span><span class=\"wpcf7-list-item\"><label><input type=\"checkbox\" name=\"items[]\" value=\"Bougies chauffe-plat\" \/><span class=\"wpcf7-list-item-label\">Bougies chauffe-plat<\/span><\/label><\/span><span class=\"wpcf7-list-item\"><label><input type=\"checkbox\" name=\"items[]\" value=\"Vases cylindriques\" \/><span class=\"wpcf7-list-item-label\">Vases cylindriques<\/span><\/label><\/span><span class=\"wpcf7-list-item\"><label><input type=\"checkbox\" name=\"items[]\" value=\"Vases \/ vases avec fleurs\" \/><span class=\"wpcf7-list-item-label\">Vases \/ vases avec fleurs<\/span><\/label><\/span><span class=\"wpcf7-list-item\"><label><input type=\"checkbox\" name=\"items[]\" value=\"Arrangements floraux (sans vase)\" \/><span class=\"wpcf7-list-item-label\">Arrangements floraux (sans vase)<\/span><\/label><\/span><span class=\"wpcf7-list-item\"><label><input type=\"checkbox\" name=\"items[]\" value=\"Papeterie (menus, signal\u00e9tique...)\" \/><span class=\"wpcf7-list-item-label\">Papeterie (menus, signal\u00e9tique...)<\/span><\/label><\/span><span class=\"wpcf7-list-item\"><label><input type=\"checkbox\" name=\"items[]\" value=\"Mobilier (chaises, tables, salons)\" \/><span class=\"wpcf7-list-item-label\">Mobilier (chaises, tables, salons)<\/span><\/label><\/span><span class=\"wpcf7-list-item\"><label><input type=\"checkbox\" name=\"items[]\" value=\"Vaisselle en verre\" \/><span class=\"wpcf7-list-item-label\">Vaisselle en verre<\/span><\/label><\/span><span class=\"wpcf7-list-item\"><label><input type=\"checkbox\" name=\"items[]\" value=\"Assiettes\" \/><span class=\"wpcf7-list-item-label\">Assiettes<\/span><\/label><\/span><span class=\"wpcf7-list-item\"><label><input type=\"checkbox\" name=\"items[]\" value=\"Lanterne\" \/><span class=\"wpcf7-list-item-label\">Lanterne<\/span><\/label><\/span><span class=\"wpcf7-list-item\"><label><input type=\"checkbox\" name=\"items[]\" value=\"Chemins de table\" \/><span class=\"wpcf7-list-item-label\">Chemins de table<\/span><\/label><\/span><span class=\"wpcf7-list-item\"><label><input type=\"checkbox\" name=\"items[]\" value=\"Coussins\" \/><span class=\"wpcf7-list-item-label\">Coussins<\/span><\/label><\/span><span class=\"wpcf7-list-item last\"><label><input type=\"checkbox\" name=\"items[]\" value=\"Autres\" \/><span class=\"wpcf7-list-item-label\">Autres<\/span><\/label><\/span><\/span><\/span>\n\t<\/p>\n\t<p><label for=\"field-item-ideas\">(Veuillez pr\u00e9ciser)<\/label><br \/>\n<span class=\"wpcf7-form-control-wrap\" data-name=\"item-ideas\"><textarea cols=\"40\" rows=\"10\" maxlength=\"2000\" class=\"wpcf7-form-control wpcf7-textarea\" id=\"field-item-ideas\" aria-invalid=\"false\" name=\"item-ideas\"><\/textarea><\/span>\n\t<\/p>\n\t<p><label for=\"field-key-elements\">Y a-t-il des \u00e9l\u00e9ments cl\u00e9s que vous souhaitez inclure ?<\/label><br \/>\n<span class=\"wpcf7-form-control-wrap\" data-name=\"key-elements\"><textarea cols=\"40\" rows=\"10\" maxlength=\"2000\" class=\"wpcf7-form-control wpcf7-textarea\" id=\"field-key-elements\" aria-invalid=\"false\" placeholder=\"ex. arches florales, centres de table, guirlandes lumineuses\" name=\"key-elements\"><\/textarea><\/span>\n\t<\/p>\n\t<p><label for=\"field-references\">Avez-vous des r\u00e9f\u00e9rences d'inspiration ? (Liens)<\/label><br \/>\n<span class=\"wpcf7-form-control-wrap\" data-name=\"references\"><input size=\"40\" maxlength=\"400\" class=\"wpcf7-form-control wpcf7-url wpcf7-text wpcf7-validates-as-url\" id=\"field-references\" aria-invalid=\"false\" value=\"\" type=\"url\" name=\"references\" \/><\/span>\n\t<\/p>\n\t<p><label for=\"field-file-upload\">Photos (ex. tableaux d'inspiration, photos du lieu, plans)<\/label><br \/>\n<span class=\"wpcf7-form-control-wrap\" data-name=\"file-upload\"><input size=\"40\" class=\"wpcf7-form-control wpcf7-file\" id=\"field-file-upload\" accept=\"audio\/*,video\/*,image\/*\" aria-invalid=\"false\" type=\"file\" name=\"file-upload\" \/><\/span>\n\t<\/p>\n\t<h2>Logistique de l'\u00e9v\u00e9nement\n\t<\/h2>\n<hr \/>\n\t<p><label>Y a-t-il des \u00e9l\u00e9ments cl\u00e9s que vous souhaitez inclure ?<\/label><br \/>\n<span class=\"wpcf7-form-control-wrap\" data-name=\"logistics-key\"><span class=\"wpcf7-form-control wpcf7-radio\"><span class=\"wpcf7-list-item first\"><label><input type=\"radio\" name=\"logistics-key\" value=\"Oui\" \/><span class=\"wpcf7-list-item-label\">Oui<\/span><\/label><\/span><span class=\"wpcf7-list-item last\"><label><input type=\"radio\" name=\"logistics-key\" value=\"Non\" \/><span class=\"wpcf7-list-item-label\">Non<\/span><\/label><\/span><\/span><\/span>\n\t<\/p>\n\t<p><label for=\"field-logistics-venue\">Pr\u00e9cisez le nom du lieu (si Oui)<\/label><br \/>\n<span class=\"wpcf7-form-control-wrap\" data-name=\"logistics-venue\"><input size=\"40\" maxlength=\"400\" class=\"wpcf7-form-control wpcf7-text\" id=\"field-logistics-venue\" aria-invalid=\"false\" value=\"\" type=\"text\" name=\"logistics-venue\" \/><\/span>\n\t<\/p>\n\t<h2>Informations suppl\u00e9mentaires\n\t<\/h2>\n<hr \/>\n\t<p><label for=\"field-budget\">Avez-vous une id\u00e9e de budget ?<\/label><br \/>\n<span class=\"wpcf7-form-control-wrap\" data-name=\"budget\"><input size=\"40\" maxlength=\"400\" class=\"wpcf7-form-control wpcf7-text\" id=\"field-budget\" aria-invalid=\"false\" placeholder=\"Donner une fourchette nous aide \u00e0 adapter nos services\" value=\"\" type=\"text\" name=\"budget\" \/><\/span>\n\t<\/p>\n\t<p><label for=\"field-notes\">Notes ou demandes suppl\u00e9mentaires<\/label><br \/>\n<span class=\"wpcf7-form-control-wrap\" data-name=\"notes\"><textarea cols=\"40\" rows=\"10\" maxlength=\"2000\" class=\"wpcf7-form-control wpcf7-textarea\" id=\"field-notes\" aria-invalid=\"false\" name=\"notes\"><\/textarea><\/span>\n\t<\/p>\n\t<p><label><span class=\"wpcf7-form-control-wrap\" data-name=\"acceptance-1\"><span class=\"wpcf7-form-control wpcf7-acceptance\"><span class=\"wpcf7-list-item\"><input type=\"checkbox\" name=\"acceptance-1\" value=\"1\" aria-invalid=\"false\" \/><\/span><\/span><\/span> J'accepte les conditions g\u00e9n\u00e9rales<\/label><br \/>\n<label><span class=\"wpcf7-form-control-wrap\" data-name=\"acceptance-2\"><span class=\"wpcf7-form-control wpcf7-acceptance\"><span class=\"wpcf7-list-item\"><input type=\"checkbox\" name=\"acceptance-2\" value=\"1\" aria-invalid=\"false\" \/><\/span><\/span><\/span> Je consens \u00e0 la politique de confidentialit\u00e9<\/label>\n\t<\/p>\n\t<p><input class=\"wpcf7-form-control wpcf7-submit has-spinner\" type=\"submit\" value=\"Envoyer\" \/>\n\t<\/p>\n<\/div>\n<p><script>\n\njQuery(document).ready(function($) {\n $('#field-event-time').attr('type', 'time');\n});\n\n<\/script>\n<\/p><div class=\"wpcf7-response-output\" aria-hidden=\"true\"><\/div>\n<\/form>\n<\/div>\n[\/vc_column][vc_column width=\u00a0\u00bb1\/4&Prime;][\/vc_column][\/vc_row][\/vc_section]<\/p>\n<\/div>","protected":false},"excerpt":{"rendered":"<p>[vc_section css=\u00a0\u00bb.vc_custom_1749124652724{margin-top: 0px !important;margin-bottom: 0px !important;border-top-width: 0px !important;border-bottom-width: 0px !important;padding-top: 0px !important;padding-bottom: 0px !important;}\u00a0\u00bb][vc_row equal_height=\u00a0\u00bbyes\u00a0\u00bb content_placement=\u00a0\u00bbmiddle\u00a0\u00bb css=\u00a0\u00bb.vc_custom_1749124691607{margin-top: 0px !important;margin-bottom: 0px !important;border-top-width: 0px !important;border-bottom-width: 0px !important;padding-top: 0px<span class=\"excerpt-hellip\"> [\u2026]<\/span><\/p>\n","protected":false},"author":1,"featured_media":-1,"parent":0,"menu_order":0,"comment_status":"closed","ping_status":"closed","template":"","meta":{"footnotes":""},"class_list":["post-374","page","type-page","status-publish","has-post-thumbnail","hentry"],"_links":{"self":[{"href":"https:\/\/country-concept.lu\/fr\/wp-json\/wp\/v2\/pages\/374","targetHints":{"allow":["GET"]}}],"collection":[{"href":"https:\/\/country-concept.lu\/fr\/wp-json\/wp\/v2\/pages"}],"about":[{"href":"https:\/\/country-concept.lu\/fr\/wp-json\/wp\/v2\/types\/page"}],"author":[{"embeddable":true,"href":"https:\/\/country-concept.lu\/fr\/wp-json\/wp\/v2\/users\/1"}],"replies":[{"embeddable":true,"href":"https:\/\/country-concept.lu\/fr\/wp-json\/wp\/v2\/comments?post=374"}],"version-history":[{"count":1,"href":"https:\/\/country-concept.lu\/fr\/wp-json\/wp\/v2\/pages\/374\/revisions"}],"predecessor-version":[{"id":375,"href":"https:\/\/country-concept.lu\/fr\/wp-json\/wp\/v2\/pages\/374\/revisions\/375"}],"wp:featuredmedia":[{"embeddable":true,"href":"https:\/\/country-concept.lu\/fr\/wp-json\/"}],"wp:attachment":[{"href":"https:\/\/country-concept.lu\/fr\/wp-json\/wp\/v2\/media?parent=374"}],"curies":[{"name":"wp","href":"https:\/\/api.w.org\/{rel}","templated":true}]}}