{"id":402,"date":"2025-06-05T09:42:45","date_gmt":"2025-06-05T09:42:45","guid":{"rendered":"https:\/\/country-concept.lu\/home\/"},"modified":"2025-07-22T10:28:43","modified_gmt":"2025-07-22T10:28:43","slug":"home","status":"publish","type":"page","link":"https:\/\/country-concept.lu\/fr\/","title":{"rendered":"Home"},"content":{"rendered":"<div class=\"wpb-content-wrapper\"><p>[vc_section full_width=\u00a0\u00bbstretch_row_content\u00a0\u00bb][vc_row full_width=\u00a0\u00bbstretch_row_content_no_spaces\u00a0\u00bb][vc_column]\n\t\t\t\t<p class=\"rs-p-wp-fix\"><\/p>\n\t\t\t\t<sr7-module data-alias=\"home-intro\" data-id=\"1\" id=\"SR7_1_1\" class=\"rs-ov-hidden\" data-version=\"6.7.33\">\n\t\t\t\t\t<sr7-adjuster><\/sr7-adjuster>\n\t\t\t\t\t<sr7-content>\n\t\t\t\t\t\t<sr7-slide id=\"SR7_1_1-1\" data-key=\"1\">\n\t\t\t\t\t\t\t<sr7-bg id=\"SR7_1_1-1-1\" class=\"sr7-layer\"><noscript><img decoding=\"async\" src=\"https:\/\/country-concept.lu\/wp-content\/uploads\/2025\/06\/001.jpg\" alt=\"\" title=\"001\"><\/noscript><\/sr7-bg>\n\t\t\t\t\t\t<\/sr7-slide>\n\t\t\t\t\t\t<sr7-slide id=\"SR7_1_1-3\" data-key=\"3\">\n\t\t\t\t\t\t\t<sr7-bg id=\"SR7_1_1-3-1\" class=\"sr7-layer\"><noscript><img decoding=\"async\" src=\"https:\/\/country-concept.lu\/wp-content\/uploads\/2025\/06\/002.jpg\" alt=\"\" title=\"002\"><\/noscript><\/sr7-bg>\n\t\t\t\t\t\t<\/sr7-slide>\n\t\t\t\t\t\t<sr7-slide id=\"SR7_1_1-4\" data-key=\"4\">\n\t\t\t\t\t\t\t<sr7-bg id=\"SR7_1_1-4-1\" class=\"sr7-layer\"><noscript><img decoding=\"async\" src=\"https:\/\/country-concept.lu\/wp-content\/uploads\/2025\/06\/003.jpg\" alt=\"\" title=\"003\"><\/noscript><\/sr7-bg>\n\t\t\t\t\t\t<\/sr7-slide>\n\t\t\t\t\t\t<sr7-slide id=\"SR7_1_1-5\" data-key=\"5\">\n\t\t\t\t\t\t\t<sr7-bg id=\"SR7_1_1-5-1\" class=\"sr7-layer\"><noscript><img decoding=\"async\" src=\"https:\/\/country-concept.lu\/wp-content\/uploads\/2025\/06\/004.jpg\" alt=\"\" title=\"004\"><\/noscript><\/sr7-bg>\n\t\t\t\t\t\t<\/sr7-slide>\n\t\t\t\t\t\t<sr7-slide id=\"SR7_1_1-2\" data-key=\"2\">\n\t\t\t\t\t\t<\/sr7-slide>\n\t\t\t\t\t<\/sr7-content>\n\t\t\t\t\t<image_lists style=\"display:none\">\n\t\t\t\t\t\t<img data-src=\"\/\/country-concept.lu\/wp-content\/uploads\/2025\/06\/001.jpg\" data-libid=\"19\" data-lib=\"medialibrary\" title=\"001\" width=\"0\" height=\"0\" data-dbsrc=\"Ly9jb3VudHJ5LWNvbmNlcHQubHUvd3AtY29udGVudC91cGxvYWRzLzIwMjUvMDYvMDAxLmpwZw==\"\/>\n\t\t\t\t\t\t<img data-src=\"\/\/country-concept.lu\/wp-content\/uploads\/2025\/06\/002.jpg\" data-libid=\"22\" data-lib=\"medialibrary\" title=\"002\" width=\"0\" height=\"0\" data-dbsrc=\"Ly9jb3VudHJ5LWNvbmNlcHQubHUvd3AtY29udGVudC91cGxvYWRzLzIwMjUvMDYvMDAyLmpwZw==\"\/>\n\t\t\t\t\t\t<img data-src=\"\/\/country-concept.lu\/wp-content\/uploads\/2025\/06\/003.jpg\" data-libid=\"25\" data-lib=\"medialibrary\" title=\"003\" width=\"0\" height=\"0\" data-dbsrc=\"Ly9jb3VudHJ5LWNvbmNlcHQubHUvd3AtY29udGVudC91cGxvYWRzLzIwMjUvMDYvMDAzLmpwZw==\"\/>\n\t\t\t\t\t\t<img data-src=\"\/\/country-concept.lu\/wp-content\/uploads\/2025\/06\/004.jpg\" data-libid=\"28\" data-lib=\"medialibrary\" title=\"004\" width=\"0\" height=\"0\" data-dbsrc=\"Ly9jb3VudHJ5LWNvbmNlcHQubHUvd3AtY29udGVudC91cGxvYWRzLzIwMjUvMDYvMDA0LmpwZw==\"\/>\n\t\t\t\t\t<\/image_lists>\n\t\t\t\t<\/sr7-module>\n\t\t\t\t<script>\n\t\t\t\t\tSR7.PMH ??={}; SR7.PMH[\"SR7_1_1\"] = {cn:100,state:false,fn: function() { if (_tpt!==undefined && _tpt.prepareModuleHeight !== undefined) {  _tpt.prepareModuleHeight({id:\"SR7_1_1\",el:[900,900,768,960,720],type:'standard',shdw:'0',gh:[900,900,743,565,349],gw:[1240,1240,1024,778,480],vpt:['-100px'],size:{fullWidth:true, fullHeight:false},mh:'0',onh:0,onw:0,bg:{color:'{\"orig\":\"transparent\",\"type\":\"solid\",\"string\":\"transparent\"}'}});   SR7.PMH[\"SR7_1_1\"].state=true;} else if(SR7.PMH[\"SR7_1_1\"].cn-->0)\tsetTimeout( SR7.PMH[\"SR7_1_1\"].fn,19);}};SR7.PMH[\"SR7_1_1\" ].fn();\n\t\t\t\t<\/script>\n[\/vc_column][\/vc_row][\/vc_section][vc_row][vc_column css=\u00a0\u00bb.vc_custom_1753179733231{padding-top: 35px !important;padding-bottom: 25px !important;}\u00a0\u00bb][vc_column_text css=\u00a0\u00bb.vc_custom_1753180120349{margin-bottom: 0px !important;}\u00a0\u00bb]<\/p>\n<h1 style=\"text-align: center; color: #707070;\">Bienvenue chez Country.Concept<\/h1>\n<p>[\/vc_column_text][\/vc_column][\/vc_row][vc_section css=\u00a0\u00bb.vc_custom_1749124652724{margin-top: 0px !important;margin-bottom: 0px !important;border-top-width: 0px !important;border-bottom-width: 0px !important;padding-top: 0px !important;padding-bottom: 0px !important;}\u00a0\u00bb][vc_row equal_height=\u00a0\u00bbyes\u00a0\u00bb content_placement=\u00a0\u00bbmiddle\u00a0\u00bb css=\u00a0\u00bb.vc_custom_1749124691607{margin-top: 0px !important;margin-bottom: 0px !important;border-top-width: 0px !important;border-bottom-width: 0px !important;padding-top: 0px !important;padding-right: 0px !important;padding-bottom: 0px !important;padding-left: 0px !important;}\u00a0\u00bb][vc_column width=\u00a0\u00bb7\/12&Prime; css=\u00a0\u00bb.vc_custom_1751286065717{margin-top: 0px !important;margin-right: 0px !important;margin-bottom: 0px !important;margin-left: -10px !important;border-top-width: 0px !important;border-right-width: 0px !important;border-bottom-width: 0px !important;border-left-width: 0px !important;padding-top: 0px !important;padding-right: 0px !important;padding-bottom: 0px !important;padding-left: 0px !important;background-color: #575756 !important;}\u00a0\u00bb el_class=\u00a0\u00bbhome-gray-box-content\u00a0\u00bb][vc_column_text css=\u00a0\u00bb\u00a0\u00bb]<\/p>\n<h2 style=\"text-align: center; color: white; line-height: 50px;\">D\u00e9coration \u00e9l\u00e9gante temporaire<\/h2>\n<p style=\"text-align: center; color: white;\">Qu&rsquo;il s&rsquo;agisse d&rsquo;un mariage, d&rsquo;un \u00e9v\u00e9nement d&rsquo;entreprise ou d&rsquo;une f\u00eate priv\u00e9e \u2013 nous concevons des concepts de d\u00e9coration personnalis\u00e9s qui correspondent parfaitement \u00e0 vous, \u00e0 votre \u00e9v\u00e9nement et \u00e0 votre lieu. Gr\u00e2ce \u00e0 des cr\u00e9ations florales, des objets de location de qualit\u00e9 et un sens aigu du d\u00e9tail, nous transformons chaque espace en une atmosph\u00e8re chaleureuse.<\/p>\n<p>[\/vc_column_text][vc_column_text css=\u00a0\u00bb.vc_custom_1751280631058{margin-top: 25px !important;margin-right: 0px !important;margin-bottom: 0px !important;margin-left: 0px !important;padding-bottom: 25px !important;background-color: #575756 !important;}\u00a0\u00bb]<\/p>\n<h3 style=\"text-align: center; color: white;\">Inspiration. Dans chaque d\u00e9tail. T\u00e9l\u00e9charger la brochure ici<\/h3>\n<p>&nbsp;<\/p>\n<p style=\"text-align: center; color: white;\"><a class=\"custom-btn\" href=\"\/wp-content\/uploads\/2025\/06\/Country.Concept-2025_5.pdf\" target=\"_blank\" rel=\"noopener\">T\u00c9L\u00c9CHARGER<\/a><\/p>\n<p>[\/vc_column_text][\/vc_column][vc_column width=\u00a0\u00bb5\/12&Prime; css=\u00a0\u00bb.vc_custom_1749140612405{margin-top: 0px !important;margin-right: -10px !important;margin-bottom: 0px !important;margin-left: 0px !important;border-top-width: 0px !important;border-right-width: 0px !important;border-bottom-width: 0px !important;border-left-width: 0px !important;padding-top: 0px !important;padding-right: 0px !important;padding-bottom: 0px !important;padding-left: 0px !important;}\u00a0\u00bb][vc_single_image image=\u00a0\u00bb130&Prime; img_size=\u00a0\u00bbfull\u00a0\u00bb alignment=\u00a0\u00bbcenter\u00a0\u00bb style=\u00a0\u00bbvc_box_shadow_border\u00a0\u00bb css=\u00a0\u00bb.vc_custom_1749665378851{margin-bottom: 0px !important;padding-top: 25px !important;padding-bottom: 25px !important;}\u00a0\u00bb][\/vc_column][\/vc_row][\/vc_section][vc_section css=\u00a0\u00bb.vc_custom_1749705018018{margin-top: 0px !important;margin-right: -25px !important;margin-bottom: 0px !important;margin-left: -25px !important;border-top-width: 0px !important;border-right-width: 0px !important;border-bottom-width: 0px !important;border-left-width: 0px !important;padding-top: 0px !important;padding-right: 0px !important;padding-bottom: 0px !important;padding-left: 0px !important;background-image: url(https:\/\/country-concept.lu\/wp-content\/uploads\/2025\/06\/Mask-Group-33.jpg?id=139) !important;background-position: center !important;background-repeat: no-repeat !important;background-size: cover !important;}\u00a0\u00bb min_height=\u00a0\u00bb800&Prime;][\/vc_section][vc_section css=\u00a0\u00bb.vc_custom_1749704489243{margin-top: 0px !important;margin-bottom: 0px !important;margin-left: 0px !important;border-top-width: 0px !important;border-bottom-width: 0px !important;border-left-width: 0px !important;padding-top: 0px !important;padding-bottom: 0px !important;padding-left: 0px !important;}\u00a0\u00bb][vc_row equal_height=\u00a0\u00bbyes\u00a0\u00bb content_placement=\u00a0\u00bbmiddle\u00a0\u00bb css=\u00a0\u00bb.vc_custom_1749704335112{margin-top: 0px !important;margin-bottom: 0px !important;margin-left: 0px !important;border-top-width: 0px !important;border-bottom-width: 0px !important;border-left-width: 0px !important;padding-top: 0px !important;padding-right: 0px !important;padding-bottom: 0px !important;padding-left: 0px !important;}\u00a0\u00bb][vc_column width=\u00a0\u00bb7\/12&Prime; css=\u00a0\u00bb.vc_custom_1749704982833{margin-top: 0px !important;margin-bottom: 0px !important;margin-left: -25px !important;border-top-width: 0px !important;border-bottom-width: 0px !important;border-left-width: 0px !important;padding-top: 0px !important;padding-bottom: 0px !important;padding-left: 0px !important;}\u00a0\u00bb][vc_single_image image=\u00a0\u00bb143&Prime; img_size=\u00a0\u00bbfull\u00a0\u00bb css=\u00a0\u00bb.vc_custom_1749665551298{margin-bottom: 0px !important;}\u00a0\u00bb][\/vc_column][vc_column width=\u00a0\u00bb5\/12&Prime; css=\u00a0\u00bb.vc_custom_1749124702626{margin-top: 0px !important;margin-bottom: 0px !important;border-top-width: 0px !important;border-bottom-width: 0px !important;padding-top: 0px !important;padding-bottom: 0px !important;}\u00a0\u00bb][vc_column_text css=\u00a0\u00bb.vc_custom_1751279844656{margin-right: -25px !important;margin-bottom: 35px !important;padding-top: 15px !important;padding-left: 25px !important;background-color: #575756 !important;}\u00a0\u00bb el_class=\u00a0\u00bbtitle-right-aligned\u00a0\u00bb]<\/p>\n<h2 style=\"text-align: left;\">R\u00e9seaux sociaux<\/h2>\n<div id=\"gtx-trans\" style=\"position: absolute; left: 139px; top: -8.10938px;\">\n<div class=\"gtx-trans-icon\"><\/div>\n<\/div>\n<p>[\/vc_column_text][vc_row_inner][vc_column_inner css=\u00a0\u00bb.vc_custom_1749666753359{padding-left: 50px !important;}\u00a0\u00bb][vc_column_text css=\u00a0\u00bb.vc_custom_1749666722726{margin-top: 25px !important;}\u00a0\u00bb el_class=\u00a0\u00bbicons-social\u00a0\u00bb]<a href=\"https:\/\/www.instagram.com\/country.concept.lu\/\"><i class=\"icon-instagram\" style=\"color:#94aba3\" aria-hidden=\"true\"><\/i>country.concept.lu<\/a><br \/>\n<a href=\"https:\/\/www.facebook.com\/countryconceptlxg\/\"><i class=\"icon-facebook\" style=\"color:#94aba3\" aria-hidden=\"true\"><\/i>country.concept.lu<\/a><br \/>\n<a href=\"https:\/\/lu.linkedin.com\/company\/country-concept\"><i class=\"icon-linkedin\" style=\"color:#94aba3\" aria-hidden=\"true\"><\/i>country.concept.lu<\/a>[\/vc_column_text][\/vc_column_inner][\/vc_row_inner][\/vc_column][\/vc_row][\/vc_section][vc_section full_width=\u00a0\u00bbstretch_row_content\u00a0\u00bb content_placement=\u00a0\u00bbmiddle\u00a0\u00bb parallax=\u00a0\u00bbcontent-moving\u00a0\u00bb parallax_image=\u00a0\u00bb165&Prime; parallax_speed_bg=\u00a0\u00bb2&Prime; css=\u00a0\u00bb.vc_custom_1749667012234{background-image: url(https:\/\/country-concept.lu\/wp-content\/uploads\/2025\/06\/Dekoration-Country.Concept-Partyrent-Ambience-Event-Rental-135.jpg?id=165) !important;background-position: center !important;background-repeat: no-repeat !important;background-size: contain !important;}\u00a0\u00bb min_height=\u00a0\u00bb800&Prime;][\/vc_section][vc_row][vc_column][vc_column_text]<\/p>\n<p>[\/vc_column_text][\/vc_column][\/vc_row][vc_section css=\u00a0\u00bb.vc_custom_1750944496473{margin-top: 0px !important;margin-bottom: 0px !important;border-top-width: 0px !important;border-bottom-width: 0px !important;padding-top: 0px !important;padding-bottom: 0px !important;}\u00a0\u00bb el_id=\u00a0\u00bbclassic-style\u00a0\u00bb][vc_row equal_height=\u00a0\u00bbyes\u00a0\u00bb content_placement=\u00a0\u00bbmiddle\u00a0\u00bb css=\u00a0\u00bb.vc_custom_1749124691607{margin-top: 0px !important;margin-bottom: 0px !important;border-top-width: 0px !important;border-bottom-width: 0px !important;padding-top: 0px !important;padding-right: 0px !important;padding-bottom: 0px !important;padding-left: 0px !important;}\u00a0\u00bb][vc_column width=\u00a0\u00bb5\/12&Prime; css=\u00a0\u00bb.vc_custom_1749124702626{margin-top: 0px !important;margin-bottom: 0px !important;border-top-width: 0px !important;border-bottom-width: 0px !important;padding-top: 0px !important;padding-bottom: 0px !important;}\u00a0\u00bb][vc_single_image image=\u00a0\u00bb180&Prime; img_size=\u00a0\u00bbmedium\u00a0\u00bb alignment=\u00a0\u00bbcenter\u00a0\u00bb css=\u00a0\u00bb.vc_custom_1750914814082{padding-bottom: 15px !important;}\u00a0\u00bb][vc_column_text css=\u00a0\u00bb.vc_custom_1751279837277{margin-bottom: 35px !important;margin-left: -25px !important;padding-top: 15px !important;padding-left: 50px !important;background-color: #575756 !important;}\u00a0\u00bb el_class=\u00a0\u00bbtitle-left-aligned\u00a0\u00bb]<\/p>\n<h2 style=\"text-align: left;\">Styles Classiques<\/h2>\n<p>[\/vc_column_text][vc_column_text css=\u00a0\u00bb.vc_custom_1750914639509{margin-bottom: 15px !important;padding-left: 25px !important;}\u00a0\u00bb]Choisissez parmi des packs de d\u00e9coration \u00e9l\u00e9gamment s\u00e9lectionn\u00e9s pour diff\u00e9rentes occasions \u2013 qu\u2019il s\u2019agisse d\u2019un \u00e9v\u00e9nement d\u2019entreprise ou d\u2019une f\u00eate priv\u00e9e. Nos ensembles pr\u00eats \u00e0 r\u00e9server sont la solution parfaite pour ceux qui souhaitent d\u00e9corer rapidement et facilement, sans compromis sur le style. Vous recevrez des d\u00e9corations de haute qualit\u00e9, adapt\u00e9es \u00e0 diff\u00e9rents th\u00e8mes et ambiances \u2013 livraison incluse, avec option de montage et d\u00e9montage. Id\u00e9al lorsque tout doit aller vite tout en restant \u00e9l\u00e9gant.[\/vc_column_text][vc_column_text css=\u00a0\u00bb.vc_custom_1750914831821{margin-bottom: 0px !important;padding-top: 25px !important;padding-bottom: 50px !important;padding-left: 25px !important;}\u00a0\u00bb]<\/p>\n<h3>Vos avantages avec nos packages\u00a0:<\/h3>\n<ul>\n<li>R\u00e9servation imm\u00e9diate &amp; gain de temps<\/li>\n<li>Combinaisons flexibles &amp; extensions personnalis\u00e9es<\/li>\n<li>\u00c9galement possible en d\u00e9coration autonome<\/li>\n<\/ul>\n<p>[\/vc_column_text][vc_column_text css=\u00a0\u00bb\u00a0\u00bb]<\/p>\n<p style=\"text-align: center;\"><a class=\"custom-btn-white\" href=\"https:\/\/country-concept.lu\/fr\/contact\/\">Demande gratuite<\/a><\/p>\n<p>[\/vc_column_text][\/vc_column][vc_column width=\u00a0\u00bb7\/12&Prime; css=\u00a0\u00bb.vc_custom_1749705077635{margin-top: 0px !important;margin-right: -25px !important;margin-bottom: 0px !important;border-top-width: 0px !important;border-bottom-width: 0px !important;padding-top: 0px !important;padding-bottom: 0px !important;}\u00a0\u00bb][vc_single_image image=\u00a0\u00bb174&Prime; img_size=\u00a0\u00bbfull\u00a0\u00bb alignment=\u00a0\u00bbright\u00a0\u00bb css=\u00a0\u00bb.vc_custom_1749704454080{margin-bottom: 0px !important;}\u00a0\u00bb][\/vc_column][\/vc_row][\/vc_section][vc_section full_width=\u00a0\u00bbstretch_row_content\u00a0\u00bb min_height=\u00a0\u00bb900&Prime; css=\u00a0\u00bb.vc_custom_1751282216321{background-image: url(https:\/\/country-concept.lu\/wp-content\/uploads\/2025\/06\/Packages-Vases-Dekoration-Country-Concept-scaled-e1751282093265.png?id=423) !important;}\u00a0\u00bb][\/vc_section][vc_section css=\u00a0\u00bb.vc_custom_1749704489243{margin-top: 0px !important;margin-bottom: 0px !important;margin-left: 0px !important;border-top-width: 0px !important;border-bottom-width: 0px !important;border-left-width: 0px !important;padding-top: 0px !important;padding-bottom: 0px !important;padding-left: 0px !important;}\u00a0\u00bb][vc_row equal_height=\u00a0\u00bbyes\u00a0\u00bb content_placement=\u00a0\u00bbmiddle\u00a0\u00bb css=\u00a0\u00bb.vc_custom_1749704335112{margin-top: 0px !important;margin-bottom: 0px !important;margin-left: 0px !important;border-top-width: 0px !important;border-bottom-width: 0px !important;border-left-width: 0px !important;padding-top: 0px !important;padding-right: 0px !important;padding-bottom: 0px !important;padding-left: 0px !important;}\u00a0\u00bb][vc_column width=\u00a0\u00bb7\/12&Prime; css=\u00a0\u00bb.vc_custom_1749704982833{margin-top: 0px !important;margin-bottom: 0px !important;margin-left: -25px !important;border-top-width: 0px !important;border-bottom-width: 0px !important;border-left-width: 0px !important;padding-top: 0px !important;padding-bottom: 0px !important;padding-left: 0px !important;}\u00a0\u00bb][vc_single_image image=\u00a0\u00bb211&Prime; img_size=\u00a0\u00bbfull\u00a0\u00bb css=\u00a0\u00bb.vc_custom_1749705407792{margin-bottom: 0px !important;}\u00a0\u00bb][\/vc_column][vc_column width=\u00a0\u00bb5\/12&Prime; css=\u00a0\u00bb.vc_custom_1749124702626{margin-top: 0px !important;margin-bottom: 0px !important;border-top-width: 0px !important;border-bottom-width: 0px !important;padding-top: 0px !important;padding-bottom: 0px !important;}\u00a0\u00bb][vc_single_image image=\u00a0\u00bb177&Prime; img_size=\u00a0\u00bbmedium\u00a0\u00bb alignment=\u00a0\u00bbcenter\u00a0\u00bb css=\u00a0\u00bb.vc_custom_1750914906178{padding-bottom: 15px !important;}\u00a0\u00bb][vc_column_text css=\u00a0\u00bb.vc_custom_1751279851574{margin-right: -25px !important;margin-bottom: 35px !important;padding-top: 15px !important;padding-left: 25px !important;background-color: #575756 !important;}\u00a0\u00bb el_class=\u00a0\u00bbtitle-right-aligned\u00a0\u00bb]<\/p>\n<h2 style=\"text-align: left;\">Styles Ma\u00eetres<\/h2>\n<p>[\/vc_column_text][vc_column_text css=\u00a0\u00bb\u00a0\u00bb]Nos Styles Ma\u00eetres offrent une libert\u00e9 de cr\u00e9ation maximale \u00e0 tous ceux qui souhaitent un concept de d\u00e9coration sur mesure. De la premi\u00e8re id\u00e9e \u00e0 la r\u00e9alisation finale, nous vous accompagnons avec cr\u00e9ativit\u00e9, exp\u00e9rience et un \u0153il attentif aux d\u00e9tails. Parfait pour les mariages, \u00e9v\u00e9nements d\u2019entreprise ou f\u00eates priv\u00e9es sp\u00e9ciales.[\/vc_column_text][vc_column_text css=\u00a0\u00bb.vc_custom_1750915014412{padding-top: 25px !important;padding-bottom: 25px !important;}\u00a0\u00bb]<\/p>\n<h3>Vos avantages avec nos Styles Ma\u00eetres\u00a0:<\/h3>\n<ul>\n<li>Concepts personnalis\u00e9s selon vos souhaits<\/li>\n<li>Designs floraux &amp; objets de d\u00e9coration d\u2019un seul fournisseur<\/li>\n<li>Accompagnement personnalis\u00e9 par nos designers floraux exp\u00e9riment\u00e9(e)s<\/li>\n<li>Service de location flexible\u00a0: livraison, installation &amp; d\u00e9montage \u00e0 la demande<\/li>\n<\/ul>\n<p>[\/vc_column_text][vc_column_text css=\u00a0\u00bb.vc_custom_1751282510043{margin-top: 30px !important;}\u00a0\u00bb]<\/p>\n<p style=\"text-align: center;\"><a class=\"custom-btn-white\" href=\"https:\/\/country-concept.lu\/fr\/contact\/\">Demande gratuite<\/a><\/p>\n<p>[\/vc_column_text][\/vc_column][\/vc_row][\/vc_section][vc_section css=\u00a0\u00bb.vc_custom_1749705571349{margin-top: 50px !important;margin-bottom: 50px !important;}\u00a0\u00bb][vc_row][vc_column width=\u00a0\u00bb1\/6&Prime;][\/vc_column][vc_column width=\u00a0\u00bb1\/6&Prime;][vc_single_image image=\u00a0\u00bb215&Prime; img_size=\u00a0\u00bbfull\u00a0\u00bb alignment=\u00a0\u00bbcenter\u00a0\u00bb css=\u00a0\u00bb\u00a0\u00bb][\/vc_column][vc_column width=\u00a0\u00bb1\/6&Prime;][vc_single_image image=\u00a0\u00bb218&Prime; img_size=\u00a0\u00bbfull\u00a0\u00bb alignment=\u00a0\u00bbcenter\u00a0\u00bb css=\u00a0\u00bb\u00a0\u00bb][\/vc_column][vc_column width=\u00a0\u00bb1\/6&Prime;][vc_single_image image=\u00a0\u00bb221&Prime; img_size=\u00a0\u00bbfull\u00a0\u00bb alignment=\u00a0\u00bbcenter\u00a0\u00bb css=\u00a0\u00bb\u00a0\u00bb][\/vc_column][vc_column width=\u00a0\u00bb1\/6&Prime;][vc_single_image image=\u00a0\u00bb224&Prime; img_size=\u00a0\u00bbfull\u00a0\u00bb alignment=\u00a0\u00bbcenter\u00a0\u00bb css=\u00a0\u00bb\u00a0\u00bb][\/vc_column][vc_column width=\u00a0\u00bb1\/6&Prime;][\/vc_column][\/vc_row][\/vc_section][vc_section full_width=\u00a0\u00bbstretch_row\u00a0\u00bb min_height=\u00a0\u00bb800&Prime; css=\u00a0\u00bb.vc_custom_1749705650157{background-image: url(https:\/\/country-concept.lu\/wp-content\/uploads\/2025\/06\/06_Master-styles-big.jpg?id=229) !important;background-position: center !important;background-repeat: no-repeat !important;background-size: cover !important;}\u00a0\u00bb][\/vc_section]<\/p>\n<\/div>","protected":false},"excerpt":{"rendered":"<p>[vc_section full_width=\u00a0\u00bbstretch_row_content\u00a0\u00bb][vc_row full_width=\u00a0\u00bbstretch_row_content_no_spaces\u00a0\u00bb][vc_column][\/vc_column][\/vc_row][\/vc_section][vc_row][vc_column css=\u00a0\u00bb.vc_custom_1753179733231{padding-top: 35px !important;padding-bottom: 25px !important;}\u00a0\u00bb][vc_column_text css=\u00a0\u00bb.vc_custom_1753180120349{margin-bottom: 0px !important;}\u00a0\u00bb] Bienvenue chez Country.Concept [\/vc_column_text][\/vc_column][\/vc_row][vc_section css=\u00a0\u00bb.vc_custom_1749124652724{margin-top: 0px !important;margin-bottom: 0px !important;border-top-width: 0px !important;border-bottom-width: 0px !important;padding-top: 0px !important;padding-bottom:<span class=\"excerpt-hellip\"> [\u2026]<\/span><\/p>\n","protected":false},"author":1,"featured_media":0,"parent":0,"menu_order":0,"comment_status":"closed","ping_status":"closed","template":"","meta":{"footnotes":""},"class_list":["post-402","page","type-page","status-publish","hentry"],"_links":{"self":[{"href":"https:\/\/country-concept.lu\/fr\/wp-json\/wp\/v2\/pages\/402","targetHints":{"allow":["GET"]}}],"collection":[{"href":"https:\/\/country-concept.lu\/fr\/wp-json\/wp\/v2\/pages"}],"about":[{"href":"https:\/\/country-concept.lu\/fr\/wp-json\/wp\/v2\/types\/page"}],"author":[{"embeddable":true,"href":"https:\/\/country-concept.lu\/fr\/wp-json\/wp\/v2\/users\/1"}],"replies":[{"embeddable":true,"href":"https:\/\/country-concept.lu\/fr\/wp-json\/wp\/v2\/comments?post=402"}],"version-history":[{"count":11,"href":"https:\/\/country-concept.lu\/fr\/wp-json\/wp\/v2\/pages\/402\/revisions"}],"predecessor-version":[{"id":499,"href":"https:\/\/country-concept.lu\/fr\/wp-json\/wp\/v2\/pages\/402\/revisions\/499"}],"wp:attachment":[{"href":"https:\/\/country-concept.lu\/fr\/wp-json\/wp\/v2\/media?parent=402"}],"curies":[{"name":"wp","href":"https:\/\/api.w.org\/{rel}","templated":true}]}}