{"id":658,"date":"2025-07-30T08:20:03","date_gmt":"2025-07-30T08:20:03","guid":{"rendered":"https:\/\/country-concept.lu\/?page_id=658"},"modified":"2025-07-31T08:55:33","modified_gmt":"2025-07-31T08:55:33","slug":"salons-et-foires","status":"publish","type":"page","link":"https:\/\/country-concept.lu\/fr\/salons-et-foires\/","title":{"rendered":"salons et foires"},"content":{"rendered":"<div class=\"wpb-content-wrapper\"><p>[vc_section css=\u00a0\u00bb.vc_custom_1749124652724{margin-top: 0px !important;margin-bottom: 0px !important;border-top-width: 0px !important;border-bottom-width: 0px !important;padding-top: 0px !important;padding-bottom: 0px !important;}\u00a0\u00bb][vc_row equal_height=\u00a0\u00bbyes\u00a0\u00bb content_placement=\u00a0\u00bbmiddle\u00a0\u00bb css=\u00a0\u00bb.vc_custom_1753185561657{margin-top: 0px !important;margin-bottom: 0px !important;border-top-width: 0px !important;border-bottom-width: 0px !important;padding-top: 0px !important;padding-right: 0px !important;padding-bottom: 0px !important;padding-left: 0px !important;}\u00a0\u00bb][vc_column width=\u00a0\u00bb5\/12&Prime; css=\u00a0\u00bb.vc_custom_1753214357850{margin-top: 0px !important;margin-bottom: 0px !important;border-top-width: 0px !important;border-bottom-width: 0px !important;padding-top: 0px !important;padding-bottom: 0px !important;}\u00a0\u00bb el_class=\u00a0\u00bbfull-with-on-medium\u00a0\u00bb][vc_column_text css=\u00a0\u00bb.vc_custom_1753951901064{margin-bottom: 35px !important;margin-left: -25px !important;padding-top: 15px !important;padding-left: 50px !important;background-color: #575756 !important;}\u00a0\u00bb]<\/p>\n<h1 style=\"text-align: left;\"><strong>SALONS ET FOIRES<\/strong><\/h1>\n<p>[\/vc_column_text][vc_column_text css=\u00a0\u00bb.vc_custom_1753951928737{margin-bottom: 0px !important;padding-top: 50px !important;padding-bottom: 50px !important;padding-left: 25px !important;}\u00a0\u00bb]<\/p>\n<h3 style=\"font-weight: 400;\"><strong>Votre pr\u00e9sence sur le salon. Votre marque. Notre d\u00e9coration.<\/strong><br \/>\n<strong>Une d\u00e9coration qui souligne votre message<\/strong><\/h3>\n<div id=\"gtx-trans\" style=\"position: absolute; left: 274px; top: 23px;\">\n<div class=\"gtx-trans-icon\"><\/div>\n<\/div>\n<p>[\/vc_column_text][vc_column_text css=\u00a0\u00bb.vc_custom_1753952065925{margin-bottom: 15px !important;padding-left: 25px !important;}\u00a0\u00bb]Une participation r\u00e9ussie \u00e0 un salon est plus qu&rsquo;une simple pr\u00e9sence &#8211; c&rsquo;est une exp\u00e9rience dont on se souviendra. Gr\u00e2ce \u00e0 un concept coh\u00e9rent, \u00e0 des \u00e9l\u00e9ments floraux et \u00e0 un sens aigu de l&rsquo;impact spatial, nous veillons \u00e0 ce que votre stand soit convaincant, tant sur le plan visuel qu&rsquo;\u00e9motionnel et professionnel.<\/p>\n<p>Qu&rsquo;il s&rsquo;agisse d&rsquo;un concept global ou d&rsquo;une touche finale, nous nous adaptons \u00e0 vos besoins et utilisons un style sophistiqu\u00e9 pour cr\u00e9er une atmosph\u00e8re qui attire les visiteurs et rend visible l&rsquo;identit\u00e9 de votre marque.<\/p>\n<p>&nbsp;<\/p>\n<p>&nbsp;<\/p>\n<p>&nbsp;<\/p>\n<h4>Nos services pour votre stand d&rsquo;exposition :<\/h4>\n<p>Consultation personnelle et d\u00e9veloppement d&rsquo;un concept cr\u00e9atif.<br \/>\nD\u00e9coration florale de comptoirs, de tables, de salons, etc.<br \/>\nLocation d&rsquo;objets tels que vases, accroche-regards, textiles, \u00e9l\u00e9ments d\u00e9coratifs.<br \/>\nFinition de structures d&rsquo;exposition existantes &#8211; \u00e9l\u00e9gantes et sp\u00e9ciales.<br \/>\nMontage et d\u00e9montage sur place par notre \u00e9quipe ou livraison et montage par vos soins.<\/p>\n<p>&nbsp;<\/p>\n<p>En tant que membre du <a href=\"https:\/\/www.rent.group\/fr\/\">Rent.Group<\/a>, nous travaillons en \u00e9troite collaboration avec notre partenaire <a href=\"https:\/\/www.fair.rent\/fr\/\">Fair.Rent<\/a> &#8211; pour des meubles de haute qualit\u00e9, des \u00e9quipements fonctionnels et une image globale coh\u00e9rente provenant d&rsquo;une seule source.[\/vc_column_text][vc_column_text css=\u00a0\u00bb\u00a0\u00bb]<\/p>\n<p style=\"text-align: center;\"><a class=\"custom-btn-white\" href=\"https:\/\/country-concept.lu\/fr\/contact\/\">Demander un conseil sans engagement<\/a><\/p>\n<p>[\/vc_column_text][\/vc_column][vc_column width=\u00a0\u00bb7\/12&Prime; css=\u00a0\u00bb.vc_custom_1753214354673{margin-top: 0px !important;margin-bottom: 0px !important;border-top-width: 0px !important;border-bottom-width: 0px !important;padding-top: 0px !important;padding-bottom: 0px !important;}\u00a0\u00bb offset=\u00a0\u00bbvc_hidden-md vc_hidden-sm vc_hidden-xs\u00a0\u00bb][vc_single_image image=\u00a0\u00bb659&Prime; img_size=\u00a0\u00bbfull\u00a0\u00bb css=\u00a0\u00bb.vc_custom_1753863431585{margin-bottom: 0px !important;}\u00a0\u00bb][\/vc_column][\/vc_row][\/vc_section][vc_section full_width=\u00a0\u00bbstretch_row_content\u00a0\u00bb min_height=\u00a0\u00bb1440&Prime; css=\u00a0\u00bb.vc_custom_1753863558502{margin-top: 0px !important;margin-right: 0px !important;margin-bottom: 0px !important;margin-left: 0px !important;border-top-width: 0px !important;border-right-width: 0px !important;border-bottom-width: 0px !important;border-left-width: 0px !important;padding-top: 0px !important;padding-right: 0px !important;padding-bottom: 0px !important;padding-left: 0px !important;background-position: center !important;background-repeat: no-repeat !important;background-size: cover !important;}\u00a0\u00bb][vc_row full_width=\u00a0\u00bbstretch_row_content_no_spaces\u00a0\u00bb][vc_column width=\u00a0\u00bb1\/2&Prime;][vc_single_image image=\u00a0\u00bb665&Prime; img_size=\u00a0\u00bbfull\u00a0\u00bb alignment=\u00a0\u00bbcenter\u00a0\u00bb css=\u00a0\u00bb\u00a0\u00bb][\/vc_column][vc_column width=\u00a0\u00bb1\/2&Prime;][vc_single_image image=\u00a0\u00bb662&Prime; img_size=\u00a0\u00bbfull\u00a0\u00bb alignment=\u00a0\u00bbcenter\u00a0\u00bb css=\u00a0\u00bb\u00a0\u00bb][\/vc_column][\/vc_row][\/vc_section]<\/p>\n<\/div>","protected":false},"excerpt":{"rendered":"<p>[vc_section css=\u00a0\u00bb.vc_custom_1749124652724{margin-top: 0px !important;margin-bottom: 0px !important;border-top-width: 0px !important;border-bottom-width: 0px !important;padding-top: 0px !important;padding-bottom: 0px !important;}\u00a0\u00bb][vc_row equal_height=\u00a0\u00bbyes\u00a0\u00bb content_placement=\u00a0\u00bbmiddle\u00a0\u00bb css=\u00a0\u00bb.vc_custom_1753185561657{margin-top: 0px !important;margin-bottom: 0px !important;border-top-width: 0px !important;border-bottom-width: 0px !important;padding-top: 0px<span class=\"excerpt-hellip\"> [\u2026]<\/span><\/p>\n","protected":false},"author":1,"featured_media":-1,"parent":0,"menu_order":0,"comment_status":"closed","ping_status":"closed","template":"","meta":{"footnotes":""},"class_list":["post-658","page","type-page","status-publish","has-post-thumbnail","hentry"],"_links":{"self":[{"href":"https:\/\/country-concept.lu\/fr\/wp-json\/wp\/v2\/pages\/658","targetHints":{"allow":["GET"]}}],"collection":[{"href":"https:\/\/country-concept.lu\/fr\/wp-json\/wp\/v2\/pages"}],"about":[{"href":"https:\/\/country-concept.lu\/fr\/wp-json\/wp\/v2\/types\/page"}],"author":[{"embeddable":true,"href":"https:\/\/country-concept.lu\/fr\/wp-json\/wp\/v2\/users\/1"}],"replies":[{"embeddable":true,"href":"https:\/\/country-concept.lu\/fr\/wp-json\/wp\/v2\/comments?post=658"}],"version-history":[{"count":5,"href":"https:\/\/country-concept.lu\/fr\/wp-json\/wp\/v2\/pages\/658\/revisions"}],"predecessor-version":[{"id":692,"href":"https:\/\/country-concept.lu\/fr\/wp-json\/wp\/v2\/pages\/658\/revisions\/692"}],"wp:featuredmedia":[{"embeddable":true,"href":"https:\/\/country-concept.lu\/fr\/wp-json\/"}],"wp:attachment":[{"href":"https:\/\/country-concept.lu\/fr\/wp-json\/wp\/v2\/media?parent=658"}],"curies":[{"name":"wp","href":"https:\/\/api.w.org\/{rel}","templated":true}]}}